{"id":11,"date":"2016-02-18T23:51:47","date_gmt":"2016-02-18T23:51:47","guid":{"rendered":"https:\/\/2016.madrid.wordcamp.org\/location\/"},"modified":"2016-09-27T09:25:02","modified_gmt":"2016-09-27T07:25:02","slug":"ubicacion","status":"publish","type":"page","link":"https:\/\/madrid.wordcamp.org\/2017\/ubicacion\/","title":{"rendered":"Ubicaci\u00f3n"},"content":{"rendered":"<p class=\"jetpack-slideshow-noscript robots-nocontent\">El pase de diapositivas requiere JavaScript.<\/p><div id=\"gallery-11-1-slideshow\" class=\"jetpack-slideshow-window jetpack-slideshow jetpack-slideshow-black\" data-trans=\"fade\" data-autostart=\"1\" data-gallery=\"[{&quot;src&quot;:&quot;https:\\\/\\\/madrid.wordcamp.org\\\/2017\\\/files\\\/2016\\\/02\\\/google-campus-madrid.jpg&quot;,&quot;id&quot;:&quot;105&quot;,&quot;title&quot;:&quot;google campus madrid&quot;,&quot;alt&quot;:&quot;&quot;,&quot;caption&quot;:&quot;&quot;,&quot;itemprop&quot;:&quot;image&quot;},{&quot;src&quot;:&quot;https:\\\/\\\/madrid.wordcamp.org\\\/2017\\\/files\\\/2016\\\/02\\\/campus-madrid.jpg&quot;,&quot;id&quot;:&quot;107&quot;,&quot;title&quot;:&quot;campus-madrid&quot;,&quot;alt&quot;:&quot;&quot;,&quot;caption&quot;:&quot;&quot;,&quot;itemprop&quot;:&quot;image&quot;},{&quot;src&quot;:&quot;https:\\\/\\\/madrid.wordcamp.org\\\/2017\\\/files\\\/2016\\\/02\\\/sillas-google-campus-madrid.jpg&quot;,&quot;id&quot;:&quot;110&quot;,&quot;title&quot;:&quot;sillas google campus madrid&quot;,&quot;alt&quot;:&quot;&quot;,&quot;caption&quot;:&quot;&quot;,&quot;itemprop&quot;:&quot;image&quot;},{&quot;src&quot;:&quot;https:\\\/\\\/madrid.wordcamp.org\\\/2017\\\/files\\\/2016\\\/02\\\/Google-Campus-Madrid-5.jpg&quot;,&quot;id&quot;:&quot;109&quot;,&quot;title&quot;:&quot;Google-Campus-Madrid-5&quot;,&quot;alt&quot;:&quot;&quot;,&quot;caption&quot;:&quot;&quot;,&quot;itemprop&quot;:&quot;image&quot;},{&quot;src&quot;:&quot;https:\\\/\\\/madrid.wordcamp.org\\\/2017\\\/files\\\/2016\\\/02\\\/sala-de-coworking-google-campus-madrid.jpg&quot;,&quot;id&quot;:&quot;103&quot;,&quot;title&quot;:&quot;sala-de-coworking-google-campus-madrid&quot;,&quot;alt&quot;:&quot;&quot;,&quot;caption&quot;:&quot;&quot;,&quot;itemprop&quot;:&quot;image&quot;},{&quot;src&quot;:&quot;https:\\\/\\\/madrid.wordcamp.org\\\/2017\\\/files\\\/2016\\\/02\\\/sala-de-reunion-google-campus-madrid-3.jpg&quot;,&quot;id&quot;:&quot;104&quot;,&quot;title&quot;:&quot;sala-de-reunion-google-campus-madrid-3&quot;,&quot;alt&quot;:&quot;&quot;,&quot;caption&quot;:&quot;&quot;,&quot;itemprop&quot;:&quot;image&quot;},{&quot;src&quot;:&quot;https:\\\/\\\/madrid.wordcamp.org\\\/2017\\\/files\\\/2016\\\/02\\\/google-campus-madrid-4.jpg&quot;,&quot;id&quot;:&quot;108&quot;,&quot;title&quot;:&quot;google-campus-madrid-4&quot;,&quot;alt&quot;:&quot;&quot;,&quot;caption&quot;:&quot;&quot;,&quot;itemprop&quot;:&quot;image&quot;},{&quot;src&quot;:&quot;https:\\\/\\\/madrid.wordcamp.org\\\/2017\\\/files\\\/2016\\\/02\\\/google-campus-madrid-eventos.jpg&quot;,&quot;id&quot;:&quot;102&quot;,&quot;title&quot;:&quot;google-campus-madrid-eventos&quot;,&quot;alt&quot;:&quot;&quot;,&quot;caption&quot;:&quot;&quot;,&quot;itemprop&quot;:&quot;image&quot;},{&quot;src&quot;:&quot;https:\\\/\\\/madrid.wordcamp.org\\\/2017\\\/files\\\/2016\\\/02\\\/google-campus-sala.jpg&quot;,&quot;id&quot;:&quot;101&quot;,&quot;title&quot;:&quot;google campus sala&quot;,&quot;alt&quot;:&quot;&quot;,&quot;caption&quot;:&quot;&quot;,&quot;itemprop&quot;:&quot;image&quot;}]\" itemscope itemtype=\"https:\/\/schema.org\/ImageGallery\"><\/div>\n<p><strong>WordCamp Madrid 2017<\/strong> se celebrar\u00e1 en el <strong><a href=\"https:\/\/www.campus.co\/madrid\/es\">Campus Madrid<\/a><\/strong>, a continuaci\u00f3n tienes toda la informaci\u00f3n de su localizaci\u00f3n y c\u00f3mo llegar.<\/p>\n<h2>Direcci\u00f3n:<\/h2>\n<p>Calle Moreno Nieto, 2, 28005 Madrid<\/p>\n<h2>C\u00f3mo llegar:<\/h2>\n<ul>\n<li>En autob\u00fas: L\u00edneas 36 y 50<\/li>\n<li>En tren: Estaci\u00f3n Madrid Principe P\u00edo &#8211; L\u00edneas C8 y C10<\/li>\n<li>En metro: Principe P\u00edo<\/li>\n<li>En coche: Zona azul (de pago) en toda la zona. Hay parkings cercanos disponibles.<\/li>\n<\/ul>\n<h2>Mapa:<\/h2>\n<div class=\"googlemaps\">\n\t\t\t\t<iframe loading=\"lazy\" width=\"600\" height=\"450\" frameborder=\"0\" scrolling=\"no\" marginheight=\"0\" marginwidth=\"0\"  src=\"https:\/\/www.google.com\/maps\/embed?pb=!1m18!1m12!1m3!1d3037.8389337023223!2d-3.7204464846042176!3d40.41241877936561!2m3!1f0!2f0!3f0!3m2!1i1024!2i768!4f13.1!3m3!1m2!1s0xd422875fe8d546d:0xfc628be71587461f!2sCampus%20Madrid!5e0!3m2!1ses!2sus!4v1472754017591\"><\/iframe>\n\t\t\t<\/div>\n","protected":false},"excerpt":{"rendered":"<p>WordCamp Madrid 2017 se celebrar\u00e1 en el Campus Madrid, a continuaci\u00f3n tienes toda la informaci\u00f3n de su localizaci\u00f3n y c\u00f3mo llegar. Direcci\u00f3n: Calle Moreno Nieto, 2, 28005 Madrid C\u00f3mo llegar: En autob\u00fas: L\u00edneas 36 y 50 En tren: Estaci\u00f3n Madrid &hellip; <a href=\"https:\/\/madrid.wordcamp.org\/2017\/ubicacion\/\">Sigue leyendo <span class=\"assistive-text\">Ubicaci\u00f3n<\/span>  <span class=\"meta-nav\">&rarr;<\/span><\/a><\/p>\n","protected":false},"author":1320655,"featured_media":0,"parent":0,"menu_order":0,"comment_status":"closed","ping_status":"closed","template":"","meta":{"jetpack_post_was_ever_published":false,"footnotes":""},"class_list":["post-11","page","type-page","status-publish","hentry"],"jetpack_sharing_enabled":true,"_links":{"self":[{"href":"https:\/\/madrid.wordcamp.org\/2017\/wp-json\/wp\/v2\/pages\/11","targetHints":{"allow":["GET"]}}],"collection":[{"href":"https:\/\/madrid.wordcamp.org\/2017\/wp-json\/wp\/v2\/pages"}],"about":[{"href":"https:\/\/madrid.wordcamp.org\/2017\/wp-json\/wp\/v2\/types\/page"}],"author":[{"embeddable":true,"href":"https:\/\/madrid.wordcamp.org\/2017\/wp-json\/wp\/v2\/users\/1320655"}],"replies":[{"embeddable":true,"href":"https:\/\/madrid.wordcamp.org\/2017\/wp-json\/wp\/v2\/comments?post=11"}],"version-history":[{"count":4,"href":"https:\/\/madrid.wordcamp.org\/2017\/wp-json\/wp\/v2\/pages\/11\/revisions"}],"predecessor-version":[{"id":4133,"href":"https:\/\/madrid.wordcamp.org\/2017\/wp-json\/wp\/v2\/pages\/11\/revisions\/4133"}],"wp:attachment":[{"href":"https:\/\/madrid.wordcamp.org\/2017\/wp-json\/wp\/v2\/media?parent=11"}],"curies":[{"name":"wp","href":"https:\/\/api.w.org\/{rel}","templated":true}]}}