{"id":12,"date":"2016-02-18T23:51:47","date_gmt":"2016-02-18T22:51:47","guid":{"rendered":"https:\/\/2016.madrid.wordcamp.org\/organizers\/"},"modified":"2016-10-23T21:56:58","modified_gmt":"2016-10-23T19:56:58","slug":"organizadores","status":"publish","type":"page","link":"https:\/\/madrid.wordcamp.org\/2017\/organizadores\/","title":{"rendered":"Organizadores"},"content":{"rendered":"\t<div class=\"wcorg-organizers\">\n\n\t\t\n\t\t\t<div class=\"wcorg-organizer\">\n\t\t\t\t<h2>\u00c1lvaro G\u00f3mez Velasco<\/h2>\n\t\t\t\t<div class=\"wcorg-organizer-description\">\n\t\t\t\t\t\t\t\t\t\t<img alt='' src='https:\/\/secure.gravatar.com\/avatar\/69282acfecde82a10134cd4cf555ce1c8cf4580e2890a7323b75bd085cd9067f?s=100&#038;d=mm&#038;r=g' srcset='https:\/\/secure.gravatar.com\/avatar\/69282acfecde82a10134cd4cf555ce1c8cf4580e2890a7323b75bd085cd9067f?s=200&#038;d=mm&#038;r=g 2x' class='avatar avatar-100 photo' height='100' width='100' \/>\t\t\t\t\t<p><a href=\"https:\/\/www.linkedin.com\/in\/alvaro-g\u00f3mez-velasco-3aa52423\" target=\"_blank\" rel=\"noopener\">Consultor<\/a> y profesor\u00a0de WordPress,\u00a0<a href=\"https:\/\/www.flickr.com\/photos\/mrfoxtalbot\/collections\" target=\"_blank\" rel=\"noopener\">fot\u00f3grafo<\/a>\u00a0frustrado. Despu\u00e9s de pasar unos a\u00f1os por el oscuro mundo del\u00a0<a href=\"http:\/\/mrfoxtalbot.com\/neo2\/\" target=\"_blank\" rel=\"noopener\">Flash<\/a>, en\u00a02009 pongo en marcha\u00a0<a href=\"http:\/\/mrfoxtalbot.com\" target=\"_blank\" rel=\"noopener\">MrFoxTalbot<\/a> y\u00a0desde\u00a02012 trabajo exclusivamente\u00a0con WordPress. \/\u00a0<em>Freelance WordPresss <a href=\"https:\/\/www.linkedin.com\/in\/alvaro-g\u00f3mez-velasco-3aa52423\" target=\"_blank\" rel=\"noopener\">consultant<\/a> and <a href=\"http:\/\/www.mrmarcelschool.com\/Cursos\/28\/wordpress-b-a\" target=\"_blank\" rel=\"noopener\">teacher<\/a> at <a href=\"http:\/\/mrfoxtalbot.com\" target=\"_blank\" rel=\"noopener\">MrFoxTalbot<\/a>.\u00a0I am a\u00a0<a href=\"https:\/\/www.flickr.com\/photos\/mrfoxtalbot\/collections\" target=\"_blank\" rel=\"noopener\">photographer<\/a> who morphed into graphic designer who evolved into a <a href=\"http:\/\/mrfoxtalbot.com\/neo2\/\" target=\"_blank\" rel=\"noopener\">Flash animator<\/a>\u00a0who spawned a WordPress tinker who does too much backend and sysadmin work for his own good. <a href=\"https:\/\/twitter.com\/Mrfoxtalbot\" target=\"_blank\" rel=\"noopener\">@mrfoxtalbot<\/a><\/em><\/p>\n\t\t\t\t<\/div>\n\t\t\t<\/div>\n\n\t\t\n\t\t\t<div class=\"wcorg-organizer\">\n\t\t\t\t<h2>Carlos M. D\u00edaz<\/h2>\n\t\t\t\t<div class=\"wcorg-organizer-description\">\n\t\t\t\t\t\t\t\t\t\t<img alt='' src='https:\/\/secure.gravatar.com\/avatar\/db5db9b0c52eca42dd19bdb0cf32d5ec9737fc2f691631cafb98f6dc749ec063?s=100&#038;d=mm&#038;r=g' srcset='https:\/\/secure.gravatar.com\/avatar\/db5db9b0c52eca42dd19bdb0cf32d5ec9737fc2f691631cafb98f6dc749ec063?s=200&#038;d=mm&#038;r=g 2x' class='avatar avatar-100 photo' height='100' width='100' \/>\t\t\t\t\t<p>Soy licenciado en marketing, llevo m\u00e1s de 20 a\u00f1os trabajando en el mundo de las tecnolog\u00edas. El \u00abaterrizaje\u00bb en el mundo 2.0 forma parte de una evoluci\u00f3n l\u00f3gica. Actualmente trabajo como consultor Freelance y ayudo a peque\u00f1as y medianas empresas a desarrollar sus estrategias de marketing en Internet. Llevo poco en la comunidad de WordPress y mi participaci\u00f3n sobre todo ha sido como asistente a las meetups de Madrid y traduciendo plugins, la mayor\u00eda de ellos relacionados con Genesis Framework.<\/p>\n\t\t\t\t<\/div>\n\t\t\t<\/div>\n\n\t\t\n\t\t\t<div class=\"wcorg-organizer\">\n\t\t\t\t<h2>David Navia<\/h2>\n\t\t\t\t<div class=\"wcorg-organizer-description\">\n\t\t\t\t\t\t\t\t\t\t<img alt='' src='https:\/\/secure.gravatar.com\/avatar\/ea1143d9e9108ff1565aab3efd039105e844db881ff8811bae6e6eef965dc37d?s=100&#038;d=mm&#038;r=g' srcset='https:\/\/secure.gravatar.com\/avatar\/ea1143d9e9108ff1565aab3efd039105e844db881ff8811bae6e6eef965dc37d?s=200&#038;d=mm&#038;r=g 2x' class='avatar avatar-100 photo' height='100' width='100' \/>\t\t\t\t\t<p>Humano y geek. Desarrollador web y WordPress desde 2008, amante del UX y de las interfaces de usuario. Participa activamente en la comunidad WordPress Espa\u00f1a, ya sea evangelizando sobre buenas pr\u00e1cticas, traduciendo plugins, o como ponente en Meetups y WordCamps. Actualmente ejerce de webmaster en Eslang.es y lo puedes seguir en <a href=\"https:\/\/twitter.com\/davidnaviaweb\">@davidnaviaweb<\/a><\/p>\n\t\t\t\t<\/div>\n\t\t\t<\/div>\n\n\t\t\n\t\t\t<div class=\"wcorg-organizer\">\n\t\t\t\t<h2>Carla Saiz<\/h2>\n\t\t\t\t<div class=\"wcorg-organizer-description\">\n\t\t\t\t\t\t\t\t\t\t<img alt='' src='https:\/\/secure.gravatar.com\/avatar\/6a6c57b7cda9c5d04f509e2801de2d806bb3a930900a41b82e18d2654ca2a710?s=100&#038;d=mm&#038;r=g' srcset='https:\/\/secure.gravatar.com\/avatar\/6a6c57b7cda9c5d04f509e2801de2d806bb3a930900a41b82e18d2654ca2a710?s=200&#038;d=mm&#038;r=g 2x' class='avatar avatar-100 photo' height='100' width='100' \/>\t\t\t\t\t<p><a href=\"https:\/\/twitter.com\/LaPeceraDeFiu\" target=\"_blank\">Carla Saiz<\/a> es una ingeniera inform\u00e1tica, aunque podr\u00eda ser veterinaria :), que ense\u00f1a y hace dise\u00f1o web con WordPress. Hace y deshace en base a su Revoluci\u00f3n. Espantada por la rueda del sistema laboral, se dedica a compaginar su trabajo como freelance junto con la ense\u00f1anza dentro del mundo de WordPress.\u00a0Puedes saber m\u00e1s sobre ella en <a href=\"https:\/\/carlasaiz.com\/\">carlasaiz.com<\/a>.<\/p>\n\t\t\t\t<\/div>\n\t\t\t<\/div>\n\n\t\t\n\t\t\t<div class=\"wcorg-organizer\">\n\t\t\t\t<h2>Ignacio Cruz Moreno<\/h2>\n\t\t\t\t<div class=\"wcorg-organizer-description\">\n\t\t\t\t\t\t\t\t\t\t<img alt='' src='https:\/\/secure.gravatar.com\/avatar\/6f532dbf43683c89ef109e0acb8d7bebd8b468636488bad0c2ed280968b3e548?s=100&#038;d=mm&#038;r=g' srcset='https:\/\/secure.gravatar.com\/avatar\/6f532dbf43683c89ef109e0acb8d7bebd8b468636488bad0c2ed280968b3e548?s=200&#038;d=mm&#038;r=g 2x' class='avatar avatar-100 photo' height='100' width='100' \/>\t\t\t\t\t<div class=\"intro\">Ignacio Cruz es desarrollador de plugins en <a href=\"http:\/\/wpmudev.org\/\" target=\"_blank\">WPMUDEV<\/a>.<\/div>\n<div class=\"general\">\n<div class=\"none\">Tambi\u00e9n forma parte del equipo de\u00a0<a href=\"http:\/\/edublogs.org\/\" target=\"_blank\">Edublogs<\/a> y <a href=\"http:\/\/www.campuspress.com\/\" target=\"_blank\">CampusPress<\/a>, una serie de multisitios hechos en WordPress con millones de blogs. Tambi\u00e9n es Core Contributor y educador (cuando puede).<\/div>\n<\/div>\n\t\t\t\t<\/div>\n\t\t\t<\/div>\n\n\t\t\n\t\t\t<div class=\"wcorg-organizer\">\n\t\t\t\t<h2>Mauricio Gelves<\/h2>\n\t\t\t\t<div class=\"wcorg-organizer-description\">\n\t\t\t\t\t\t\t\t\t\t<img alt='' src='https:\/\/secure.gravatar.com\/avatar\/c1e02b78939cfec5683d393e3f8ba7978bf1ed27c084bcba4cc7b414352ae0f4?s=100&#038;d=mm&#038;r=g' srcset='https:\/\/secure.gravatar.com\/avatar\/c1e02b78939cfec5683d393e3f8ba7978bf1ed27c084bcba4cc7b414352ae0f4?s=200&#038;d=mm&#038;r=g 2x' class='avatar avatar-100 photo' height='100' width='100' \/>\t\t\t\t\t<p>Mauricio Gelves es Licenciado en Inform\u00e1tica graduado en la Universidad de Palermo (Buenos Aires, Argentina). Lleva m\u00e1s de 12 a\u00f1os desarrollando todo tipo de ideas en el mundo digital y desde hace unos 5 a\u00f1os se ha volcado de lleno al mundo del Open Source y en especial al mundo WordPress con su proyecto personal <a href=\"http:\/\/maugelves.com\/\" target=\"_blank\">maugelves.com<\/a><\/p>\n\t\t\t\t<\/div>\n\t\t\t<\/div>\n\n\t\t\n\t\t\t<div class=\"wcorg-organizer\">\n\t\t\t\t<h2>F\u00e9lix Zapata<\/h2>\n\t\t\t\t<div class=\"wcorg-organizer-description\">\n\t\t\t\t\t\t\t\t\t\t<img alt='' src='https:\/\/secure.gravatar.com\/avatar\/ca647fda6de7b7e07cb32f5a4c5ca79da2eb418e1d592388f95dd424501c9d5c?s=100&#038;d=mm&#038;r=g' srcset='https:\/\/secure.gravatar.com\/avatar\/ca647fda6de7b7e07cb32f5a4c5ca79da2eb418e1d592388f95dd424501c9d5c?s=200&#038;d=mm&#038;r=g 2x' class='avatar avatar-100 photo' height='100' width='100' \/>\t\t\t\t\t<p>Desde 2001 involucrado en el desarrollo web, y desde el 2004 con la accesibilidad web cuando cayeron en sus manos las WCAG 1.0. Co-organizador de varios meetups locales como WordPress Madrid, Accesibilidad Spain, Angular Madrid y Polymer Madrid. Actualmente trabaja en GFT como desarrollador senior Front End y consultor de accesibilidad web. Aerotranstornado: piloto virtual y controlador a\u00e9reo virtual en la red VATSIM. Su twitter es <a href=\"https:\/\/twitter.com\/felixzapata\">@felixzapata<\/a><\/p>\n\t\t\t\t<\/div>\n\t\t\t<\/div>\n\n\t\t\n\t\t\t<div class=\"wcorg-organizer\">\n\t\t\t\t<h2>Pablo L\u00f3pez<\/h2>\n\t\t\t\t<div class=\"wcorg-organizer-description\">\n\t\t\t\t\t\t\t\t\t\t<img alt='' src='https:\/\/secure.gravatar.com\/avatar\/5bf477e8abd370cae9c026818b5ba5a6b515a8378ce58fa5d620bece014c7ddf?s=100&#038;d=mm&#038;r=g' srcset='https:\/\/secure.gravatar.com\/avatar\/5bf477e8abd370cae9c026818b5ba5a6b515a8378ce58fa5d620bece014c7ddf?s=200&#038;d=mm&#038;r=g 2x' class='avatar avatar-100 photo' height='100' width='100' \/>\t\t\t\t\t<p>En el mundo del desarrollo web desde 2006 y <em>WordPressero<\/em> desde 2011. Defensor de la P may\u00fascula, le\u00a0gusta la optimizaci\u00f3n de los desarrollos y el c\u00f3digo bien indentado. Actualmente trabaja como WordPress Manager en VASS digital y es\u00a0autor del blog <a href=\"https:\/\/www.desarrollowp.com\/\">desarrollowp<\/a> donde comparte noticias, tutoriales, trucos y consejos sobre WordPress.<\/p>\n\t\t\t\t<\/div>\n\t\t\t<\/div>\n\n\t\t\n\t\t\t<div class=\"wcorg-organizer\">\n\t\t\t\t<h2>Fernando Tellado<\/h2>\n\t\t\t\t<div class=\"wcorg-organizer-description\">\n\t\t\t\t\t\t\t\t\t\t<img alt='' src='https:\/\/secure.gravatar.com\/avatar\/6ddc525ae47cdce6c4d632d40ad0ebdfa590fdb36dfca0c85a4cbd5cccaf5351?s=100&#038;d=mm&#038;r=g' srcset='https:\/\/secure.gravatar.com\/avatar\/6ddc525ae47cdce6c4d632d40ad0ebdfa590fdb36dfca0c85a4cbd5cccaf5351?s=200&#038;d=mm&#038;r=g 2x' class='avatar avatar-100 photo' height='100' width='100' \/>\t\t\t\t\t<p>Consultor, divulgador, profesor y miembro activo de la comunidad WordPress. <a href=\"https:\/\/profiles.wordpress.org\/fernandot\">Global Translator Editor\u00a0y administrador de WordPress Espa\u00f1a<\/a>. Creador del blog <a href=\"https:\/\/ayudawp.com\">Ayuda WordPress<\/a>.<\/p>\n\t\t\t\t<\/div>\n\t\t\t<\/div>\n\n\t\t\n\t<\/div><!-- .wcorg-organizers -->\n\t\n","protected":false},"excerpt":{"rendered":"","protected":false},"author":1320655,"featured_media":0,"parent":0,"menu_order":0,"comment_status":"closed","ping_status":"closed","template":"","meta":{"jetpack_post_was_ever_published":false,"footnotes":""},"class_list":["post-12","page","type-page","status-publish","hentry"],"jetpack_sharing_enabled":true,"_links":{"self":[{"href":"https:\/\/madrid.wordcamp.org\/2017\/wp-json\/wp\/v2\/pages\/12","targetHints":{"allow":["GET"]}}],"collection":[{"href":"https:\/\/madrid.wordcamp.org\/2017\/wp-json\/wp\/v2\/pages"}],"about":[{"href":"https:\/\/madrid.wordcamp.org\/2017\/wp-json\/wp\/v2\/types\/page"}],"author":[{"embeddable":true,"href":"https:\/\/madrid.wordcamp.org\/2017\/wp-json\/wp\/v2\/users\/1320655"}],"replies":[{"embeddable":true,"href":"https:\/\/madrid.wordcamp.org\/2017\/wp-json\/wp\/v2\/comments?post=12"}],"version-history":[{"count":1,"href":"https:\/\/madrid.wordcamp.org\/2017\/wp-json\/wp\/v2\/pages\/12\/revisions"}],"predecessor-version":[{"id":49,"href":"https:\/\/madrid.wordcamp.org\/2017\/wp-json\/wp\/v2\/pages\/12\/revisions\/49"}],"wp:attachment":[{"href":"https:\/\/madrid.wordcamp.org\/2017\/wp-json\/wp\/v2\/media?parent=12"}],"curies":[{"name":"wp","href":"https:\/\/api.w.org\/{rel}","templated":true}]}}