{"id":13,"date":"2016-02-18T23:51:47","date_gmt":"2016-02-18T22:51:47","guid":{"rendered":"https:\/\/2016.madrid.wordcamp.org\/?page_id=13"},"modified":"2017-06-22T09:40:04","modified_gmt":"2017-06-22T07:40:04","slug":"entradas","status":"publish","type":"page","link":"https:\/\/madrid.wordcamp.org\/2017\/entradas\/","title":{"rendered":"Entradas"},"content":{"rendered":"<p><strong>Actualizaci\u00f3n 09 de Marzo: \u00a1Entradas agotadas! Todas las entradas para WordCamp Madrid est\u00e1n agotadas a d\u00eda de hoy. \u00a1Much\u00edsimas gracias por vuestro inter\u00e9s, nos vemos all\u00ed!<\/strong><\/p>\n<a href=\"https:\/\/madrid.wordcamp.org\/2017\/entradas\/\">Por favor, ve esta p\u00e1gina en un navegador para hacer una compra o gestionar entradas.<\/a>\n<h3>\u00bfQu\u00e9 incluye la entrada?<\/h3>\n<ul>\n<li>Acceso a las conferencias de la WordCamp (22 de abril).<\/li>\n<li>Acceso al Contributor Day (23 de abril).<\/li>\n<li>Invitaci\u00f3n a la fiesta de la comunidad (22 de abril).<\/li>\n<li>Comida, caf\u00e9 y snacks durante el d\u00eda.<\/li>\n<li>Camiseta y swag de WordCamp Madrid 2017.<\/li>\n<li>Acreditaci\u00f3n personalizada.<\/li>\n<\/ul>\n<h3>Descuentos para estudiantes<\/h3>\n<p>Ofrecemos descuentos del 50% para estudiantes. Para ello, antes de comprar la entrada env\u00edanos a trav\u00e9s del <a href=\"https:\/\/2017.madrid.wordcamp.org\/contactar\/\">formulario de contacto<\/a>\u00a0una foto o escaneo de alg\u00fan documento que acredite tu matr\u00edcula en vigor y te enviaremos un c\u00f3digo para adquirir tu entrada.<\/p>\n<h3>\u00bfEres patrocinador, ponente o voluntario?<\/h3>\n<p>Por favor, contacta con la organizaci\u00f3n antes de adquirir tu entrada.<\/p>\n<h3>C\u00f3digo de Conducta<\/h3>\n<p>Al comprar la entrada, aceptas el <a href=\"https:\/\/2017.madrid.wordcamp.org\/codigo-de-conducta\/\">c\u00f3digo de conducta<\/a> de WordCamp Madrid.<\/p>\n<h3>Condiciones<\/h3>\n<p>Debido a prop\u00f3sitos promocionales y relativos a la comunidad de WordPress, el evento podr\u00eda ser grabado\u00a0por\u00a0voluntarios\u00a0o personal cualificado. Al asistir\u00a0a WordCamp Madrid 2017 consientes que\u00a0tu\u00a0imagen pueda ser usada\u00a0en material multimedia que\u00a0pueden mostrar tu participaci\u00f3n en el evento.<\/p>\n<p>For community-building and promotional purposes, there will be volunteer and\/or professional photographers and videographers at the WordCamp event. By attending the event, you consent to your image being used in resulting photos or videos that may show your participation in the WordCamp<\/p>\n<p>&nbsp;<\/p>\n","protected":false},"excerpt":{"rendered":"<p>Actualizaci\u00f3n 09 de Marzo: \u00a1Entradas agotadas! Todas las entradas para WordCamp Madrid est\u00e1n agotadas a d\u00eda de hoy. \u00a1Much\u00edsimas gracias por vuestro inter\u00e9s, nos vemos all\u00ed! \u00bfQu\u00e9 incluye la entrada? Acceso a las conferencias de la WordCamp (22 de abril). &hellip; <a href=\"https:\/\/madrid.wordcamp.org\/2017\/entradas\/\">Sigue leyendo <span class=\"assistive-text\">Entradas<\/span>  <span class=\"meta-nav\">&rarr;<\/span><\/a><\/p>\n","protected":false},"author":1320655,"featured_media":0,"parent":0,"menu_order":0,"comment_status":"closed","ping_status":"closed","template":"","meta":{"jetpack_post_was_ever_published":false,"footnotes":""},"class_list":["post-13","page","type-page","status-publish","hentry"],"jetpack_sharing_enabled":true,"_links":{"self":[{"href":"https:\/\/madrid.wordcamp.org\/2017\/wp-json\/wp\/v2\/pages\/13","targetHints":{"allow":["GET"]}}],"collection":[{"href":"https:\/\/madrid.wordcamp.org\/2017\/wp-json\/wp\/v2\/pages"}],"about":[{"href":"https:\/\/madrid.wordcamp.org\/2017\/wp-json\/wp\/v2\/types\/page"}],"author":[{"embeddable":true,"href":"https:\/\/madrid.wordcamp.org\/2017\/wp-json\/wp\/v2\/users\/1320655"}],"replies":[{"embeddable":true,"href":"https:\/\/madrid.wordcamp.org\/2017\/wp-json\/wp\/v2\/comments?post=13"}],"version-history":[{"count":16,"href":"https:\/\/madrid.wordcamp.org\/2017\/wp-json\/wp\/v2\/pages\/13\/revisions"}],"predecessor-version":[{"id":2365,"href":"https:\/\/madrid.wordcamp.org\/2017\/wp-json\/wp\/v2\/pages\/13\/revisions\/2365"}],"wp:attachment":[{"href":"https:\/\/madrid.wordcamp.org\/2017\/wp-json\/wp\/v2\/media?parent=13"}],"curies":[{"name":"wp","href":"https:\/\/api.w.org\/{rel}","templated":true}]}}