{"id":11,"date":"2019-11-01T15:22:37","date_gmt":"2019-11-01T15:22:37","guid":{"rendered":"https:\/\/2020.madrid.wordcamp.org\/location\/"},"modified":"2020-02-20T18:01:15","modified_gmt":"2020-02-20T17:01:15","slug":"ubicacion","status":"publish","type":"page","link":"https:\/\/madrid.wordcamp.org\/2020\/ubicacion\/","title":{"rendered":"Ubicaci\u00f3n de #WCMAD"},"content":{"rendered":"\n<p>Queremos que tu experiencia en WordCamp Madrid 2020 sea inolvidable y para ello hemos elegido los mejores locales posibles para el evento.<\/p>\n\n\n\n<p>Y, como ya va siendo habitual, lo celebraremos en el maravilloso y enorme local <a rel=\"noreferrer noopener\" aria-label=\"La Nave de Madrid (abre en una nueva pesta\u00f1a)\" href=\"http:\/\/www.lanavemadrid.com\/\" target=\"_blank\">La Nave de Madrid<\/a>, una absoluta belleza y gozada de sitio.<\/p>\n\n\n\n<p>Es un sitio incre\u00edble, con ampl\u00edsimos espacios, un dise\u00f1o espectacular, f\u00e1ciles accesos, l\u00ednea de metro a 50 metros y aparcamientos libres disponibles en la zona.<\/p>\n\n\n\n<figure class=\"wp-block-gallery columns-3 is-cropped wp-block-gallery-1 is-layout-flex wp-block-gallery-is-layout-flex\"><ul class=\"blocks-gallery-grid\"><li class=\"blocks-gallery-item\"><figure><img loading=\"lazy\" decoding=\"async\" width=\"1024\" height=\"567\" data-attachment-id=\"324\" data-permalink=\"https:\/\/madrid.wordcamp.org\/2020\/ubicacion\/lanave1\/\" data-orig-file=\"https:\/\/madrid.wordcamp.org\/2020\/files\/2020\/02\/lanave1.jpg\" data-orig-size=\"1200,665\" data-comments-opened=\"1\" data-image-meta=\"{&quot;aperture&quot;:&quot;0&quot;,&quot;credit&quot;:&quot;&quot;,&quot;camera&quot;:&quot;&quot;,&quot;caption&quot;:&quot;&quot;,&quot;created_timestamp&quot;:&quot;0&quot;,&quot;copyright&quot;:&quot;&quot;,&quot;focal_length&quot;:&quot;0&quot;,&quot;iso&quot;:&quot;0&quot;,&quot;shutter_speed&quot;:&quot;0&quot;,&quot;title&quot;:&quot;&quot;,&quot;orientation&quot;:&quot;0&quot;}\" data-image-title=\"lanave1\" data-image-description=\"\" data-image-caption=\"\" data-medium-file=\"https:\/\/madrid.wordcamp.org\/2020\/files\/2020\/02\/lanave1-300x166.jpg\" data-large-file=\"https:\/\/madrid.wordcamp.org\/2020\/files\/2020\/02\/lanave1-1024x567.jpg\" src=\"https:\/\/2020.madrid.wordcamp.org\/files\/2020\/02\/lanave1-1024x567.jpg\" alt=\"\" data-id=\"324\" data-full-url=\"https:\/\/2020.madrid.wordcamp.org\/files\/2020\/02\/lanave1.jpg\" data-link=\"https:\/\/2020.madrid.wordcamp.org\/ubicacion\/lanave1\/\" class=\"wp-image-324\" srcset=\"https:\/\/madrid.wordcamp.org\/2020\/files\/2020\/02\/lanave1-1024x567.jpg 1024w, https:\/\/madrid.wordcamp.org\/2020\/files\/2020\/02\/lanave1-300x166.jpg 300w, https:\/\/madrid.wordcamp.org\/2020\/files\/2020\/02\/lanave1-768x426.jpg 768w, https:\/\/madrid.wordcamp.org\/2020\/files\/2020\/02\/lanave1-500x277.jpg 500w, https:\/\/madrid.wordcamp.org\/2020\/files\/2020\/02\/lanave1.jpg 1200w\" sizes=\"auto, (max-width: 1024px) 100vw, 1024px\" \/><\/figure><\/li><li class=\"blocks-gallery-item\"><figure><img loading=\"lazy\" decoding=\"async\" width=\"1024\" height=\"678\" data-attachment-id=\"321\" data-permalink=\"https:\/\/madrid.wordcamp.org\/2020\/ubicacion\/vista-general-la-nave-madrid-open-expo-2018\/\" data-orig-file=\"https:\/\/madrid.wordcamp.org\/2020\/files\/2020\/02\/vista-general-la-nave-madrid-open-expo-2018.png\" data-orig-size=\"1173,777\" data-comments-opened=\"1\" data-image-meta=\"{&quot;aperture&quot;:&quot;0&quot;,&quot;credit&quot;:&quot;&quot;,&quot;camera&quot;:&quot;&quot;,&quot;caption&quot;:&quot;&quot;,&quot;created_timestamp&quot;:&quot;0&quot;,&quot;copyright&quot;:&quot;&quot;,&quot;focal_length&quot;:&quot;0&quot;,&quot;iso&quot;:&quot;0&quot;,&quot;shutter_speed&quot;:&quot;0&quot;,&quot;title&quot;:&quot;&quot;,&quot;orientation&quot;:&quot;0&quot;}\" data-image-title=\"vista-general-la-nave-madrid-open-expo-2018\" data-image-description=\"\" data-image-caption=\"\" data-medium-file=\"https:\/\/madrid.wordcamp.org\/2020\/files\/2020\/02\/vista-general-la-nave-madrid-open-expo-2018-300x199.png\" data-large-file=\"https:\/\/madrid.wordcamp.org\/2020\/files\/2020\/02\/vista-general-la-nave-madrid-open-expo-2018-1024x678.png\" src=\"https:\/\/2020.madrid.wordcamp.org\/files\/2020\/02\/vista-general-la-nave-madrid-open-expo-2018-1024x678.png\" alt=\"\" data-id=\"321\" data-full-url=\"https:\/\/2020.madrid.wordcamp.org\/files\/2020\/02\/vista-general-la-nave-madrid-open-expo-2018.png\" data-link=\"https:\/\/2020.madrid.wordcamp.org\/ubicacion\/vista-general-la-nave-madrid-open-expo-2018\/\" class=\"wp-image-321\" srcset=\"https:\/\/madrid.wordcamp.org\/2020\/files\/2020\/02\/vista-general-la-nave-madrid-open-expo-2018-1024x678.png 1024w, https:\/\/madrid.wordcamp.org\/2020\/files\/2020\/02\/vista-general-la-nave-madrid-open-expo-2018-300x199.png 300w, https:\/\/madrid.wordcamp.org\/2020\/files\/2020\/02\/vista-general-la-nave-madrid-open-expo-2018-768x509.png 768w, https:\/\/madrid.wordcamp.org\/2020\/files\/2020\/02\/vista-general-la-nave-madrid-open-expo-2018-453x300.png 453w, https:\/\/madrid.wordcamp.org\/2020\/files\/2020\/02\/vista-general-la-nave-madrid-open-expo-2018.png 1173w\" sizes=\"auto, (max-width: 1024px) 100vw, 1024px\" \/><\/figure><\/li><li class=\"blocks-gallery-item\"><figure><img loading=\"lazy\" decoding=\"async\" width=\"759\" height=\"507\" data-attachment-id=\"323\" data-permalink=\"https:\/\/madrid.wordcamp.org\/2020\/ubicacion\/nave\/\" data-orig-file=\"https:\/\/madrid.wordcamp.org\/2020\/files\/2020\/02\/nave.jpg\" data-orig-size=\"759,507\" data-comments-opened=\"1\" data-image-meta=\"{&quot;aperture&quot;:&quot;0&quot;,&quot;credit&quot;:&quot;&quot;,&quot;camera&quot;:&quot;&quot;,&quot;caption&quot;:&quot;&quot;,&quot;created_timestamp&quot;:&quot;0&quot;,&quot;copyright&quot;:&quot;&quot;,&quot;focal_length&quot;:&quot;0&quot;,&quot;iso&quot;:&quot;0&quot;,&quot;shutter_speed&quot;:&quot;0&quot;,&quot;title&quot;:&quot;&quot;,&quot;orientation&quot;:&quot;0&quot;}\" data-image-title=\"nave\" data-image-description=\"\" data-image-caption=\"\" data-medium-file=\"https:\/\/madrid.wordcamp.org\/2020\/files\/2020\/02\/nave-300x200.jpg\" data-large-file=\"https:\/\/madrid.wordcamp.org\/2020\/files\/2020\/02\/nave.jpg\" src=\"https:\/\/2020.madrid.wordcamp.org\/files\/2020\/02\/nave.jpg\" alt=\"\" data-id=\"323\" data-full-url=\"https:\/\/2020.madrid.wordcamp.org\/files\/2020\/02\/nave.jpg\" data-link=\"https:\/\/2020.madrid.wordcamp.org\/ubicacion\/nave\/\" class=\"wp-image-323\" srcset=\"https:\/\/madrid.wordcamp.org\/2020\/files\/2020\/02\/nave.jpg 759w, https:\/\/madrid.wordcamp.org\/2020\/files\/2020\/02\/nave-300x200.jpg 300w, https:\/\/madrid.wordcamp.org\/2020\/files\/2020\/02\/nave-449x300.jpg 449w\" sizes=\"auto, (max-width: 759px) 100vw, 759px\" \/><\/figure><\/li><li class=\"blocks-gallery-item\"><figure><img loading=\"lazy\" decoding=\"async\" width=\"1024\" height=\"576\" data-attachment-id=\"322\" data-permalink=\"https:\/\/madrid.wordcamp.org\/2020\/ubicacion\/butacas-track-a\/\" data-orig-file=\"https:\/\/madrid.wordcamp.org\/2020\/files\/2020\/02\/butacas-track-a.jpg\" data-orig-size=\"1280,720\" data-comments-opened=\"1\" data-image-meta=\"{&quot;aperture&quot;:&quot;0&quot;,&quot;credit&quot;:&quot;&quot;,&quot;camera&quot;:&quot;&quot;,&quot;caption&quot;:&quot;&quot;,&quot;created_timestamp&quot;:&quot;0&quot;,&quot;copyright&quot;:&quot;&quot;,&quot;focal_length&quot;:&quot;0&quot;,&quot;iso&quot;:&quot;0&quot;,&quot;shutter_speed&quot;:&quot;0&quot;,&quot;title&quot;:&quot;&quot;,&quot;orientation&quot;:&quot;0&quot;}\" data-image-title=\"butacas-track-a\" data-image-description=\"\" data-image-caption=\"\" data-medium-file=\"https:\/\/madrid.wordcamp.org\/2020\/files\/2020\/02\/butacas-track-a-300x169.jpg\" data-large-file=\"https:\/\/madrid.wordcamp.org\/2020\/files\/2020\/02\/butacas-track-a-1024x576.jpg\" src=\"https:\/\/2020.madrid.wordcamp.org\/files\/2020\/02\/butacas-track-a-1024x576.jpg\" alt=\"\" data-id=\"322\" data-full-url=\"https:\/\/2020.madrid.wordcamp.org\/files\/2020\/02\/butacas-track-a.jpg\" data-link=\"https:\/\/2020.madrid.wordcamp.org\/ubicacion\/butacas-track-a\/\" class=\"wp-image-322\" srcset=\"https:\/\/madrid.wordcamp.org\/2020\/files\/2020\/02\/butacas-track-a-1024x576.jpg 1024w, https:\/\/madrid.wordcamp.org\/2020\/files\/2020\/02\/butacas-track-a-300x169.jpg 300w, https:\/\/madrid.wordcamp.org\/2020\/files\/2020\/02\/butacas-track-a-768x432.jpg 768w, https:\/\/madrid.wordcamp.org\/2020\/files\/2020\/02\/butacas-track-a-500x281.jpg 500w, https:\/\/madrid.wordcamp.org\/2020\/files\/2020\/02\/butacas-track-a-1200x675.jpg 1200w, https:\/\/madrid.wordcamp.org\/2020\/files\/2020\/02\/butacas-track-a.jpg 1280w\" sizes=\"auto, (max-width: 1024px) 100vw, 1024px\" \/><\/figure><\/li><\/ul><\/figure>\n\n\n\n<h3 class=\"wp-block-heading\">Direcci\u00f3n:<\/h3>\n\n\n\n<p>Calle Cifuentes, 5 &#8211; 28021 Madrid<\/p>\n\n\n\n<h3 class=\"wp-block-heading\">C\u00f3mo llegar:<\/h3>\n\n\n\n<ul class=\"wp-block-list\"><li>En autob\u00fas: 59, 79, N13 (en la avenida de Andaluc\u00eda con Alcocer),&nbsp;&nbsp;419, 421, 422, 424, 424, 426, 429, 447, N401, N402 (en calle Santiago Am\u00f3n, 1),&nbsp;18, 22, 116, 130, 432, 448 (en calle Alcocer, 8)<\/li><li>En tren: Estaci\u00f3n Puente Alcocer (C5)<\/li><li>En metro: Villaverde Bajo (L\u00ednea 3)<\/li><li>En coche: Zona libre de estacionamiento regulado. Hay parkings cercanos disponibles.<\/li><\/ul>\n\n\n<div class=\"googlemaps\">\n\t\t\t\t<iframe loading=\"lazy\" width=\"600\" height=\"450\" frameborder=\"0\" scrolling=\"no\" marginheight=\"0\" marginwidth=\"0\"  src=\"https:\/\/www.google.com\/maps\/embed?pb=!1m18!1m12!1m3!1d3040.76181974035!2d-3.6984575843306455!3d40.34762936776254!2m3!1f0!2f0!3f0!3m2!1i1024!2i768!4f13.1!3m3!1m2!1s0xd4226dc58cd06eb:0x4bde2d6a3af40d15!2sCalle%20Cifuentes,%205,%2028021%20Madrid!5e0!3m2!1ses!2ses!4v1512150215010\"><\/iframe>\n\t\t\t<\/div>\n","protected":false},"excerpt":{"rendered":"<p>Queremos que tu experiencia en WordCamp Madrid 2020 sea inolvidable y para ello hemos elegido los mejores locales posibles para el evento. Y, como ya va siendo habitual, lo celebraremos en el maravilloso y enorme local La Nave de Madrid, una absoluta belleza y gozada de sitio. Es un sitio incre\u00edble, con ampl\u00edsimos espacios, un [&hellip;]<\/p>\n","protected":false},"author":1320655,"featured_media":0,"parent":0,"menu_order":0,"comment_status":"closed","ping_status":"closed","template":"","meta":{"jetpack_post_was_ever_published":false,"footnotes":""},"class_list":["post-11","page","type-page","status-publish","hentry"],"jetpack_sharing_enabled":true,"_links":{"self":[{"href":"https:\/\/madrid.wordcamp.org\/2020\/wp-json\/wp\/v2\/pages\/11","targetHints":{"allow":["GET"]}}],"collection":[{"href":"https:\/\/madrid.wordcamp.org\/2020\/wp-json\/wp\/v2\/pages"}],"about":[{"href":"https:\/\/madrid.wordcamp.org\/2020\/wp-json\/wp\/v2\/types\/page"}],"author":[{"embeddable":true,"href":"https:\/\/madrid.wordcamp.org\/2020\/wp-json\/wp\/v2\/users\/1320655"}],"replies":[{"embeddable":true,"href":"https:\/\/madrid.wordcamp.org\/2020\/wp-json\/wp\/v2\/comments?post=11"}],"version-history":[{"count":3,"href":"https:\/\/madrid.wordcamp.org\/2020\/wp-json\/wp\/v2\/pages\/11\/revisions"}],"predecessor-version":[{"id":325,"href":"https:\/\/madrid.wordcamp.org\/2020\/wp-json\/wp\/v2\/pages\/11\/revisions\/325"}],"wp:attachment":[{"href":"https:\/\/madrid.wordcamp.org\/2020\/wp-json\/wp\/v2\/media?parent=11"}],"curies":[{"name":"wp","href":"https:\/\/api.w.org\/{rel}","templated":true}]}}