{"id":12,"date":"2019-11-01T15:22:37","date_gmt":"2019-11-01T15:22:37","guid":{"rendered":"https:\/\/2020.madrid.wordcamp.org\/organizers\/"},"modified":"2020-02-23T09:28:02","modified_gmt":"2020-02-23T08:28:02","slug":"organizadores","status":"publish","type":"page","link":"https:\/\/madrid.wordcamp.org\/2020\/organizadores\/","title":{"rendered":"Organizadores de #WCMAD"},"content":{"rendered":"<ul class=\"wordcamp-block wordcamp-post-list has-layout-list wordcamp-organizers\"><li class=\"wordcamp-post-list__post wordcamp-clearfix\">\n<div class=\"wordcamp-organizer wordcamp-organizers__post slug-ana-cirujano\">\n\t<h3 class=\"wordcamp-block__item-title wordcamp-organizers__title\">Ana Cirujano<\/h3>\n\t\t\t<div class=\"wordcamp-image__avatar-container align-none\">\n\t\t\t<img decoding=\"async\" src=\"https:\/\/secure.gravatar.com\/avatar\/83b21ee2f405251b0d09d91c3b56764b8ef19fd81cae4954dacd1520a7ab26cc?s=150&amp;d=mm&amp;r=g\" alt=\"Avatar de Ana Cirujano\" \/>\t\t<\/div>\n\t\n\t\t\t<div class=\"wordcamp-block__item-content wordcamp-organizers__content is-full\"><p>Dise\u00f1adora visual y de interacci\u00f3n en <a href=\"https:\/\/www.anacirujano.com\/\">anacirujano.com<\/a>, mis especialidades son la tipograf\u00eda responsive, el branding y el desarrollo de proyectos web con WordPress. <\/p>\n<p>Lo cuento todo en <a href=\"https:\/\/unbilleteachattanooga.com\/\">unbilleteachattanooga.com<\/a>.<\/p>\n<\/div>\t<\/div>\n\n<\/li><li class=\"wordcamp-post-list__post wordcamp-clearfix\">\n<div class=\"wordcamp-organizer wordcamp-organizers__post slug-angel-zinsel\">\n\t<h3 class=\"wordcamp-block__item-title wordcamp-organizers__title\">Angel Zinsel<\/h3>\n\t\t\t<div class=\"wordcamp-image__avatar-container align-none\">\n\t\t\t<img decoding=\"async\" src=\"https:\/\/secure.gravatar.com\/avatar\/c67f2b3c1299bd5e3e5bb3f38b25191ca95f572bc9b0c1f96f2bc0a5cbe2ad7c?s=150&amp;d=mm&amp;r=g\" alt=\"Avatar de Angel Zinsel\" \/>\t\t<\/div>\n\t\n\t\t\t<div class=\"wordcamp-block__item-content wordcamp-organizers__content is-full\"><p>Creo y mantengo comunidades vivas. Creo sitios web con WordPress y Elementor para ayudar a otros a cumplir sus objetivos.&nbsp;<\/p>\n<p>Trabajo bajo la marca<a href=\"https:\/\/wpcombo.com\/\"> WordPress Combo<\/a> y soy una quinta parte de<a href=\"https:\/\/elemendas.com\/\"> Elemendas<\/a>.&nbsp;<\/p>\n<p>Co organizo el meetup de<a href=\"https:\/\/www.meetup.com\/es-ES\/Elementor-Madrid\"> Elementor Madrid<\/a> y de<a href=\"https:\/\/www.meetup.com\/es-ES\/Crea-una-web-que-vende\/\"> Crea una web que vende<\/a>. Miembro de<a href=\"https:\/\/parlanchines.com\"> Parlanchines<\/a> y de Agora Speakers.&nbsp;<\/p>\n<p>Viajo cuanto puedo trabajando en remoto y apoyando proyectos solidarios y\/o chulos. Repito este a\u00f1o en WordCamp Madrid.<\/p>\n<\/div>\t<\/div>\n\n<\/li><li class=\"wordcamp-post-list__post wordcamp-clearfix\">\n<div class=\"wordcamp-organizer wordcamp-organizers__post slug-axel-jose-loupias\">\n\t<h3 class=\"wordcamp-block__item-title wordcamp-organizers__title\">Axel Jos\u00e9 Loupias<\/h3>\n\t\t\t<div class=\"wordcamp-image__avatar-container align-none\">\n\t\t\t<img decoding=\"async\" src=\"https:\/\/secure.gravatar.com\/avatar\/76d93b85205423b4f301981ca50b0882110a9c098dfab0c9c912f2fc508fa029?s=150&amp;d=mm&amp;r=g\" alt=\"Avatar de Axel Jos\u00e9 Loupias\" \/>\t\t<\/div>\n\t\n\t\t\t<div class=\"wordcamp-block__item-content wordcamp-organizers__content is-full\"><p>Desarrollador de d\u00eda y &#8230; mago por la noche. <\/p>\n<p>Me encanta la tecnolog\u00eda tanto como perderme en la naturaleza. Intentando aportar mi granito de arena en la comunidad de WordPress.<\/p>\n<p>Coorganizador de la Meetup WP Alcobendas.<\/p>\n<\/div>\t<\/div>\n\n<\/li><li class=\"wordcamp-post-list__post wordcamp-clearfix\">\n<div class=\"wordcamp-organizer wordcamp-organizers__post slug-carla-saiz\">\n\t<h3 class=\"wordcamp-block__item-title wordcamp-organizers__title\">Carla Saiz<\/h3>\n\t\t\t<div class=\"wordcamp-image__avatar-container align-none\">\n\t\t\t<img decoding=\"async\" src=\"https:\/\/secure.gravatar.com\/avatar\/6a6c57b7cda9c5d04f509e2801de2d806bb3a930900a41b82e18d2654ca2a710?s=150&amp;d=mm&amp;r=g\" alt=\"Avatar de Carla Saiz\" \/>\t\t<\/div>\n\t\n\t\t\t<div class=\"wordcamp-block__item-content wordcamp-organizers__content is-full\"><p>Dise\u00f1adora web y profesora de WordPress. Amante de los gatos y de la vida. <\/p>\n<p>Sobrevivir a un c\u00e1ncer de pecho te hace empezar a percibir cada d\u00eda de otra manera; verte como un extraterrestre, te hace cultivar tu amor propio de manera incondicional. <\/p>\n<p>Encantada de formar parte y ayudar a la gente a que den vida a sus proyectos digitales a trav\u00e9s de WordPress, puedes encontrarme en <a href=\"https:\/\/carlasaiz.com\/\" target=\"_blank\" rel=\"noreferrer noopener\" aria-label=\"carlasaiz.com (abre en una nueva pesta\u00f1a)\">carlasaiz.com<\/a><\/p>\n<\/div>\t<\/div>\n\n<\/li><li class=\"wordcamp-post-list__post wordcamp-clearfix\">\n<div class=\"wordcamp-organizer wordcamp-organizers__post slug-carlos-bravo\">\n\t<h3 class=\"wordcamp-block__item-title wordcamp-organizers__title\">Carlos Bravo<\/h3>\n\t\t\t<div class=\"wordcamp-image__avatar-container align-none\">\n\t\t\t<img decoding=\"async\" src=\"https:\/\/secure.gravatar.com\/avatar\/4b66853c11bd212a5e7fc757d5a239131f300e8bbdcce8c4327c63023f8221d3?s=150&amp;d=mm&amp;r=g\" alt=\"Avatar de Carlos Bravo\" \/>\t\t<\/div>\n\t\n\t\t\t<div class=\"wordcamp-block__item-content wordcamp-organizers__content is-full\"><p>Nadador casual, hardcore en echar horas a la consola para conseguir objetos virtuales que no sirven para nada, cada d\u00eda con m\u00e1s experiencia en hacer webs o apps para sobrevivir.<\/p>\n<\/div>\t<\/div>\n\n<\/li><li class=\"wordcamp-post-list__post wordcamp-clearfix\">\n<div class=\"wordcamp-organizer wordcamp-organizers__post slug-carlos-m-diaz\">\n\t<h3 class=\"wordcamp-block__item-title wordcamp-organizers__title\">Carlos M. D\u00edaz<\/h3>\n\t\t\t<div class=\"wordcamp-image__avatar-container align-none\">\n\t\t\t<img decoding=\"async\" src=\"https:\/\/secure.gravatar.com\/avatar\/db5db9b0c52eca42dd19bdb0cf32d5ec9737fc2f691631cafb98f6dc749ec063?s=150&amp;d=mm&amp;r=g\" alt=\"Avatar de Carlos M. D\u00edaz\" \/>\t\t<\/div>\n\t\n\t\t\t<div class=\"wordcamp-block__item-content wordcamp-organizers__content is-full\"><p>Licenciado en marketing con m\u00e1s de 20 a\u00f1os trabajando en el mundo de las tecnolog\u00edas. <\/p>\n<p>Actualmente trabajo como consultor Freelance, me puedes encontrar en <a rel=\"noreferrer noopener\" aria-label=\"https:carlosmdh.es (abre en una nueva pesta\u00f1a)\" href=\"https:carlosmdh.es\" target=\"_blank\">carlosmdh.es<\/a> o buscando <em>@carlosmdh<\/em>.<\/p>\n<\/div>\t<\/div>\n\n<\/li><li class=\"wordcamp-post-list__post wordcamp-clearfix\">\n<div class=\"wordcamp-organizer wordcamp-organizers__post slug-dani-serrano\">\n\t<h3 class=\"wordcamp-block__item-title wordcamp-organizers__title\">Dani Serrano<\/h3>\n\t\t\t<div class=\"wordcamp-image__avatar-container align-none\">\n\t\t\t<img decoding=\"async\" src=\"https:\/\/secure.gravatar.com\/avatar\/5030bf8b34c0a106b8c42f0a20d94091f998912b3561dcdaa1a2e0a6c4d12240?s=150&amp;d=mm&amp;r=g\" alt=\"Avatar de Dani Serrano\" \/>\t\t<\/div>\n\t\n\t\t\t<div class=\"wordcamp-block__item-content wordcamp-organizers__content is-full\"><p>Hago cursos de formaci\u00f3n para que aprendas a crear y gestionar tu sitio web, sin tocar c\u00f3digo y sin conocimientos t\u00e9cnicos previos.<\/p>\n<p>Hago un canal de Youtube y un podcast donde comparto todo lo que s\u00e9 sobre WordPress.<\/p>\n<p>Puedes saber m\u00e1s sobre mi en <a href=\"https:\/\/diccionarioweb.com\" target=\"_blank\" rel=\"noreferrer noopener\" aria-label=\"https:\/\/diccionarioweb.com (abre en una nueva pesta\u00f1a)\">https:\/\/diccionarioweb.com<\/a><\/p>\n<\/div>\t<\/div>\n\n<\/li><li class=\"wordcamp-post-list__post wordcamp-clearfix\">\n<div class=\"wordcamp-organizer wordcamp-organizers__post slug-eva-garcia-gallego\">\n\t<h3 class=\"wordcamp-block__item-title wordcamp-organizers__title\">Eva Garc\u00eda Gallego<\/h3>\n\t\t\t<div class=\"wordcamp-image__avatar-container align-none\">\n\t\t\t<img decoding=\"async\" src=\"https:\/\/secure.gravatar.com\/avatar\/824be62664da32dc013dd8e8580552f65b83c368a5cdb9a10dded648b1820e2d?s=150&amp;d=mm&amp;r=g\" alt=\"Avatar de Eva Garc\u00eda Gallego\" \/>\t\t<\/div>\n\t\n\t\t\t<div class=\"wordcamp-block__item-content wordcamp-organizers__content is-full\"><p>Dietista-nutricionista y consultora de marketing digital para profesionales sanitarios en <a href=\"https:\/\/webdenutris.com\" target=\"_blank\" rel=\"noreferrer noopener\" aria-label=\"webdenutris.com (abre en una nueva pesta\u00f1a)\">webdenutris.com<\/a>. <\/p>\n<p>Filosof\u00eda: solo por diversi\u00f3n.<\/p>\n<\/div>\t<\/div>\n\n<\/li><li class=\"wordcamp-post-list__post wordcamp-clearfix\">\n<div class=\"wordcamp-organizer wordcamp-organizers__post slug-fernando-tellado\">\n\t<h3 class=\"wordcamp-block__item-title wordcamp-organizers__title\">Fernando Tellado<\/h3>\n\t\t\t<div class=\"wordcamp-image__avatar-container align-none\">\n\t\t\t<img decoding=\"async\" src=\"https:\/\/secure.gravatar.com\/avatar\/6ddc525ae47cdce6c4d632d40ad0ebdfa590fdb36dfca0c85a4cbd5cccaf5351?s=150&amp;d=mm&amp;r=g\" alt=\"Avatar de Fernando Tellado\" \/>\t\t<\/div>\n\t\n\t\t\t<div class=\"wordcamp-block__item-content wordcamp-organizers__content is-full\"><p>Consultor, profesor, bloguero, escritor, conferenciante y desarrollador WordPress. <\/p>\n<p>Hace <a href=\"https:\/\/campus.ayudawp.com\">cursos online de WordPress<\/a> y WooCommerce, <a href=\"https:\/\/servicios.ayudawp.com\/tienda\/consultoria-online-wordpress\/\">consultor\u00edas WordPress<\/a> y <a rel=\"noreferrer noopener\" href=\"https:\/\/mantenimiento.ayudawp.com\" target=\"_blank\">mantenimiento web<\/a> especializado en WordPress.<\/p>\n<p>Culpable de <a href=\"https:\/\/ayudawp.com\">AyudaWP.com<\/a>, el blog de referencia en espa\u00f1ol sobre WordPress, y embajador de marca de <a href=\"https:\/\/www.siteground.es\" target=\"_blank\" rel=\"noreferrer noopener\" aria-label=\"SiteGround (abre en una nueva pesta\u00f1a)\">SiteGround<\/a>.<\/p>\n<\/div>\t<\/div>\n\n<\/li><li class=\"wordcamp-post-list__post wordcamp-clearfix\">\n<div class=\"wordcamp-organizer wordcamp-organizers__post slug-gaby-zapata\">\n\t<h3 class=\"wordcamp-block__item-title wordcamp-organizers__title\">Gaby Zapata<\/h3>\n\t\t\t<div class=\"wordcamp-image__avatar-container align-none\">\n\t\t\t<img decoding=\"async\" src=\"https:\/\/secure.gravatar.com\/avatar\/c99dea65faa087f962065d0ec7c36b47dc4dda0ac7feaea75189ecfcd4e478fe?s=150&amp;d=mm&amp;r=g\" alt=\"Avatar de Gaby Zapata\" \/>\t\t<\/div>\n\t\n\t\t\t<div class=\"wordcamp-block__item-content wordcamp-organizers__content is-full\"><p>FrontEnd developer. En mi tiempo libre dise\u00f1o y colaboro como corresponsal y fot\u00f3grafa en <a href=\"https:\/\/crestametalica.com\/\" target=\"_blank\" rel=\"noreferrer noopener\" aria-label=\" (abre en una nueva pesta\u00f1a)\">Cresta Metalica<\/a>. Disfruto aprender y asistir a eventos culturales, tecnolog\u00eda y dise\u00f1o.<\/p>\n<p>Puedes ver algunos de mis trabajos en<a href=\"http:\/\/gabrielazapata.com\/\" target=\"_blank\" rel=\"noreferrer noopener\" aria-label=\" (abre en una nueva pesta\u00f1a)\"> gabrielazapata.com<\/a> y ponerte en contacto conmigo a trav\u00e9s de<a href=\"https:\/\/es.linkedin.com\/in\/thegabyzapata\" target=\"_blank\" rel=\"noreferrer noopener\" aria-label=\" (abre en una nueva pesta\u00f1a)\"> LinkedIn<\/a>, <a href=\"https:\/\/www.facebook.com\/thegabyzapata\/\" target=\"_blank\" rel=\"noreferrer noopener\" aria-label=\" (abre en una nueva pesta\u00f1a)\">Facebook<\/a> y<a href=\"https:\/\/twitter.com\/thegabyzapata\" target=\"_blank\" rel=\"noreferrer noopener\" aria-label=\" (abre en una nueva pesta\u00f1a)\"> Twitter<\/a><\/p>\n<\/div>\t<\/div>\n\n<\/li><li class=\"wordcamp-post-list__post wordcamp-clearfix\">\n<div class=\"wordcamp-organizer wordcamp-organizers__post slug-jaime-garmar\">\n\t<h3 class=\"wordcamp-block__item-title wordcamp-organizers__title\">Jaime G\u00e1rmar<\/h3>\n\t\t\t<div class=\"wordcamp-image__avatar-container align-none\">\n\t\t\t<img decoding=\"async\" src=\"https:\/\/secure.gravatar.com\/avatar\/a5ce95962f7fd6d98d088308b7ad6c123bc9ee0058f30c218d76a6db71d4eab9?s=150&amp;d=mm&amp;r=g\" alt=\"Avatar de Jaime G\u00e1rmar\" \/>\t\t<\/div>\n\t\n\t\t\t<div class=\"wordcamp-block__item-content wordcamp-organizers__content is-full\"><p>Asesor de proyectos online en <a href=\"https:\/\/www.destaca.es\/\">Destaca.es<\/a> . <\/p>\n<p>Productor del podcast <a href=\"https:\/\/clubwpress.com\/\">ClubWPress.com<\/a>, entrevistas a profesionales de WordPress, Marketing Online y emprendimiento junto a recomendaciones que puede necesitar un emprendedor o peque\u00f1a empresa para iniciar o mejorar su proyecto online.<\/p>\n<\/div>\t<\/div>\n\n<\/li><li class=\"wordcamp-post-list__post wordcamp-clearfix\">\n<div class=\"wordcamp-organizer wordcamp-organizers__post slug-jose-angel-vidania\">\n\t<h3 class=\"wordcamp-block__item-title wordcamp-organizers__title\">Jos\u00e9 \u00c1ngel Vidania<\/h3>\n\t\t\t<div class=\"wordcamp-image__avatar-container align-none\">\n\t\t\t<img decoding=\"async\" src=\"https:\/\/secure.gravatar.com\/avatar\/1134e9f78832fe664fccb5e96105ea312d066d1ecaf6e102764b75c7965545b0?s=150&amp;d=mm&amp;r=g\" alt=\"Avatar de Jos\u00e9 \u00c1ngel Vidania\" \/>\t\t<\/div>\n\t\n\t\t\t<div class=\"wordcamp-block__item-content wordcamp-organizers__content is-full\"><p>Dise\u00f1ador web freelance de Alcal\u00e1 de Henares que lleva utilizando WordPress como herramienta de trabajo desde finales de 2005 bajo la denominaci\u00f3n VdeVidania en <a rel=\"noreferrer noopener\" target=\"_blank\" href=\"https:\/\/slack-redir.net\/link?url=http%3A%2F%2Fwww.vdevidania.com\">www.vdevidania.com<\/a> Formador de cursos presenciales y online de HTML, CSS, JS, WordPress y WooCommerce.<\/p>\n<p>Si te interesa saber algo m\u00e1s sobre m\u00ed, puedes seguirme en twitter en @JAVidania<\/p>\n<\/div>\t<\/div>\n\n<\/li><li class=\"wordcamp-post-list__post wordcamp-clearfix\">\n<div class=\"wordcamp-organizer wordcamp-organizers__post slug-juan-manuel-civico-cabrera\">\n\t<h3 class=\"wordcamp-block__item-title wordcamp-organizers__title\">Juan Manuel Civico Cabrera<\/h3>\n\t\t\t<div class=\"wordcamp-image__avatar-container align-none\">\n\t\t\t<img decoding=\"async\" src=\"https:\/\/secure.gravatar.com\/avatar\/5ee2ea46ac56655b8c09d00c492d7bb49176205633a27ae1a8e41c4394723bc8?s=150&amp;d=mm&amp;r=g\" alt=\"Avatar de Juan Manuel Civico Cabrera\" \/>\t\t<\/div>\n\t\n\t\t\t<div class=\"wordcamp-block__item-content wordcamp-organizers__content is-full\"><p>Desarrollador de plugins y temas para WordPress. <\/p>\n<p>Me encanta pasar las horas muertas entre juegos de mesa, piezas de LEGO, la tecnolog\u00eda, de ruta con mi moto o tocando mi tambor. <\/p>\n<p>Vis\u00edtame en <a href=\"http:\/\/www.juanmacivico87.com\" target=\"_blank\" rel=\"noreferrer noopener\" aria-label=\"www.juanmacivico87.com (abre en una nueva pesta\u00f1a)\">www.juanmacivico87.com<\/a><\/p>\n<\/div>\t<\/div>\n\n<\/li><li class=\"wordcamp-post-list__post wordcamp-clearfix\">\n<div class=\"wordcamp-organizer wordcamp-organizers__post slug-julio-hector-loupias\">\n\t<h3 class=\"wordcamp-block__item-title wordcamp-organizers__title\">Julio H\u00e9ctor Loupias<\/h3>\n\t\t\t<div class=\"wordcamp-image__avatar-container align-none\">\n\t\t\t<img decoding=\"async\" src=\"https:\/\/secure.gravatar.com\/avatar\/9e2ab657895208e30e682559b27fa86bb88645c306905323e29fe1ea45c409b0?s=150&amp;d=mm&amp;r=g\" alt=\"Avatar de Julio H\u00e9ctor Loupias\" \/>\t\t<\/div>\n\t\n\t\t\t<div class=\"wordcamp-block__item-content wordcamp-organizers__content is-full\"><p>Implementador WordPress. A partir del del 2016 comenc\u00e9 a utilizar WordPress de forma profesional y me inclino especialmente en la utilizaci\u00f3n de Divi. Actualmente tengo en un emprendimiento familiar&nbsp; <a href=\"https:\/\/www.suconsultor.es\">https:\/\/www.suconsultor.es<\/a> Me puedes ver corriendo por el parque Andaluc\u00eda de Alcobendas o coorganizador los meetup de WordPress Alcobendas y Divi Madrid<\/p>\n<p><a href=\"mailto:julio.loupias@suconsultor.es\">julio.loupias@suconsultor.es<\/a> 669564996 @ameuronet&nbsp;&nbsp;Linkedin: <a href=\"https:\/\/www.linkedin.com\/in\/julioloupiaslara\/\">https:\/\/www.linkedin.com\/in\/julioloupiaslara\/<\/a><\/p>\n<\/div>\t<\/div>\n\n<\/li><li class=\"wordcamp-post-list__post wordcamp-clearfix\">\n<div class=\"wordcamp-organizer wordcamp-organizers__post slug-monica-gastiasoro\">\n\t<h3 class=\"wordcamp-block__item-title wordcamp-organizers__title\">M\u00f3nica Gastiasoro<\/h3>\n\t\t\t<div class=\"wordcamp-image__avatar-container align-none\">\n\t\t\t<img decoding=\"async\" src=\"https:\/\/secure.gravatar.com\/avatar\/c3f021f085b22822ae4a060389459fa94ee22f27633ee5672c2f46ea558f6f6c?s=150&amp;d=mm&amp;r=g\" alt=\"Avatar de M\u00f3nica Gastiasoro\" \/>\t\t<\/div>\n\t\n\t\t\t<div class=\"wordcamp-block__item-content wordcamp-organizers__content is-full\"><p>Implementadora de WordPress, docente inform\u00e1tica y eterna estudiante. M\u00e1s curiosa que un gato y firme defensora de la tortilla de patata con cebolla. <\/p>\n<p>Me encuentras fijo en <a href=\"https:\/\/aulatecnologica.com\">https:\/\/aulatecnologica.com<\/a> o dibujando garabatos por ah\u00ed \ud83d\ude09<\/p>\n<\/div>\t<\/div>\n\n<\/li><li class=\"wordcamp-post-list__post wordcamp-clearfix\">\n<div class=\"wordcamp-organizer wordcamp-organizers__post slug-sonia-ruiz\">\n\t<h3 class=\"wordcamp-block__item-title wordcamp-organizers__title\">Sonia Ruiz<\/h3>\n\t\t\t<div class=\"wordcamp-image__avatar-container align-none\">\n\t\t\t<img decoding=\"async\" src=\"https:\/\/secure.gravatar.com\/avatar\/a60922da3b1664b94acbf829e600617dc6e10f56897ff3299427874a9e971eff?s=150&amp;d=mm&amp;r=g\" alt=\"Avatar de Sonia Ruiz\" \/>\t\t<\/div>\n\t\n\t\t\t<div class=\"wordcamp-block__item-content wordcamp-organizers__content is-full\"><p>Soy una developer enamorada del front y de todo lo que puede llegar a construir en la web. <\/p>\n<p>Tambi\u00e9n me encanta colaborar con la comunidad tecnol\u00f3gica siempre que puedo, as\u00ed que es f\u00e1cil verme como ponente, voluntaria o incluso organizadora de alg\u00fan sarao \ud83d\ude09 <\/p>\n<p>Adem\u00e1s de programar tambi\u00e9n me encantan los videojuegos, y mi saga favorita es Monkey Island. \ud83d\udc12<\/p>\n<\/div>\t<\/div>\n\n<\/li><\/ul>","protected":false},"excerpt":{"rendered":"","protected":false},"author":1320655,"featured_media":0,"parent":0,"menu_order":0,"comment_status":"closed","ping_status":"closed","template":"","meta":{"jetpack_post_was_ever_published":false,"footnotes":""},"class_list":["post-12","page","type-page","status-publish","hentry"],"jetpack_sharing_enabled":false,"_links":{"self":[{"href":"https:\/\/madrid.wordcamp.org\/2020\/wp-json\/wp\/v2\/pages\/12","targetHints":{"allow":["GET"]}}],"collection":[{"href":"https:\/\/madrid.wordcamp.org\/2020\/wp-json\/wp\/v2\/pages"}],"about":[{"href":"https:\/\/madrid.wordcamp.org\/2020\/wp-json\/wp\/v2\/types\/page"}],"author":[{"embeddable":true,"href":"https:\/\/madrid.wordcamp.org\/2020\/wp-json\/wp\/v2\/users\/1320655"}],"replies":[{"embeddable":true,"href":"https:\/\/madrid.wordcamp.org\/2020\/wp-json\/wp\/v2\/comments?post=12"}],"version-history":[{"count":3,"href":"https:\/\/madrid.wordcamp.org\/2020\/wp-json\/wp\/v2\/pages\/12\/revisions"}],"predecessor-version":[{"id":579,"href":"https:\/\/madrid.wordcamp.org\/2020\/wp-json\/wp\/v2\/pages\/12\/revisions\/579"}],"wp:attachment":[{"href":"https:\/\/madrid.wordcamp.org\/2020\/wp-json\/wp\/v2\/media?parent=12"}],"curies":[{"name":"wp","href":"https:\/\/api.w.org\/{rel}","templated":true}]}}