{"id":137,"date":"2019-12-27T16:55:57","date_gmt":"2019-12-27T15:55:57","guid":{"rendered":"https:\/\/2020.madrid.wordcamp.org\/?page_id=137"},"modified":"2020-03-13T15:39:48","modified_gmt":"2020-03-13T14:39:48","slug":"wordcamp-madrid-2020","status":"publish","type":"page","link":"https:\/\/madrid.wordcamp.org\/2020\/","title":{"rendered":"Home"},"content":{"rendered":"\n<section class=\"hero\">\n  <div class=\"floating-icons\">\n    <span class=\"icon\"><\/span>\n    <span class=\"icon\"><\/span>\n    <span class=\"icon\"><\/span>\n    <span class=\"icon\"><\/span>\n    <span class=\"icon\"><\/span>\n    <span class=\"icon\"><\/span>\n  <\/div>\n  <img decoding=\"async\" src=\"https:\/\/2020.madrid.wordcamp.org\/files\/2020\/01\/wordcamp-madrid-2020.png\" alt=\"WordCamp Madrid 2020\">\n<p><del>9 y 10 de mayo<\/del> <strong>Aplazado<\/strong> \ud83d\ude41 Pendiente de confirmar nueva fecha<\/p>\n<\/section>\n\n\n\n<div class=\"wp-block-group alignwide wcmad-columns\"><div class=\"wp-block-group__inner-container is-layout-flow wp-block-group-is-layout-flow\">\n<div class=\"wp-block-media-text alignwide is-stacked-on-mobile\"><figure class=\"wp-block-media-text__media\"><img loading=\"lazy\" decoding=\"async\" width=\"1024\" height=\"656\" data-attachment-id=\"517\" data-permalink=\"https:\/\/madrid.wordcamp.org\/2020\/wordcamp-madrid-2020\/foto-grupo-wcmadrid\/\" data-orig-file=\"https:\/\/madrid.wordcamp.org\/2020\/files\/2020\/02\/foto-grupo-wcmadrid.jpeg\" data-orig-size=\"1272,815\" data-comments-opened=\"1\" data-image-meta=\"{&quot;aperture&quot;:&quot;0&quot;,&quot;credit&quot;:&quot;&quot;,&quot;camera&quot;:&quot;&quot;,&quot;caption&quot;:&quot;&quot;,&quot;created_timestamp&quot;:&quot;0&quot;,&quot;copyright&quot;:&quot;&quot;,&quot;focal_length&quot;:&quot;0&quot;,&quot;iso&quot;:&quot;0&quot;,&quot;shutter_speed&quot;:&quot;0&quot;,&quot;title&quot;:&quot;&quot;,&quot;orientation&quot;:&quot;0&quot;}\" data-image-title=\"Foto de grupo de WordCamp Madrid\" data-image-description=\"\" data-image-caption=\"\" data-medium-file=\"https:\/\/madrid.wordcamp.org\/2020\/files\/2020\/02\/foto-grupo-wcmadrid-300x192.jpeg\" data-large-file=\"https:\/\/madrid.wordcamp.org\/2020\/files\/2020\/02\/foto-grupo-wcmadrid-1024x656.jpeg\" src=\"https:\/\/2020.madrid.wordcamp.org\/files\/2020\/02\/foto-grupo-wcmadrid-1024x656.jpeg\" alt=\"Foto de grupo de WordCamp Madrid\" class=\"wp-image-517\" srcset=\"https:\/\/madrid.wordcamp.org\/2020\/files\/2020\/02\/foto-grupo-wcmadrid-1024x656.jpeg 1024w, https:\/\/madrid.wordcamp.org\/2020\/files\/2020\/02\/foto-grupo-wcmadrid-300x192.jpeg 300w, https:\/\/madrid.wordcamp.org\/2020\/files\/2020\/02\/foto-grupo-wcmadrid-768x492.jpeg 768w, https:\/\/madrid.wordcamp.org\/2020\/files\/2020\/02\/foto-grupo-wcmadrid-468x300.jpeg 468w, https:\/\/madrid.wordcamp.org\/2020\/files\/2020\/02\/foto-grupo-wcmadrid-1200x769.jpeg 1200w, https:\/\/madrid.wordcamp.org\/2020\/files\/2020\/02\/foto-grupo-wcmadrid.jpeg 1272w\" sizes=\"auto, (max-width: 1024px) 100vw, 1024px\" \/><\/figure><div class=\"wp-block-media-text__content\">\n<h1>WordCamp Madrid 2020<\/h1>\n\n\n\n<p>\u00a1Llega la cuarta edici\u00f3n de #WCMAD! El mayor evento WordPress del a\u00f1o en Espa\u00f1a. Tendremos ponencias y talleres con los mejores profesionales del sector; tecnolog\u00eda e innovaci\u00f3n en un entorno abierto y enriquecedor. Si quieres aprender, conocer gente nueva, dar un abrazo a los de siempre y disfrutar de dos d\u00edas de WordPress, \u00e9ste es tu evento. \u00a1Te esperamos!<\/p>\n\n\n\n<div class=\"wp-block-button\"><a class=\"wp-block-button__link\" href=\"https:\/\/2020.madrid.wordcamp.org\/entradas\/\">\u00a1COMPRA TU ENTRADA!<\/a><\/div>\n<\/div><\/div>\n<\/div><\/div>\n\n\n\n<h2 class=\"has-text-align-center wp-block-heading\">\u00daltimas noticias<\/h2>\n\n\n<ul class=\"wp-block-latest-posts__list alignwide wcmad-lastposts wp-block-latest-posts\"><li><a class=\"wp-block-latest-posts__post-title\" href=\"https:\/\/madrid.wordcamp.org\/2020\/wordcamp-aplazada\/\">Comunicado oficial: #WCMAD aplazada<\/a><div class=\"wp-block-latest-posts__post-excerpt\">Durante las organizaciones de las WordCamps, a veces, hay decisiones dif\u00edciles de tomar pero esta es una de las m\u00e1s complicadas.<\/div><\/li>\n<li><a class=\"wp-block-latest-posts__post-title\" href=\"https:\/\/madrid.wordcamp.org\/2020\/hello-world\/\">\u00a1Hola!<\/a><div class=\"wp-block-latest-posts__post-excerpt\">WordCamp Madrid est\u00e1 a\u00fan en fase de preparaci\u00f3n. Pero no te relajes, vuelve pronto, habr\u00e1 muchas novedades sobre el mayor\u2026 <a class=\"wp-block-latest-posts__read-more\" href=\"https:\/\/madrid.wordcamp.org\/2020\/hello-world\/\" rel=\"noopener noreferrer\">Read more<span class=\"screen-reader-text\">: \u00a1Hola!<\/span><\/a><\/div><\/li>\n<\/ul>","protected":false},"excerpt":{"rendered":"<p>9 y 10 de mayo Aplazado \ud83d\ude41 Pendiente de confirmar nueva fecha WordCamp Madrid 2020 \u00a1Llega la cuarta edici\u00f3n de #WCMAD! El mayor evento WordPress del a\u00f1o en Espa\u00f1a. Tendremos ponencias y talleres con los mejores profesionales del sector; tecnolog\u00eda e innovaci\u00f3n en un entorno abierto y enriquecedor. Si quieres aprender, conocer gente nueva, dar [&hellip;]<\/p>\n","protected":false},"author":16965113,"featured_media":0,"parent":0,"menu_order":0,"comment_status":"closed","ping_status":"closed","template":"","meta":{"jetpack_post_was_ever_published":false,"footnotes":""},"class_list":["post-137","page","type-page","status-publish","hentry"],"jetpack_sharing_enabled":true,"_links":{"self":[{"href":"https:\/\/madrid.wordcamp.org\/2020\/wp-json\/wp\/v2\/pages\/137","targetHints":{"allow":["GET"]}}],"collection":[{"href":"https:\/\/madrid.wordcamp.org\/2020\/wp-json\/wp\/v2\/pages"}],"about":[{"href":"https:\/\/madrid.wordcamp.org\/2020\/wp-json\/wp\/v2\/types\/page"}],"author":[{"embeddable":true,"href":"https:\/\/madrid.wordcamp.org\/2020\/wp-json\/wp\/v2\/users\/16965113"}],"replies":[{"embeddable":true,"href":"https:\/\/madrid.wordcamp.org\/2020\/wp-json\/wp\/v2\/comments?post=137"}],"version-history":[{"count":21,"href":"https:\/\/madrid.wordcamp.org\/2020\/wp-json\/wp\/v2\/pages\/137\/revisions"}],"predecessor-version":[{"id":1036,"href":"https:\/\/madrid.wordcamp.org\/2020\/wp-json\/wp\/v2\/pages\/137\/revisions\/1036"}],"wp:attachment":[{"href":"https:\/\/madrid.wordcamp.org\/2020\/wp-json\/wp\/v2\/media?parent=137"}],"curies":[{"name":"wp","href":"https:\/\/api.w.org\/{rel}","templated":true}]}}