{"id":19,"date":"2019-11-01T15:22:37","date_gmt":"2019-11-01T15:22:37","guid":{"rendered":"https:\/\/2020.madrid.wordcamp.org\/code-of-conduct\/"},"modified":"2020-01-30T11:26:47","modified_gmt":"2020-01-30T10:26:47","slug":"codigo-de-conducta","status":"publish","type":"page","link":"https:\/\/madrid.wordcamp.org\/2020\/codigo-de-conducta\/","title":{"rendered":"C\u00f3digo de conducta"},"content":{"rendered":"\n<h2 class=\"wp-block-heading\">PROP\u00d3SITO<\/h2>\n\n\n\n<p><strong>WordCamp Madrid<\/strong>&nbsp;cree en una&nbsp;<strong>comunidad abierta<\/strong>&nbsp;a todo el mundo. Como tal, estamos comprometidos a proporcionar un<strong>&nbsp;ambiente amigable, seguro y acogedor<\/strong>&nbsp;para todos independientemente de su sexo, orientaci\u00f3n sexual, discapacidad, etnia, religi\u00f3n, sistema operativo preferido, lenguaje de programaci\u00f3n o editor de texto.<\/p>\n\n\n\n<p>Este c\u00f3digo de conducta resume nuestras expectativas para el&nbsp;<strong>comportamiento de los participantes<\/strong>, as\u00ed como las consecuencias para el comportamiento inaceptable.<\/p>\n\n\n\n<p>Instamos a todos los patrocinadores, voluntarios, ponentes, asistentes y otros participantes a que ayuden a tener una experiencia de evento segura y agradable para todos.<\/p>\n\n\n\n<h2 class=\"wp-block-heading\">CIUDADAN\u00cdA OPEN SOURCE<\/h2>\n\n\n\n<p>Un objetivo adicional de este c\u00f3digo de conducta es&nbsp;<strong>ampliar la ciudadan\u00eda de c\u00f3digo abierto<\/strong>&nbsp;alentando a los participantes a reconocer y fortalecer las relaciones entre lo que hacemos y&nbsp;<strong>la comunidad<\/strong>&nbsp;en general.<\/p>\n\n\n\n<p>Con este objetivo, los organizadores de&nbsp;<strong>WordCamp Madrid&nbsp;<\/strong>recoger\u00e1n candidaturas de personas ejemplares a lo largo de todo el evento y reconocer\u00e1n a selectos participantes despu\u00e9s de la conferencia en la web.<\/p>\n\n\n\n<p>Si ves a alguien que est\u00e1 haciendo un esfuerzo extra para asegurar que nuestra comunidad resulte acogedora, amable, y que anime a todos los participantes a contribuir en la mayor medida posible, lo queremos saber.<\/p>\n\n\n\n<p>Puedes nominar a alguien en la mesa de registro o dici\u00e9ndolo a alg\u00fan miembro de la organizaci\u00f3n.<\/p>\n\n\n\n<h2 class=\"wp-block-heading\">COMPORTAMIENTO ESPERADO<\/h2>\n\n\n\n<ul class=\"wp-block-list\"><li>Ser considerado, respetuoso y colaborativo.<\/li><li>Abstenerse de comportamiento degradante, discriminatorio o de acoso.<\/li><li><strong>Ser consciente del entorno y de tus compa\u00f1eros participantes. Alerta a los organizadores si observas una situaci\u00f3n peligrosa o alguien en apuros.<\/strong><\/li><li>Participa de una manera aut\u00e9ntica y activa. Al hacerlo, est\u00e1s ayudando a que&nbsp;<strong>WordCamp Madrid&nbsp;<\/strong>sea una realidad.<\/li><\/ul>\n\n\n\n<h2 class=\"wp-block-heading\">COMPORTAMIENTO INACEPTABLE<\/h2>\n\n\n\n<p>Como comportamientos inaceptables se incluyen: intimidatorio, acosador, abusivo, conducta discriminatoria, despectiva o degradante por cualquier asistente de WordCamp Madrid y eventos relacionados.<\/p>\n\n\n\n<p>El lugar donde se realiza&nbsp;<strong>WordCamp Madrid<\/strong>&nbsp;es un lugar p\u00fablico y puede ser compartido con otros visitantes; por favor, s\u00e9 respetuoso con todos los visitantes de este lugar y con el propio entorno.<\/p>\n\n\n\n<p>El acoso incluye: comentarios verbales ofensivos relacionados con el g\u00e9nero, la orientaci\u00f3n sexual, la raza, la religi\u00f3n, la discapacidad; uso inadecuado de desnudez y\/o im\u00e1genes sexuales en espacios p\u00fablicos (incluyendo diapositivas de la presentaci\u00f3n); intimidaci\u00f3n deliberada, acecho o acoso con fotograf\u00eda o grabaci\u00f3n; interrupci\u00f3n sostenida de charlas y otros eventos; contacto f\u00edsico inapropiado y atenci\u00f3n sexual no deseada.<\/p>\n\n\n\n<h2 class=\"wp-block-heading\">CONSECUENCIAS DE UN COMPORTAMIENTO INACEPTABLE<\/h2>\n\n\n\n<p>El comportamiento inaceptable no ser\u00e1 tolerado. Ya sea por parte de los asistentes, organizadores, personal local, patrocinadores u otros participantes en<strong>&nbsp;WordCamp Madrid.<\/strong><\/p>\n\n\n\n<p>Se espera que cualquiera cumpla inmediatamente en caso de que se le llame la atenci\u00f3n por un comportamiento inaceptable.<\/p>\n\n\n\n<p>Si un participante se involucra en una conducta inaceptable, los organizadores de la conferencia pueden tomar cualquier acci\u00f3n que consideren apropiada, incluso la expulsi\u00f3n de la conferencia sin previo aviso o reembolso si fuera necesario.<\/p>\n\n\n\n<h2 class=\"wp-block-heading\">\u00bfQU\u00c9 HACER SI ERES TESTIGO U OBJETO DE UN COMPORTAMIENTO INACEPTABLE?<\/h2>\n\n\n\n<p>Si est\u00e1s involucrado en un comportamiento inaceptable, eres testigo de otra persona con dicho comportamiento o tienes otras preocupaciones, por favor notif\u00edcalo a un organizador de la conferencia tan pronto como sea posible.<\/p>\n\n\n\n<p>El equipo de&nbsp;<strong>WordCamp Madrid&nbsp;<\/strong>estar\u00e1 disponible para ayudar a los participantes de contactos de seguridad local o para ofrecer cualquier tipo de ayuda a aquellos que experimentan un comportamiento inaceptable.<\/p>\n\n\n\n<p>Durante el evento, los voluntarios vestir\u00e1n diferente al resto de asistentes. Cualquier voluntario puede ponerse en contacto con un organizador de la conferencia. Tambi\u00e9n puede venir a la mesa de inscripci\u00f3n en el vest\u00edbulo y preguntar por los organizadores.<\/p>\n\n\n\n<h2 class=\"wp-block-heading\">\u00c1MBITO DE APLICACI\u00d3N<\/h2>\n\n\n\n<p>Esperamos que todos los participantes de la conferencia (patrocinadores, voluntarios, ponentes, asistentes y otros invitados) cumplan con el c\u00f3digo de conducta en todas las salas de conferencias y eventos relacionados con la conferencia.<\/p>\n\n\n\n<h2 class=\"wp-block-heading\">INFORMACI\u00d3N DE CONTACTO<\/h2>\n\n\n\n<p>Si te ves en la necesidad de contactar con nosotros, <a href=\"https:\/\/2020.madrid.wordcamp.org\/contact\/\">esta p\u00e1gina<\/a> tiene toda la informaci\u00f3n necesaria.<\/p>\n\n\n\n<h2 class=\"wp-block-heading\">LICENCIA Y ATRIBUCI\u00d3N<\/h2>\n\n\n\n<p>Este c\u00f3digo de conducta es una copia directa del impresionante trabajo del Open Source Bridge, pero sustituido con nuestra informaci\u00f3n del evento. El original est\u00e1 disponible en&nbsp;<a rel=\"noreferrer noopener\" href=\"http:\/\/opensourcebridge.org\/about\/code-of-conduct\/\" target=\"_blank\">http:\/\/opensourcebridge.org\/about\/code-of-conduct\/<\/a>&nbsp;y est\u00e1 liberado bajo una&nbsp;<a rel=\"noreferrer noopener\" href=\"https:\/\/creativecommons.org\/licenses\/by-sa\/3.0\/\" target=\"_blank\">Licencia de Creative Commons Attribution-ShareAlike<\/a>.<\/p>\n","protected":false},"excerpt":{"rendered":"<p>PROP\u00d3SITO WordCamp Madrid&nbsp;cree en una&nbsp;comunidad abierta&nbsp;a todo el mundo. Como tal, estamos comprometidos a proporcionar un&nbsp;ambiente amigable, seguro y acogedor&nbsp;para todos independientemente de su sexo, orientaci\u00f3n sexual, discapacidad, etnia, religi\u00f3n, sistema operativo preferido, lenguaje de programaci\u00f3n o editor de texto. Este c\u00f3digo de conducta resume nuestras expectativas para el&nbsp;comportamiento de los participantes, as\u00ed como las [&hellip;]<\/p>\n","protected":false},"author":1320655,"featured_media":0,"parent":0,"menu_order":0,"comment_status":"closed","ping_status":"closed","template":"","meta":{"jetpack_post_was_ever_published":false,"footnotes":""},"class_list":["post-19","page","type-page","status-publish","hentry"],"jetpack_sharing_enabled":true,"_links":{"self":[{"href":"https:\/\/madrid.wordcamp.org\/2020\/wp-json\/wp\/v2\/pages\/19","targetHints":{"allow":["GET"]}}],"collection":[{"href":"https:\/\/madrid.wordcamp.org\/2020\/wp-json\/wp\/v2\/pages"}],"about":[{"href":"https:\/\/madrid.wordcamp.org\/2020\/wp-json\/wp\/v2\/types\/page"}],"author":[{"embeddable":true,"href":"https:\/\/madrid.wordcamp.org\/2020\/wp-json\/wp\/v2\/users\/1320655"}],"replies":[{"embeddable":true,"href":"https:\/\/madrid.wordcamp.org\/2020\/wp-json\/wp\/v2\/comments?post=19"}],"version-history":[{"count":2,"href":"https:\/\/madrid.wordcamp.org\/2020\/wp-json\/wp\/v2\/pages\/19\/revisions"}],"predecessor-version":[{"id":208,"href":"https:\/\/madrid.wordcamp.org\/2020\/wp-json\/wp\/v2\/pages\/19\/revisions\/208"}],"wp:attachment":[{"href":"https:\/\/madrid.wordcamp.org\/2020\/wp-json\/wp\/v2\/media?parent=19"}],"curies":[{"name":"wp","href":"https:\/\/api.w.org\/{rel}","templated":true}]}}