{"id":12,"date":"2022-10-28T21:38:02","date_gmt":"2022-10-28T19:38:02","guid":{"rendered":"https:\/\/madrid.wordcamp.org\/2023\/organizers\/"},"modified":"2023-09-19T00:25:11","modified_gmt":"2023-09-18T22:25:11","slug":"organizers","status":"publish","type":"page","link":"https:\/\/madrid.wordcamp.org\/2023\/organizers\/","title":{"rendered":"Organizadores de #WCMAD"},"content":{"rendered":"<ul class=\"wordcamp-block wordcamp-post-list has-layout-list wordcamp-organizers\"><li class=\"wordcamp-post-list__post wordcamp-clearfix\">\n<div class=\"wordcamp-organizer wordcamp-organizers__post slug-arantxa-saenz\">\n\t<h3 class=\"wordcamp-block__item-title wordcamp-organizers__title\">Arantxa S\u00e1enz<\/h3>\n\t\t\t<div class=\"wordcamp-image__avatar-container align-none\">\n\t\t\t<img decoding=\"async\" src=\"https:\/\/secure.gravatar.com\/avatar\/15a264c320cfa7a679b805d7b238f49e8645e3c465a72667c1e3153a2b8f6bfe?s=150&amp;d=mm&amp;r=g\" alt=\"Avatar de Arantxa S\u00e1enz\" \/>\t\t<\/div>\n\t\n\t\t\t<div class=\"wordcamp-block__item-content wordcamp-organizers__content is-full\"><p>Equipo de redes sociales en WordCamp Madrid 2023<\/p>\n<p>Social media y community manager freelance especializada en soporte y atenci\u00f3n al cliente.<\/p>\n<p>Ha participado como social media en diversos eventos en los \u00faltimos a\u00f1os como WordCamp Torrelodones 23 y copresentado Marketinada22 en Torrelodones que tuvo como objetivo visibilizar ponentes femeninas.<br \/>Coorganizadora de la meetup de Logro\u00f1o.<\/p>\n<\/div>\t<\/div>\n\n<\/li><li class=\"wordcamp-post-list__post wordcamp-clearfix\">\n<div class=\"wordcamp-organizer wordcamp-organizers__post slug-axel-jose-loupias\">\n\t<h3 class=\"wordcamp-block__item-title wordcamp-organizers__title\">Axel Jos\u00e9 Loupias<\/h3>\n\t\t\t<div class=\"wordcamp-image__avatar-container align-none\">\n\t\t\t<img decoding=\"async\" src=\"https:\/\/secure.gravatar.com\/avatar\/76d93b85205423b4f301981ca50b0882110a9c098dfab0c9c912f2fc508fa029?s=150&amp;d=mm&amp;r=g\" alt=\"Avatar de Axel Jos\u00e9 Loupias\" \/>\t\t<\/div>\n\t\n\t\t\t<div class=\"wordcamp-block__item-content wordcamp-organizers__content is-full\"><p>Equipo de catering en WordCamp Madrid 2023<\/p>\n<p>Soy un apasionado por la t\u00e9cnolog\u00eda. Desarrollador de plugins y temas WordPress y de SmartContracts.<\/p>\n<p>Disfruto tanto de largos paseos por el monte como de descubrir nuevos sabores en la buena comida.<\/p>\n<p>Actualmente centrando todos mis esfuerzos en el desarrollo de productos enfocados en la blockchain e investigando posibles integraciones entre la blockchain y WordPress.<\/p>\n<p>Siempre estoy en busca de nuevos desaf\u00edos y me encanta aprender sobre las \u00faltimas tendencias en el mundo de la tecnolog\u00eda.<\/p>\n<\/div>\t<\/div>\n\n<\/li><li class=\"wordcamp-post-list__post wordcamp-clearfix\">\n<div class=\"wordcamp-organizer wordcamp-organizers__post slug-carla-saiz\">\n\t<h3 class=\"wordcamp-block__item-title wordcamp-organizers__title\">Carla Saiz<\/h3>\n\t\t\t<div class=\"wordcamp-image__avatar-container align-none\">\n\t\t\t<img decoding=\"async\" src=\"https:\/\/secure.gravatar.com\/avatar\/6a6c57b7cda9c5d04f509e2801de2d806bb3a930900a41b82e18d2654ca2a710?s=150&amp;d=mm&amp;r=g\" alt=\"Avatar de Carla Saiz\" \/>\t\t<\/div>\n\t\n\t\t\t<div class=\"wordcamp-block__item-content wordcamp-organizers__content is-full\"><p>L\u00edder de la organizaci\u00f3n de WordCamp Madrid 2023<\/p>\n<p>Dise\u00f1adora y desarrolladora web en WordPress, docente de certificados de profesionalidad sobre desarrollo web. Amante de los gatos y de la vida. <\/p>\n<p>Sobrevivir a un c\u00e1ncer te hace empezar a percibir cada d\u00eda de otra manera; verte como un extraterrestre, te hace cultivar tu amor propio de manera incondicional. <\/p>\n<p>Co-organizadora del grupo local de WordPress Madrid y WordCamp Madrid desde sus inicios en 2017. Encantada de formar parte y ayudar a la gente a que den vida a sus proyectos digitales a trav\u00e9s de WordPress, puedes encontrarme en <a rel=\"noreferrer noopener\" aria-label=\"carlasaiz.com (abre en una nueva pesta\u00f1a)\" href=\"https:\/\/carlasaiz.com\/\" target=\"_blank\">carlasaiz.com<\/a><\/p>\n<\/div>\t<\/div>\n\n<\/li><li class=\"wordcamp-post-list__post wordcamp-clearfix\">\n<div class=\"wordcamp-organizer wordcamp-organizers__post slug-carlos-bravo\">\n\t<h3 class=\"wordcamp-block__item-title wordcamp-organizers__title\">Carlos Bravo<\/h3>\n\t\t\t<div class=\"wordcamp-image__avatar-container align-none\">\n\t\t\t<img decoding=\"async\" src=\"https:\/\/secure.gravatar.com\/avatar\/4b66853c11bd212a5e7fc757d5a239131f300e8bbdcce8c4327c63023f8221d3?s=150&amp;d=mm&amp;r=g\" alt=\"Avatar de Carlos Bravo\" \/>\t\t<\/div>\n\t\n\t\t\t<div class=\"wordcamp-block__item-content wordcamp-organizers__content is-full\"><p>Responsable de desarrollo web WordCamp Madrid 2023<\/p>\n<p>Desarrollador web con la suerte de poder dedicarme al 100% a contribuir a WordPress Core.<\/p>\n<\/div>\t<\/div>\n\n<\/li><li class=\"wordcamp-post-list__post wordcamp-clearfix\">\n<div class=\"wordcamp-organizer wordcamp-organizers__post slug-carlota-galvan\">\n\t<h3 class=\"wordcamp-block__item-title wordcamp-organizers__title\">Carlota Galv\u00e1n<\/h3>\n\t\t\t<div class=\"wordcamp-image__avatar-container align-none\">\n\t\t\t<img decoding=\"async\" src=\"https:\/\/secure.gravatar.com\/avatar\/4520537b584ed9743e7bc42d845f7de507298804716e590da0b645371f1ac594?s=150&amp;d=mm&amp;r=g\" alt=\"Avatar de Carlota Galv\u00e1n\" \/>\t\t<\/div>\n\t\n\t\t\t<div class=\"wordcamp-block__item-content wordcamp-organizers__content is-full\"><p>Responsable de redes en WordCamp Madrid 2023<\/p>\n<p>Organizadora de WordCamp Madrid en todo lo que tiene que ver con comunicaci\u00f3n y redes. <\/p>\n<p>Publicista de carrera y responsable de una <a href=\"https:\/\/galvanicmarketing.es\">agencia de marketing digital<\/a>. <\/p>\n<p>Organizadora de WordCamp Torrelodones 2023. Organizadora del evento Marketinada22 en Torrelodones que tuvo como objetivo visibilizar ponentes femeninas. <\/p>\n<p>Activa en la comunidad WordPress desde 2018, especialmente en WordPress TV.<\/p>\n<\/div>\t<\/div>\n\n<\/li><li class=\"wordcamp-post-list__post wordcamp-clearfix\">\n<div class=\"wordcamp-organizer wordcamp-organizers__post slug-elena-dosil\">\n\t<h3 class=\"wordcamp-block__item-title wordcamp-organizers__title\">Elena Dosil<\/h3>\n\t\t\t<div class=\"wordcamp-image__avatar-container align-none\">\n\t\t\t<img decoding=\"async\" src=\"https:\/\/secure.gravatar.com\/avatar\/55a29a77ea20a1f4a97365aa5306506884ed87fb62a1d5fee7a04b8cb9f76b8b?s=150&amp;d=mm&amp;r=g\" alt=\"Avatar de Elena Dosil\" \/>\t\t<\/div>\n\t\n\t\t\t<div class=\"wordcamp-block__item-content wordcamp-organizers__content is-full\"><p>Responsable de regalos y log\u00edstica en WordCamp Madrid 2023<\/p>\n<p>Ingeniera t\u00e9cnica de Telecomunicaciones con una pasi\u00f3n incansable por el mundo de WordPress desde el 2008. <\/p>\n<p>En la actualidad trabaja como ingeniera de soporte para WordPress VIP. Bloguera y responsable de <a href=\"http:\/\/lomeraniel.com\" data-type=\"URL\" data-id=\"lomeraniel.com\" target=\"_blank\" rel=\"noreferrer noopener\">lomeraniel.com<\/a> donde comparte rese\u00f1as de audiolibros desde el 2015. <\/p>\n<p>Colaboradora en iniciativas de diversidad, equidad e inclusi\u00f3n (DEI).<\/p>\n<\/div>\t<\/div>\n\n<\/li><li class=\"wordcamp-post-list__post wordcamp-clearfix\">\n<div class=\"wordcamp-organizer wordcamp-organizers__post slug-fernando-lopez\">\n\t<h3 class=\"wordcamp-block__item-title wordcamp-organizers__title\">Fernando L\u00f3pez<\/h3>\n\t\t\t<div class=\"wordcamp-image__avatar-container align-none\">\n\t\t\t<img decoding=\"async\" src=\"https:\/\/secure.gravatar.com\/avatar\/541dbb0692fe5989425929a2825ba306f6ed7c1034605623aacf763799ac3ac9?s=150&amp;d=mm&amp;r=g\" alt=\"Avatar de Fernando L\u00f3pez\" \/>\t\t<\/div>\n\t\n\t\t\t<div class=\"wordcamp-block__item-content wordcamp-organizers__content is-full\"><p>Responsable de patrocinadores en WordCamp Madrid 2023<\/p>\n<p>Consultor SEO, gestor de proyectos digitales en <a rel=\"noreferrer noopener\" href=\"https:\/\/acespack.es\" target=\"_blank\">acespack.es<\/a>  y desarrollador de p\u00e1ginas web desde 1998. <\/p>\n<p>Apasionado de WordPress desde 2013, co-organizador de la Meetup de Gri\u00f1\u00f3n. L\u00edder de la organizaci\u00f3n de WordCamp Gri\u00f1\u00f3n 2022 y 2024.<\/p>\n<p>Puedes saber m\u00e1s sobre mi en <a rel=\"noopener\" href=\"https:\/\/ferlopez.net\/\" data-type=\"URL\" data-id=\"https:\/\/ferlopez.net\/\" target=\"_blank\">ferlopez.net<\/a><\/p>\n<\/div>\t<\/div>\n\n<\/li><li class=\"wordcamp-post-list__post wordcamp-clearfix\">\n<div class=\"wordcamp-organizer wordcamp-organizers__post slug-fernando-tellado\">\n\t<h3 class=\"wordcamp-block__item-title wordcamp-organizers__title\">Fernando Tellado<\/h3>\n\t\t\t<div class=\"wordcamp-image__avatar-container align-none\">\n\t\t\t<img decoding=\"async\" src=\"https:\/\/secure.gravatar.com\/avatar\/6ddc525ae47cdce6c4d632d40ad0ebdfa590fdb36dfca0c85a4cbd5cccaf5351?s=150&amp;d=mm&amp;r=g\" alt=\"Avatar de Fernando Tellado\" \/>\t\t<\/div>\n\t\n\t\t\t<div class=\"wordcamp-block__item-content wordcamp-organizers__content is-full\"><p>Responsable de programa en WordCamp Madrid 2023<\/p>\n<p>Consultor, profesor, bloguero, escritor, conferenciante y desarrollador WordPress.<\/p>\n<p>Hace&nbsp;<a href=\"https:\/\/campus.ayudawp.com\/\" target=\"_blank\" rel=\"noreferrer noopener\">cursos online de WordPress<\/a>&nbsp;y WooCommerce,&nbsp;<a href=\"https:\/\/servicios.ayudawp.com\/tienda\/consultoria-online-wordpress\/\" target=\"_blank\" rel=\"noreferrer noopener\">consultor\u00edas WordPress<\/a>&nbsp;y&nbsp;<a rel=\"noreferrer noopener\" href=\"https:\/\/mantenimiento.ayudawp.com\/\" target=\"_blank\">mantenimiento web<\/a>&nbsp;especializado en WordPress.<\/p>\n<p>Culpable de&nbsp;<a href=\"https:\/\/ayudawp.com\/\" target=\"_blank\" rel=\"noreferrer noopener\">AyudaWP.com<\/a>, el blog de referencia en espa\u00f1ol sobre WordPress, y embajador de marca de&nbsp;<a rel=\"noreferrer noopener\" href=\"https:\/\/www.siteground.es\/\" target=\"_blank\">SiteGround<\/a>.<\/p>\n<\/div>\t<\/div>\n\n<\/li><li class=\"wordcamp-post-list__post wordcamp-clearfix\">\n<div class=\"wordcamp-organizer wordcamp-organizers__post slug-gabriela-sanchez\">\n\t<h3 class=\"wordcamp-block__item-title wordcamp-organizers__title\">Gabriela S\u00e1nchez<\/h3>\n\t\t\t<div class=\"wordcamp-image__avatar-container align-none\">\n\t\t\t<img decoding=\"async\" src=\"https:\/\/secure.gravatar.com\/avatar\/fa2f90ca4bca7bad1bdf04682a1b2ce64562ede3b6bb231ad8873add9a6ac132?s=150&amp;d=mm&amp;r=g\" alt=\"Avatar de Gabriela S\u00e1nchez\" \/>\t\t<\/div>\n\t\n\t\t\t<div class=\"wordcamp-block__item-content wordcamp-organizers__content is-full\"><p>Equipo de catering en WordCamp Madrid 2023<\/p>\n<p>Soy una freelance dedicada a la fotograf\u00eda, la creaci\u00f3n de contenidos en RRSS, entusiasta del SEO y comunico en Twitter acerca de eventos relacionados al Marketing Digital.<\/p>\n<p>WordPress y yo llevamos una relaci\u00f3n tormentosa amor-odio hace a\u00f1os, pero lo llevamos bien yo aprendo cada d\u00eda en su entorno y el me soporta, es lo que hay.<\/p>\n<p>Contenta de formar parte del equipo de organizadores y colaborar en saraos virtuales que terminar\u00e1 desvirtualiz\u00e1ndose vi\u00e9ndonos las caritas el 4-5 de noviembre para disfrutar y aprender mucho m\u00e1s.<\/p>\n<p>Puedes encontrarme en Instagram como @gabysanchezstudio y en Twitter como @gabstatic.<\/p>\n<\/div>\t<\/div>\n\n<\/li><li class=\"wordcamp-post-list__post wordcamp-clearfix\">\n<div class=\"wordcamp-organizer wordcamp-organizers__post slug-javier-salinas\">\n\t<h3 class=\"wordcamp-block__item-title wordcamp-organizers__title\">Javier Salinas<\/h3>\n\t\t\t<div class=\"wordcamp-image__avatar-container align-none\">\n\t\t\t<img decoding=\"async\" src=\"https:\/\/secure.gravatar.com\/avatar\/e4714f835fd4e59af64563f285edccf34e9855af4eab3486d5a3fd3f8a750971?s=150&amp;d=mm&amp;r=g\" alt=\"Avatar de Javier Salinas\" \/>\t\t<\/div>\n\t\n\t\t\t<div class=\"wordcamp-block__item-content wordcamp-organizers__content is-full\"><p>Equipo de dise\u00f1o en WordCamp Madrid 2023<\/p>\n<p>Dise\u00f1ador y realizador con m\u00e1s de veinte a\u00f1os de experiencia. Ha trabajado en casi todos los \u00e1mbitos relacionados con la creaci\u00f3n visual. Actualmente coordina el \u00e1rea de innovaci\u00f3n y producci\u00f3n audiovisual de la Universidad CEU San Pablo. <\/p>\n<p>Usuario de WordPress desde 2008, ha participado en multitud de WordCamps como organizador, ponente, t\u00e9cnico audiovisual y fot\u00f3grafo. Mantiene m\u00e1s de una decena de proyectos web, entre los que destaca su blog personal <a href=\"https:\/\/javiersalinas.es\/\">javiersalinas.es<\/a>, donde vuelca todos sus experimentos.<\/p>\n<\/div>\t<\/div>\n\n<\/li><li class=\"wordcamp-post-list__post wordcamp-clearfix\">\n<div class=\"wordcamp-organizer wordcamp-organizers__post slug-jose-angel-vidania\">\n\t<h3 class=\"wordcamp-block__item-title wordcamp-organizers__title\">Jos\u00e9 \u00c1ngel Vidania<\/h3>\n\t\t\t<div class=\"wordcamp-image__avatar-container align-none\">\n\t\t\t<img decoding=\"async\" src=\"https:\/\/secure.gravatar.com\/avatar\/1134e9f78832fe664fccb5e96105ea312d066d1ecaf6e102764b75c7965545b0?s=150&amp;d=mm&amp;r=g\" alt=\"Avatar de Jos\u00e9 \u00c1ngel Vidania\" \/>\t\t<\/div>\n\t\n\t\t\t<div class=\"wordcamp-block__item-content wordcamp-organizers__content is-full\"><p>Equipo de programa en WordCamp Madrid 2023<\/p>\n<p>Dise\u00f1ador web freelance de Alcal\u00e1 de Henares que lleva utilizando WordPress como herramienta de trabajo desde finales de 2005 bajo la denominaci\u00f3n VdeVidania en <a rel=\"noreferrer noopener\" href=\"https:\/\/slack-redir.net\/link?url=http%3A%2F%2Fwww.vdevidania.com\" target=\"_blank\">www.vdevidania.com<\/a> Formador de cursos presenciales y online de HTML, CSS, JS, WordPress y WooCommerce.<\/p>\n<p>Si te interesa saber algo m\u00e1s sobre m\u00ed, puedes seguirme en twitter en @JAVidania<\/p>\n<\/div>\t<\/div>\n\n<\/li><li class=\"wordcamp-post-list__post wordcamp-clearfix\">\n<div class=\"wordcamp-organizer wordcamp-organizers__post slug-juan-oro\">\n\t<h3 class=\"wordcamp-block__item-title wordcamp-organizers__title\">Juan Oro<\/h3>\n\t\t\t<div class=\"wordcamp-image__avatar-container align-none\">\n\t\t\t<img decoding=\"async\" src=\"https:\/\/secure.gravatar.com\/avatar\/e2621b4aff8cf7d1b98c6118af33a211a5bf88665bb737c6b3baac24c715f33f?s=150&amp;d=mm&amp;r=g\" alt=\"Avatar de Juan Oro\" \/>\t\t<\/div>\n\t\n\t\t\t<div class=\"wordcamp-block__item-content wordcamp-organizers__content is-full\"><p>Equipo de patrocinadores en WordCamp Madrid 2023<\/p>\n<p>Gestiono proyectos digitales. #Transformaci\u00f3nDigital #eCommerce#eLearning<\/p>\n<\/div>\t<\/div>\n\n<\/li><li class=\"wordcamp-post-list__post wordcamp-clearfix\">\n<div class=\"wordcamp-organizer wordcamp-organizers__post slug-juanma-aranda\">\n\t<h3 class=\"wordcamp-block__item-title wordcamp-organizers__title\">Juanma Aranda<\/h3>\n\t\t\t<div class=\"wordcamp-image__avatar-container align-none\">\n\t\t\t<img decoding=\"async\" src=\"https:\/\/secure.gravatar.com\/avatar\/5b98762d0c8cc8272ac8181d66cf3dc570fb120dc752949143e350d6a599fb48?s=150&amp;d=mm&amp;r=g\" alt=\"Avatar de Juanma Aranda\" \/>\t\t<\/div>\n\t\n\t\t\t<div class=\"wordcamp-block__item-content wordcamp-organizers__content is-full\"><p>Responsable de comunicaci\u00f3n y contenidos web en WordCamp Madrid 2023<\/p>\n<p>Creador de contenido sobre herramientas de web streaming para emprendedores.<\/p>\n<p>Fundador del blog de referencia en espa\u00f1ol para principiantes en WordPress: <a href=\"https:\/\/wpnovatos.com\" target=\"_blank\" rel=\"noreferrer noopener\">WPnovatos<\/a>. <\/p>\n<p>Co-organizador del grupo local de WordPress Madrid y WordCamp Madrid 2023. Colaborador en el equipo de traducci\u00f3n de WordPress Espa\u00f1a.<\/p>\n<\/div>\t<\/div>\n\n<\/li><li class=\"wordcamp-post-list__post wordcamp-clearfix\">\n<div class=\"wordcamp-organizer wordcamp-organizers__post slug-maylen-garcia\">\n\t<h3 class=\"wordcamp-block__item-title wordcamp-organizers__title\">Mayl\u00e9n Garc\u00eda<\/h3>\n\t\t\t<div class=\"wordcamp-image__avatar-container align-none\">\n\t\t\t<img decoding=\"async\" src=\"https:\/\/secure.gravatar.com\/avatar\/716940c4c1eba81a3e934f5180e39f0c51b5b5a7eabbbc36fd971214ca91b452?s=150&amp;d=mm&amp;r=g\" alt=\"Avatar de Mayl\u00e9n Garc\u00eda\" \/>\t\t<\/div>\n\t\n\t\t\t<div class=\"wordcamp-block__item-content wordcamp-organizers__content is-full\"><p>Responsable del equipo de voluntariado<\/p>\n<p>Dise\u00f1adora web especializada en Elementor de profesi\u00f3n y artista de vocaci\u00f3n.<\/p>\n<p>Formo parte del equipo de l\u00edderes de Elementor Espa\u00f1a. Me encanta compartir conocimiento y aprovecho cada oportunidad para aprender cosas nuevas.<\/p>\n<p>Amo los gatos, si te hablan de la chica que dibuja leones, esa soy yo \ud83d\ude42 <\/p>\n<p>S\u00faper feliz de ser organizadora de voluntarios en WordCamp Madrid 2023.<\/p>\n<p>Puedes encontrarme en:&nbsp;<a rel=\"noreferrer noopener\" href=\"https:\/\/maylen.design\/\" target=\"_blank\">maylen.design<\/a>&nbsp;y&nbsp;<a rel=\"noreferrer noopener\" href=\"https:\/\/twitter.com\/maylendesign\" target=\"_blank\">@maylendesign<\/a>.<\/p>\n<\/div>\t<\/div>\n\n<\/li><li class=\"wordcamp-post-list__post wordcamp-clearfix\">\n<div class=\"wordcamp-organizer wordcamp-organizers__post slug-miguel-diaz\">\n\t<h3 class=\"wordcamp-block__item-title wordcamp-organizers__title\">Miguel D\u00edaz<\/h3>\n\t\t\t<div class=\"wordcamp-image__avatar-container align-none\">\n\t\t\t<img decoding=\"async\" src=\"https:\/\/secure.gravatar.com\/avatar\/71d07d8930ed909c7d0eae75abb21c2f080d0ff373996c485796e04a664ad14e?s=150&amp;d=mm&amp;r=g\" alt=\"Avatar de Miguel D\u00edaz\" \/>\t\t<\/div>\n\t\n\t\t\t<div class=\"wordcamp-block__item-content wordcamp-organizers__content is-full\"><p>Encargado de la comunicaci\u00f3n con el local del evento y audiovisuales en WordCamp Madrid 2023<\/p>\n<p>Traductor de IT a Humano, o atenci\u00f3n al cliente tambi\u00e9n le llaman.<\/p>\n<\/div>\t<\/div>\n\n<\/li><li class=\"wordcamp-post-list__post wordcamp-clearfix\">\n<div class=\"wordcamp-organizer wordcamp-organizers__post slug-raquel-sebastian\">\n\t<h3 class=\"wordcamp-block__item-title wordcamp-organizers__title\">Raquel Sebasti\u00e1n<\/h3>\n\t\t\t<div class=\"wordcamp-image__avatar-container align-none\">\n\t\t\t<img decoding=\"async\" src=\"https:\/\/secure.gravatar.com\/avatar\/460efb4e6dc85411e7cd1739400a59775d7e99909d83a09db19632f3ae99897a?s=150&amp;d=mm&amp;r=g\" alt=\"Avatar de Raquel Sebasti\u00e1n\" \/>\t\t<\/div>\n\t\n\t\t\t<div class=\"wordcamp-block__item-content wordcamp-organizers__content is-full\"><p>Equipo de dise\u00f1o en WordCamp Madrid 2023<\/p>\n<p>Dise\u00f1adora gr\u00e1fica y licenciada en Bellas Artes, apasionada del dise\u00f1o y la creatividad&#8230; pero novata de WordPress.<\/p>\n<p>Aterrizo como colaboradora de la WordCamp Madrid por casualidad y de la mano de mi estreno en WordPress, el cual voy descubriendo poco a poco y cada vez me gusta m\u00e1s \u00abel tema\u00bb&#8230; Espero aprender mucho en este evento y conocer mucha gente interesante&#8230;\u00a1all\u00ed nos vemos!<\/p>\n<\/div>\t<\/div>\n\n<\/li><li class=\"wordcamp-post-list__post wordcamp-clearfix\">\n<div class=\"wordcamp-organizer wordcamp-organizers__post slug-santiago-cerro\">\n\t<h3 class=\"wordcamp-block__item-title wordcamp-organizers__title\">Santiago Cerro<\/h3>\n\t\t\t<div class=\"wordcamp-image__avatar-container align-none\">\n\t\t\t<img decoding=\"async\" src=\"https:\/\/secure.gravatar.com\/avatar\/7b9f1007fcf6d7a0ccc36e6605606b77c19a5b152f769ec95169bf533d82d7c0?s=150&amp;d=mm&amp;r=g\" alt=\"Avatar de Santiago Cerro\" \/>\t\t<\/div>\n\t\n\t\t\t<div class=\"wordcamp-block__item-content wordcamp-organizers__content is-full\"><p>Equipo de patrocinadores en WordCamp Madrid 2023<\/p>\n<p>Desarrollador de aplicaciones multiplataforma especializado en web.<br \/>Desde bien peque\u00f1o, supe que me gustaban \u00abestas cosas de ordenadores\u00bb. Ya m\u00e1s mayorcito, lenguajes como PHP, Java, JavaScript, TypeScript, Python, C#, Visual Basic, Go, C++\u2026 han ido acompa\u00f1\u00e1ndome durante mi trayectoria profesional (\u00a1y los que quedan por descubrir!).<\/p>\n<p>Fan\u00e1tico de las nuevas tecnolog\u00edas, la m\u00fasica, la fotograf\u00eda, la reposter\u00eda, la rob\u00f3tica y, como no, de WordPress.<\/p>\n<\/div>\t<\/div>\n\n<\/li><li class=\"wordcamp-post-list__post wordcamp-clearfix\">\n<div class=\"wordcamp-organizer wordcamp-organizers__post slug-viviana-otero\">\n\t<h3 class=\"wordcamp-block__item-title wordcamp-organizers__title\">Viviana Otero<\/h3>\n\t\t\t<div class=\"wordcamp-image__avatar-container align-none\">\n\t\t\t<img decoding=\"async\" src=\"https:\/\/secure.gravatar.com\/avatar\/cdff565015fc6b9ac0bb55da10382c0fe4956b4127ea2b0e9cdd72fce78f1377?s=150&amp;d=mm&amp;r=g\" alt=\"Avatar de Viviana Otero\" \/>\t\t<\/div>\n\t\n\t\t\t<div class=\"wordcamp-block__item-content wordcamp-organizers__content is-full\"><p>Equipo de comunicaci\u00f3n y contenidos web en WordCamp Madrid 2023<\/p>\n<p>Dise\u00f1adora Web \u2013 Consultora SEO freelance en&nbsp;<a rel=\"noreferrer noopener\" href=\"http:\/\/vivianaotero.com\" data-type=\"URL\" data-id=\"vivianaotero.com\" target=\"_blank\">vivianaotero.com<\/a>. Tester profesional.<\/p>\n<p>Cre\u00e9 mi primer blog en WordPress en 2005 y me enamor\u00e9. Desde entonces, aprendo sobre marketing digital, hago webs, juego con Google Analytics y acompa\u00f1o a emprendedores y empresas a llevar sus proyectos y a posicionar sus marcas en Internet.<\/p>\n<p>Puedes conseguirme en redes sociales como&nbsp;@vivianaotero_<\/p>\n<\/div>\t<\/div>\n\n<\/li><\/ul>","protected":false},"excerpt":{"rendered":"","protected":false},"author":15451467,"featured_media":3768,"parent":0,"menu_order":0,"comment_status":"closed","ping_status":"closed","template":"","meta":{"advanced_seo_description":"","jetpack_seo_html_title":"","jetpack_seo_noindex":false,"jetpack_post_was_ever_published":false,"footnotes":""},"class_list":["post-12","page","type-page","status-publish","has-post-thumbnail","hentry"],"jetpack_sharing_enabled":true,"_links":{"self":[{"href":"https:\/\/madrid.wordcamp.org\/2023\/wp-json\/wp\/v2\/pages\/12","targetHints":{"allow":["GET"]}}],"collection":[{"href":"https:\/\/madrid.wordcamp.org\/2023\/wp-json\/wp\/v2\/pages"}],"about":[{"href":"https:\/\/madrid.wordcamp.org\/2023\/wp-json\/wp\/v2\/types\/page"}],"author":[{"embeddable":true,"href":"https:\/\/madrid.wordcamp.org\/2023\/wp-json\/wp\/v2\/users\/15451467"}],"replies":[{"embeddable":true,"href":"https:\/\/madrid.wordcamp.org\/2023\/wp-json\/wp\/v2\/comments?post=12"}],"version-history":[{"count":3,"href":"https:\/\/madrid.wordcamp.org\/2023\/wp-json\/wp\/v2\/pages\/12\/revisions"}],"predecessor-version":[{"id":3862,"href":"https:\/\/madrid.wordcamp.org\/2023\/wp-json\/wp\/v2\/pages\/12\/revisions\/3862"}],"wp:featuredmedia":[{"embeddable":true,"href":"https:\/\/madrid.wordcamp.org\/2023\/wp-json\/wp\/v2\/media\/3768"}],"wp:attachment":[{"href":"https:\/\/madrid.wordcamp.org\/2023\/wp-json\/wp\/v2\/media?parent=12"}],"curies":[{"name":"wp","href":"https:\/\/api.w.org\/{rel}","templated":true}]}}