{"id":858,"date":"2023-03-02T11:36:06","date_gmt":"2023-03-02T10:36:06","guid":{"rendered":"https:\/\/madrid.wordcamp.org\/2023\/?page_id=858"},"modified":"2023-11-06T13:50:12","modified_gmt":"2023-11-06T11:50:12","slug":"home","status":"publish","type":"page","link":"https:\/\/madrid.wordcamp.org\/2023\/","title":{"rendered":"Home"},"content":{"rendered":"\n<section class=\"hero\">\n  <div class=\"floating-icons\">\n    <span class=\"icon\"><\/span>\n    <span class=\"icon\"><\/span>\n    <span class=\"icon\"><\/span>\n    <span class=\"icon\"><\/span>\n    <span class=\"icon\"><\/span>\n    <span class=\"icon\"><\/span>\n  <\/div>\n  <img decoding=\"async\" src=\"https:\/\/madrid.wordcamp.org\/2023\/files\/2023\/05\/wcmad23-Chulapa.png\" alt=\"WordCamp Madrid 2023\">\n<p>4 y 5 de noviembre<\/p>\n\n\n\n<\/section>\n\n\n\n<figure class=\"wp-block-image size-large\"><a href=\"https:\/\/madrid.wordcamp.org\/2023\/programa\"><img loading=\"lazy\" decoding=\"async\" width=\"1024\" height=\"320\" data-attachment-id=\"5264\" data-permalink=\"https:\/\/madrid.wordcamp.org\/2023\/cta-programa-wcmad\/\" data-orig-file=\"https:\/\/madrid.wordcamp.org\/2023\/files\/2023\/10\/cta-programa-wcmad.png\" data-orig-size=\"1706,533\" data-comments-opened=\"1\" data-image-meta=\"{&quot;aperture&quot;:&quot;0&quot;,&quot;credit&quot;:&quot;&quot;,&quot;camera&quot;:&quot;&quot;,&quot;caption&quot;:&quot;&quot;,&quot;created_timestamp&quot;:&quot;0&quot;,&quot;copyright&quot;:&quot;&quot;,&quot;focal_length&quot;:&quot;0&quot;,&quot;iso&quot;:&quot;0&quot;,&quot;shutter_speed&quot;:&quot;0&quot;,&quot;title&quot;:&quot;&quot;,&quot;orientation&quot;:&quot;0&quot;}\" data-image-title=\"cta programa wcmad\" data-image-description=\"\" data-image-caption=\"\" data-medium-file=\"https:\/\/madrid.wordcamp.org\/2023\/files\/2023\/10\/cta-programa-wcmad-300x94.png\" data-large-file=\"https:\/\/madrid.wordcamp.org\/2023\/files\/2023\/10\/cta-programa-wcmad-1024x320.png\" src=\"https:\/\/madrid.wordcamp.org\/2023\/files\/2023\/10\/cta-programa-wcmad-1024x320.png\" alt=\"\" class=\"wp-image-5264\" srcset=\"https:\/\/madrid.wordcamp.org\/2023\/files\/2023\/10\/cta-programa-wcmad-1024x320.png 1024w, https:\/\/madrid.wordcamp.org\/2023\/files\/2023\/10\/cta-programa-wcmad-300x94.png 300w, https:\/\/madrid.wordcamp.org\/2023\/files\/2023\/10\/cta-programa-wcmad-768x240.png 768w, https:\/\/madrid.wordcamp.org\/2023\/files\/2023\/10\/cta-programa-wcmad-500x156.png 500w, https:\/\/madrid.wordcamp.org\/2023\/files\/2023\/10\/cta-programa-wcmad-1536x480.png 1536w, https:\/\/madrid.wordcamp.org\/2023\/files\/2023\/10\/cta-programa-wcmad-1200x375.png 1200w, https:\/\/madrid.wordcamp.org\/2023\/files\/2023\/10\/cta-programa-wcmad.png 1706w\" sizes=\"auto, (max-width: 1024px) 100vw, 1024px\" \/><\/a><\/figure>\n\n\n\n<div class=\"wp-block-group alignwide wcmad-columns\"><div class=\"wp-block-group__inner-container is-layout-flow wp-block-group-is-layout-flow\">\n<div class=\"wp-block-media-text alignwide is-stacked-on-mobile\"><figure class=\"wp-block-media-text__media\"><img loading=\"lazy\" decoding=\"async\" width=\"1024\" height=\"656\" data-attachment-id=\"902\" data-permalink=\"https:\/\/madrid.wordcamp.org\/2023\/location\/foto-grupo-wcmadrid\/\" data-orig-file=\"https:\/\/madrid.wordcamp.org\/2023\/files\/2023\/03\/foto-grupo-wcmadrid.jpeg\" data-orig-size=\"1272,815\" data-comments-opened=\"1\" data-image-meta=\"{&quot;aperture&quot;:&quot;0&quot;,&quot;credit&quot;:&quot;&quot;,&quot;camera&quot;:&quot;&quot;,&quot;caption&quot;:&quot;&quot;,&quot;created_timestamp&quot;:&quot;0&quot;,&quot;copyright&quot;:&quot;&quot;,&quot;focal_length&quot;:&quot;0&quot;,&quot;iso&quot;:&quot;0&quot;,&quot;shutter_speed&quot;:&quot;0&quot;,&quot;title&quot;:&quot;&quot;,&quot;orientation&quot;:&quot;0&quot;}\" data-image-title=\"foto-grupo-wcmadrid\" data-image-description=\"\" data-image-caption=\"\" data-medium-file=\"https:\/\/madrid.wordcamp.org\/2023\/files\/2023\/03\/foto-grupo-wcmadrid-300x192.jpeg\" data-large-file=\"https:\/\/madrid.wordcamp.org\/2023\/files\/2023\/03\/foto-grupo-wcmadrid-1024x656.jpeg\" src=\"https:\/\/madrid.wordcamp.org\/2023\/files\/2023\/03\/foto-grupo-wcmadrid-1024x656.jpeg\" alt=\"\" class=\"wp-image-902 size-full\" srcset=\"https:\/\/madrid.wordcamp.org\/2023\/files\/2023\/03\/foto-grupo-wcmadrid-1024x656.jpeg 1024w, https:\/\/madrid.wordcamp.org\/2023\/files\/2023\/03\/foto-grupo-wcmadrid-300x192.jpeg 300w, https:\/\/madrid.wordcamp.org\/2023\/files\/2023\/03\/foto-grupo-wcmadrid-768x492.jpeg 768w, https:\/\/madrid.wordcamp.org\/2023\/files\/2023\/03\/foto-grupo-wcmadrid-468x300.jpeg 468w, https:\/\/madrid.wordcamp.org\/2023\/files\/2023\/03\/foto-grupo-wcmadrid-1200x769.jpeg 1200w, https:\/\/madrid.wordcamp.org\/2023\/files\/2023\/03\/foto-grupo-wcmadrid.jpeg 1272w\" sizes=\"auto, (max-width: 1024px) 100vw, 1024px\" \/><\/figure><div class=\"wp-block-media-text__content\">\n<h1>WordCamp Madrid 2023<\/h1>\n\n\n\n<p>\u00a1Llega la cuarta edici\u00f3n de #WCMAD! El mayor evento WordPress del a\u00f1o en Espa\u00f1a. Tendremos ponencias y talleres con los mejores profesionales del sector; tecnolog\u00eda e innovaci\u00f3n en un entorno abierto y enriquecedor. Si quieres aprender, conocer gente nueva, dar un abrazo a los de siempre y disfrutar de dos d\u00edas de WordPress, \u00e9ste es tu evento. \u00a1Te esperamos!<\/p>\n<\/div><\/div>\n<\/div><\/div>\n\n\n\n<h2 class=\"wp-block-heading has-text-align-center\">\u00daltimas noticias<\/h2>\n\n\n<ul class=\"wp-block-latest-posts__list is-grid columns-3 alignwide wcmad-lastposts wp-block-latest-posts\"><li><a class=\"wp-block-latest-posts__post-title\" href=\"https:\/\/madrid.wordcamp.org\/2023\/wordcamp-madrid-2023-la-version-de-la-directora-de-orquesta\/\">WordCamp Madrid 2023 La versi\u00f3n de la directora de orquesta<\/a><\/li>\n<li><a class=\"wp-block-latest-posts__post-title\" href=\"https:\/\/madrid.wordcamp.org\/2023\/preguntas-y-respuestas-sobre-el-contributor-day\/\">Preguntas y respuestas sobre el Contributor Day<\/a><\/li>\n<li><a class=\"wp-block-latest-posts__post-title\" href=\"https:\/\/madrid.wordcamp.org\/2023\/gracias-webempresa\/\">\u00a1Gracias, webempresa!<\/a><\/li>\n<li><a class=\"wp-block-latest-posts__post-title\" href=\"https:\/\/madrid.wordcamp.org\/2023\/gracias-wpml\/\">\u00a1Gracias, WPML!<\/a><\/li>\n<li><a class=\"wp-block-latest-posts__post-title\" href=\"https:\/\/madrid.wordcamp.org\/2023\/gracias-hoswedaje\/\">\u00a1Gracias, Hoswedaje!<\/a><\/li>\n<li><a class=\"wp-block-latest-posts__post-title\" href=\"https:\/\/madrid.wordcamp.org\/2023\/gracias-modulards\/\">\u00a1Gracias ModularDS!<\/a><\/li>\n<\/ul>\n\n\n<div class=\"wp-block-columns is-layout-flex wp-container-core-columns-is-layout-9d6595d7 wp-block-columns-is-layout-flex\">\n<div class=\"wp-block-column is-layout-flow wp-block-column-is-layout-flow\"><\/div>\n\n\n\n<div class=\"wp-block-column is-layout-flow wp-block-column-is-layout-flow\">\n<div class=\"wp-block-button\"><a class=\"wp-block-button__link wp-element-button\" style=\"text-transform: uppercase\" href=\"https:\/\/madrid.wordcamp.org\/2023\/blog\/\">VER M\u00c1S<\/a><\/div>\n<\/div>\n\n\n\n<div class=\"wp-block-column is-layout-flow wp-block-column-is-layout-flow\"><\/div>\n<\/div>\n","protected":false},"excerpt":{"rendered":"<p>4 y 5 de noviembre WordCamp Madrid 2023 \u00a1Llega la cuarta edici\u00f3n de #WCMAD! El mayor evento WordPress del a\u00f1o en Espa\u00f1a. Tendremos ponencias y talleres con los mejores profesionales del sector; tecnolog\u00eda e innovaci\u00f3n en un entorno abierto y enriquecedor. Si quieres aprender, conocer gente nueva, dar un abrazo a los de siempre y [&hellip;]<\/p>\n","protected":false},"author":15451467,"featured_media":1695,"parent":0,"menu_order":0,"comment_status":"closed","ping_status":"closed","template":"","meta":{"advanced_seo_description":"","jetpack_seo_html_title":"","jetpack_seo_noindex":false,"jetpack_post_was_ever_published":false,"footnotes":""},"class_list":["post-858","page","type-page","status-publish","has-post-thumbnail","hentry"],"jetpack_sharing_enabled":true,"_links":{"self":[{"href":"https:\/\/madrid.wordcamp.org\/2023\/wp-json\/wp\/v2\/pages\/858","targetHints":{"allow":["GET"]}}],"collection":[{"href":"https:\/\/madrid.wordcamp.org\/2023\/wp-json\/wp\/v2\/pages"}],"about":[{"href":"https:\/\/madrid.wordcamp.org\/2023\/wp-json\/wp\/v2\/types\/page"}],"author":[{"embeddable":true,"href":"https:\/\/madrid.wordcamp.org\/2023\/wp-json\/wp\/v2\/users\/15451467"}],"replies":[{"embeddable":true,"href":"https:\/\/madrid.wordcamp.org\/2023\/wp-json\/wp\/v2\/comments?post=858"}],"version-history":[{"count":59,"href":"https:\/\/madrid.wordcamp.org\/2023\/wp-json\/wp\/v2\/pages\/858\/revisions"}],"predecessor-version":[{"id":6158,"href":"https:\/\/madrid.wordcamp.org\/2023\/wp-json\/wp\/v2\/pages\/858\/revisions\/6158"}],"wp:featuredmedia":[{"embeddable":true,"href":"https:\/\/madrid.wordcamp.org\/2023\/wp-json\/wp\/v2\/media\/1695"}],"wp:attachment":[{"href":"https:\/\/madrid.wordcamp.org\/2023\/wp-json\/wp\/v2\/media?parent=858"}],"curies":[{"name":"wp","href":"https:\/\/api.w.org\/{rel}","templated":true}]}}