{"id":1062,"date":"2024-12-19T10:00:00","date_gmt":"2024-12-19T09:00:00","guid":{"rendered":"https:\/\/madrid.wordcamp.org\/2025\/?page_id=1062"},"modified":"2025-02-26T21:04:32","modified_gmt":"2025-02-26T20:04:32","slug":"llamada-a-patrocinadores","status":"publish","type":"page","link":"https:\/\/madrid.wordcamp.org\/2025\/llamada-a-patrocinadores\/","title":{"rendered":"Llamada a Patrocinadores"},"content":{"rendered":"\n<p>Estamos emocionados de presentar WordCamp Madrid 2025, el evento m\u00e1s multitudinario sobre WordPress en Espa\u00f1a.<\/p>\n\n\n\n<p>Como organizadores, nos esforzamos por ofrecer una experiencia inolvidable a todos los asistentes, y para lograrlo, contamos con el apoyo de patrocinadores comprometidos.<\/p>\n\n\n\n<p>Si quieres destacar tu marca, conectar con la comunidad de WordPress y mostrar tu apoyo a esta plataforma l\u00edder, \u00a1te invitamos a convertirte en patrocinador de WordCamp Madrid 2025!<\/p>\n\n\n\n<figure class=\"wp-block-image size-large fondo-imagen-verde\"><img data-recalc-dims=\"1\" height=\"387\" width=\"580\" decoding=\"async\" src=\"https:\/\/i0.wp.com\/madrid.wordcamp.org\/2023\/files\/2023\/06\/WCMAD19-010-min-1024x683.jpg?resize=580%2C387&#038;ssl=1\" alt=\"\" class=\"wp-image-1607\" \/><\/figure>\n\n\n\n<h2 class=\"wp-block-heading\">Niveles de Patrocinio<\/h2>\n\n\n\n<div data-wp-interactive=\"core\/file\" class=\"wp-block-file\"><object data-wp-bind--hidden=\"!state.hasPdfPreview\" hidden class=\"wp-block-file__embed\" style=\"width: 100%;height: 600px\" data=\"https:\/\/madrid.wordcamp.org\/2025\/files\/2024\/12\/Patrocinadores-sponsors-2025.pdf\" type=\"application\/pdf\" aria-label=\"Incrustado de Patrocinadores-sponsors-2025.\"><\/object><a id=\"wp-block-file--media-6bdfed97-dfbb-417d-a7dd-0927acc84fe3\" href=\"https:\/\/madrid.wordcamp.org\/2025\/files\/2024\/12\/Patrocinadores-sponsors-2025.pdf\">Patrocinadores-sponsors-2025<\/a><a class=\"wp-block-file__button wp-element-button\" href=\"https:\/\/madrid.wordcamp.org\/2025\/files\/2024\/12\/Patrocinadores-sponsors-2025.pdf\" aria-describedby=\"wp-block-file--media-6bdfed97-dfbb-417d-a7dd-0927acc84fe3\">Descarga<\/a><\/div>\n\n\n\n<div class=\"sponsors\">\r\n<div class=\"content section-inner\">\r\n<div class=\"sponsor platinum\">\r\n<p class=\"title entry-content\"><s>Platino (4.500\u20ac)<\/s> AGOTADO<\/p>\r\n<div class=\"ventajas\">\r\n<h4>Branding Online<\/h4>\r\n<ul>\r\n<li>Presencia global del logotipo de tu empresa en la web de WordCamp Madrid (<a href=\"https:\/\/madrid.wordcamp.org\/2025\">madrid.wordcamp.org<\/a>) con logo tama\u00f1o grande.<\/li>\r\n<li>Presencia notable del logotipo de tu empresa en el pie de cada comunicaci\u00f3n general (newsletter) del evento.<\/li>\r\n<li>Newsletter personalizada poco antes del d\u00eda del evento.<\/li>\r\n<\/ul>\r\n<h4>Branding escenarios<\/h4>\r\n<ul>\r\n<li>Menci\u00f3n y agradecimiento en las intervenciones de apertura y cierre del evento en slide individual.<\/li>\r\n<li>Presencia destacada y prominente del logotipo de tu empresa en la decoraci\u00f3n del escenario A del evento.<\/li>\r\n<li>Presencia destacada y prominente del logotipo de tu empresa en un rollup de la Organizaci\u00f3n en los talleres.<\/li>\r\n<li>Proyecci\u00f3n del logotipo de tu empresa entre ponencia y ponencia.<\/li>\r\n<li>Uso del escenario principal durante 5 minutos para realizar un sorteo al final del evento.<\/li>\r\n<\/ul>\r\n<h4>Branding espacio evento<\/h4>\r\n<ul>\r\n<li>Espacio f\u00edsico: 2 mesas (zona Platino visibilidad a dos bandas).<\/li>\r\n<li>Rollup propio en stand.<\/li>\r\n<li>Presencia del logotipo de tu empresa en la decoraci\u00f3n del photocall principal del evento. Tama\u00f1o Grande.<\/li>\r\n<li>Logo en acreditaciones.<\/li>\r\n<li>Logo en rollup de programa.<\/li>\r\n<li>Rollup en la entrada de los tracks.<\/li>\r\n<\/ul>\r\n<h4>Swag<\/h4>\r\n<ul>\r\n<li>Incluir material en pack de bienvenida (3 items).<\/li>\r\n<\/ul>\r\n<h4>Publicaciones<\/h4>\r\n<ul>\r\n<li>1 Art\u00edculo de agradecimiento en el blog.<\/li>\r\n<li>Menci\u00f3n en Tweets y posts de Facebook\/Instagram desde los perfiles de WCMadrid.<\/li>\r\n<li>Entrevista en redes sociales (por v\u00eddeo) y publicaci\u00f3n en Instagram (live).<\/li>\r\n<li>3 Tweets el d\u00eda del evento (posible Trending Topic).<\/li>\r\n<\/ul>\r\n<h4>Invitaciones<\/h4>\r\n<ul>\r\n<li>3 Entradas a la WordCamp Madrid (intransferibles).<\/li>\r\n<li>3 Invitaciones para la cena de ponentes, patrocinadores, organizadores y voluntarios.<\/li>\r\n<li>2 Entradas a la WordCamp Madrid de uso libre.<\/li>\r\n<\/ul>\r\n<\/div>\r\n<\/div>\r\n<\/div>\r\n<\/div>\n\n\n\n<div class=\"sponsors\">\r\n<div class=\"content section-inner\">\r\n<div class=\"sponsor gold\">\r\n<p class=\"title entry-content\"><s>Oro (3.500\u20ac)<\/s> AGOTADO<\/p>\r\n<div class=\"ventajas\">\r\n<h4>Branding Online<\/h4>\r\n<ul>\r\n<li>Presencia global del logotipo de tu empresa en la web de WordCamp Madrid (<a href=\"https:\/\/madrid.wordcamp.org\/2025\">madrid.wordcamp.org<\/a>) con logo tama\u00f1o grande.<\/li>\r\n<li>Newsletter personalizada poco antes del d\u00eda del evento.<\/li>\r\n<\/ul>\r\n<h4>Branding escenarios<\/h4>\r\n<ul>\r\n<li>Menci\u00f3n y agradecimiento en las intervenciones de apertura y cierre del evento. Tama\u00f1o Grande.<\/li>\r\n<li>Presencia destacada y prominente del logotipo de tu empresa en un rollup de la Organizaci\u00f3n en los talleres (rollup).<\/li>\r\n<li>Proyecci\u00f3n del logotipo de tu empresa entre ponencia y ponencia.<\/li>\r\n<\/ul>\r\n<h4>Branding espacio evento<\/h4>\r\n<ul>\r\n<li>Espacio f\u00edsico: 1 mesa (zona Oro visibilidad a dos bandas).<\/li>\r\n<li>Rollup propio en stand.<\/li>\r\n<li>Presencia del logotipo de tu empresa en la decoraci\u00f3n del photocall principal del evento. Tama\u00f1o medio.<\/li>\r\n<li>Logo en acreditaciones.<\/li>\r\n<li>Logo en rollup de programa.<\/li>\r\n<\/ul>\r\n<h4>Swag<\/h4>\r\n<ul>\r\n<li>Incluir material en pack de bienvenida (2 items).<\/li>\r\n<\/ul>\r\n<h4>Publicaciones<\/h4>\r\n<ul>\r\n<li>1 Art\u00edculo de agradecimiento en el blog.<\/li>\r\n<li>Menci\u00f3n en Tweets y posts de Facebook\/Instagram desde los perfiles de WCMadrid.<\/li>\r\n<li>2 Tweets el d\u00eda del evento (posible Trending Topic).<\/li>\r\n<\/ul>\r\n<h4>Invitaciones<\/h4>\r\n<ul>\r\n<li>2 Entradas a la WordCamp Madrid (intransferibles).<\/li>\r\n<li>2 Invitaciones para la cena de ponentes, patrocinadores, organizadores y voluntarios.<\/li>\r\n<li>2 Entradas a la WordCamp Madrid de uso libre.<\/li>\r\n<\/ul>\r\n<\/div>\r\n<\/div>\r\n<\/div>\r\n<\/div>\n\n\n\n<div class=\"sponsors\">\r\n<div class=\"content section-inner\">\r\n<div class=\"sponsor silver\">\r\n<p class=\"title entry-content\">Plata (2.500\u20ac) 1 Plaza<\/p>\r\n<div class=\"ventajas\">\r\n<h4>Branding Online<\/h4>\r\n<ul>\r\n<li>Presencia global del logotipo de tu empresa en la web de WordCamp Madrid (<a href=\"https:\/\/madrid.wordcamp.org\/2025\">madrid.wordcamp.org<\/a>) con logo tama\u00f1o medio.<\/li>\r\n<\/ul>\r\n<h4>Branding escenarios<\/h4>\r\n<ul>\r\n<li>Menci\u00f3n y agradecimiento en las intervenciones de apertura y cierre del evento con logo tama\u00f1o medio.<\/li>\r\n<\/ul>\r\n<h4>Branding espacio evento<\/h4>\r\n<ul>\r\n<li>Espacio f\u00edsico: 1 mesa (zona Plata).<\/li>\r\n<li>Rollup propio en stand.<\/li>\r\n<li>Presencia del logotipo de tu empresa en la decoraci\u00f3n del photocall principal del evento. Tama\u00f1o peque\u00f1o.<\/li>\r\n<\/ul>\r\n<h4>Swag<\/h4>\r\n<ul>\r\n<li>Incluir material en pack de bienvenida (1 item).<\/li>\r\n<\/ul>\r\n<h4>Publicaciones<\/h4>\r\n<ul>\r\n<li>1 Art\u00edculo de agradecimiento en el blog.<\/li>\r\n<li>Menci\u00f3n en Tweets y posts de Facebook\/Instagram desde los perfiles de WCMadrid.<\/li>\r\n<li>1 Tweets el d\u00eda del evento (posible Trending Topic) compartido con todos los patrocinadores de Nivel Plata.<\/li>\r\n<\/ul>\r\n<h4>Invitaciones<\/h4>\r\n<ul>\r\n<li>1 Entrada a la WordCamp Madrid (intransferibles).<\/li>\r\n<li>1 Invitaci\u00f3n para la cena de ponentes, patrocinadores, organizadores y voluntarios.<\/li>\r\n<li>1 Entrada a la WordCamp Madrid de uso libre.<\/li>\r\n<\/ul>\r\n<\/div>\r\n<\/div>\r\n<\/div>\r\n<\/div>\n\n\n\n<div class=\"sponsors\">\r\n<div class=\"content section-inner\">\r\n<div class=\"sponsor bronce\">\r\n<p class=\"title entry-content\">Bronce (1000\u20ac) 7 Plazas<\/p>\r\n<div class=\"ventajas\">\r\n<h4>Branding Online<\/h4>\r\n<ul>\r\n<li>Presencia global del logotipo de tu empresa en la web de WordCamp Madrid (<a href=\"https:\/\/madrid.wordcamp.org\/2025\">madrid.wordcamp.org\/2025<\/a>) con logo tama\u00f1o peque\u00f1o.<\/li>\r\n<\/ul>\r\n<h4>Branding escenarios<\/h4>\r\n<ul>\r\n<li>Menci\u00f3n y agradecimiento en las intervenciones de apertura y cierre del evento conjunto con todos los patrocinadores Bronce.<\/li>\r\n<\/ul>\r\n<h4>Branding espacio evento<\/h4>\r\n<ul>\r\n<li>Espacio f\u00edsico: 1 mesa compartida (zona bronce).<\/li>\r\n<\/ul>\r\n<h4>Swag<\/h4>\r\n<ul>\r\n<li>Incluir material en pack de bienvenida (1 item).<\/li>\r\n<\/ul>\r\n<h4>Publicaciones<\/h4>\r\n<ul>\r\n<li>1 Art\u00edculo de agradecimiento gen\u00e9rico en el blog.<\/li>\r\n<li>Menci\u00f3n en Tweets y posts de Facebook\/Instagram desde los perfiles de WCMadrid.<\/li>\r\n<\/ul>\r\n<\/div>\r\n<\/div>\r\n<\/div>\r\n<\/div>\n\n\n\n<div class=\"sponsors\">\r\n<div class=\"content section-inner\">\r\n<div class=\"sponsor colaborador\">\r\n<p class=\"title entry-content\">Colaborador (450\u20ac) 4 Plazas<\/p>\r\n<div class=\"ventajas\">\r\n<h4>Branding Online<\/h4>\r\n<ul>\r\n<li>Presencia global del logotipo de tu empresa en la web de WordCamp Madrid (<a href=\"https:\/\/madrid.wordcamp.org\/2025\">madrid.wordcamp.org\/2025<\/a>) con logo tama\u00f1o peque\u00f1o.<\/li>\r\n<\/ul>\r\n<h4>Branding escenarios<\/h4>\r\n<ul>\r\n<li>Menci\u00f3n y agradecimiento en las intervenciones de apertura y cierre del evento conjunto con todos los patrocinadores.<\/li>\r\n<\/ul>\r\n<h4>Branding espacio evento<\/h4>\r\n<ul>\r\n<li>Espacio f\u00edsico: 1 mesa alta compartida (zona colaboradores).<\/li>\r\n<\/ul>\r\n<h4>Publicaciones<\/h4>\r\n<ul>\r\n<li>1 Art\u00edculo de agradecimiento gen\u00e9rico en el blog.<\/li>\r\n<li>1 Menci\u00f3n en Tweets y posts de Facebook\/Instagram desde los perfiles de WCMadrid.<\/li>\r\n<\/ul>\r\n<\/div>\r\n<\/div>\r\n<\/div>\r\n<\/div>\n\n\n\n<h2 class=\"wp-block-heading\"><strong>Patrocinios tem\u00e1ticos<\/strong><\/h2>\n\n\n\n<p>Esta edici\u00f3n, tambi\u00e9n tenemos 4 patrocinios tem\u00e1ticos,&nbsp;<strong>Party<\/strong>,&nbsp;<strong>Espacio<\/strong>&nbsp;<strong>Conecta<\/strong>,&nbsp;<strong>Desayuno Chocochurros&nbsp;<\/strong>y&nbsp;<strong>Ludoteca<\/strong>, quedando establecidos como se detallan m\u00e1s abajo.<\/p>\n\n\n\n<div class=\"sponsors\">\n<div class=\"content section-inner\">\n<div class=\"sponsor party\">\n<p class=\"title entry-content\"><s>Party (2.500\u20ac)<\/s> AGOTADO<\/p>\n<div class=\"ventajas\">\n<h4>Branding Online<\/h4>\n<ul>\n<li>Presencia global del logotipo de tu empresa en la web de WordCamp Madrid (<a href=\"https:\/\/madrid.wordcamp.org\/2025\">madrid.wordcamp.org<\/a>) con logo tama\u00f1o grande, enlazando a la web de tu empresa.<\/li>\n<li>Presencia notable del logotipo de tu empresa en el pie de cada comunicaci\u00f3n general (newsletter) del evento.<\/li>\n<li>Newsletter personalizada poco antes del d\u00eda del evento.<\/li>\n<\/ul>\n<h4>Branding en el evento<\/h4>\n<ul>\n<li>Menci\u00f3n y agradecimiento en las intervenciones de apertura y cierre del evento en slide individual. Logo grande<\/li>\n<li><b>Pancarta grande durante todo el tiempo que dure la fiesta (2 horas aproximadamente), como patrocinador de este espacio.<\/b><\/li>\n<\/ul>\n<h4>Swag<\/h4>\n<ul>\n<li>Incluir material en pack de bienvenida (1 item).<\/li>\n<\/ul>\n<h4>Invitaciones<\/h4>\n<ul>\n<li>2 Entradas a la WordCamp Madrid (intransferibles).<\/li>\n<li>1 Invitaci\u00f3n para la cena de ponentes, patrocinadores, organizadores y voluntarios.<\/li>\n<\/ul>\n<h4>Publicaciones<\/h4>\n<ul>\n<li>Menci\u00f3n en redes sociales, el d\u00eda del evento, durante el tiempo en que se est\u00e9 celebrando la fiesta<\/li>\n<\/ul>\n<\/div>\n<\/div>\n<\/div>\n<\/div>\n\n\n\n<div class=\"sponsors\">\r\n<div class=\"content section-inner\">\r\n<div class=\"sponsor conecta\">\r\n<p class=\"title entry-content\">Conecta (2000\u20ac) 1 Plaza<\/p>\r\n<div class=\"ventajas\">\r\n<h4>Branding Online<\/h4>\r\n<ul>\r\n<li>Presencia global del logotipo de tu empresa en la web de WordCamp Madrid (<a href=\"https:\/\/madrid.wordcamp.org\/2025\">madrid.wordcamp.org<\/a>) con logo tama\u00f1o mediano, enlazando a la web de tu empresa.<\/li>\r\n<li>Newsletter personalizada poco antes del d\u00eda del evento.<\/li>\r\n<\/ul>\r\n<h4>Branding en el evento<\/h4>\r\n<ul>\r\n<li>Menci\u00f3n y agradecimiento en las intervenciones de apertura y cierre del evento. Tama\u00f1o mediano.<\/li>\r\n<li><b>Pancarta o t\u00f3tem con logotipo como patrocinador de este espacio.<\/b><\/li>\r\n<\/ul>\r\n<h4>Swag<\/h4>\r\n<ul>\r\n<li>Incluir material en pack de bienvenida (1 item).<\/li>\r\n<\/ul>\r\n<h4>Invitaciones<\/h4>\r\n<ul>\r\n<li>2 Entradas a la WordCamp Madrid (intransferibles).<\/li>\r\n<li>1 Invitaci\u00f3n para la cena de ponentes, patrocinadores, organizadores y voluntarios.<\/li>\r\n<\/ul>\r\n<\/div>\r\n<\/div>\r\n<\/div>\r\n<\/div>\n\n\n\n<div class=\"sponsors\">\r\n<div class=\"content section-inner\">\r\n<div class=\"sponsor chocochurros\">\r\n<p class=\"title entry-content\">Chocochurros (1000\u20ac) 1 Plaza<\/p>\r\n<div class=\"ventajas\">\r\n<h4>Branding Online<\/h4>\r\n<ul>\r\n<li>Presencia global del logotipo de tu empresa en la web de WordCamp Madrid (<a href=\"https:\/\/madrid.wordcamp.org\/2025\">madrid.wordcamp.org<\/a>) con logo tama\u00f1o mediano, enlazando a la web de tu empresa.<\/li>\r\n<\/ul>\r\n<h4>Branding en el evento<\/h4>\r\n<ul>\r\n<li>Menci\u00f3n y agradecimiento en las intervenciones de apertura y cierre del evento. Tama\u00f1o mediano.<\/li>\r\n<li><b>Lona con logotipo durante todo el tiempo que dure el desayuno (40 minutos aproximadamente), como patrocinador de este espacio.<\/b><\/li>\r\n<\/ul>\r\n<h4>Invitaciones<\/h4>\r\n<ul>\r\n<li>1 Entradas a la WordCamp Madrid (intransferibles).<\/li>\r\n<\/ul>\r\n<\/div>\r\n<\/div>\r\n<\/div>\r\n<\/div>\r\n<p><del>\n\n\n\n<\/del><\/p>\r\n<div class=\"sponsors\">\r\n<div class=\"content section-inner\">\r\n<div class=\"sponsor ludoteca\">\r\n<p class=\"title entry-content\"><del>Ludoteca (1.000\u20ac)<\/del> AGOTADO<\/p>\r\n<div class=\"ventajas\">\r\n<h4>Branding Online<\/h4>\r\n<ul>\r\n<li>Presencia global del logotipo de tu empresa en la web de WordCamp Madrid (<a href=\"https:\/\/madrid.wordcamp.org\/2025\">madrid.wordcamp.org<\/a>) con logo tama\u00f1o mediano, enlazando a la web de tu empresa.<\/li>\r\n<\/ul>\r\n<h4>Branding en el evento<\/h4>\r\n<ul>\r\n<li>Roller como patrocinador del espacio.<\/li>\r\n<\/ul>\r\n<\/div>\r\n<\/div>\r\n<\/div>\r\n<\/div>\n\n\n\n<ul class=\"wp-block-list\">\n<li>Los slots de cada espacio&nbsp;<strong>se reservar\u00e1n por orden de petici\u00f3n<\/strong>.<\/li>\n\n\n\n<li>Una vez realizada la reserva, contactaremos contigo por email y te remitiremos la factura, la cual deber\u00e1s&nbsp;<strong>abonar en los siguientes 7 d\u00edas<\/strong>.<\/li>\n\n\n\n<li>En el caso de no hacerlo, la plaza quedar\u00e1 libre y&nbsp;<strong>pasar\u00e1 al siguiente<\/strong>&nbsp;interesado de la lista.<\/li>\n\n\n\n<li>Una vez que la factura haya sido abonada, cerraremos el formulario para ese espacio y no se admitir\u00e1n m\u00e1s solicitudes.<\/li>\n\n\n\n<li>Todos los solicitantes ser\u00e1n informados por el equipo de sponsors, mediante email y&nbsp;<strong>con total transparencia<\/strong>, del estado de su solicitud.<\/li>\n<\/ul>\n\n\n\n<iframe loading=\"lazy\" src=\"https:\/\/docs.google.com\/forms\/d\/e\/1FAIpQLSflkr-yyNkWB35H01oDFA1FIGMG-WX3c2C_am-L44fYcK_aVA\/viewform?embedded=true\" frameborder=\"0\" width=\"580\" height=\"900\" marginheight=\"0\" marginwidth=\"0\" allowfullscreen=\"true\" mozallowfullscreen=\"true\" webkitallowfullscreen=\"true\"><\/iframe>\n","protected":false},"excerpt":{"rendered":"<p>Estamos emocionados de presentar WordCamp Madrid 2025, el evento m\u00e1s multitudinario sobre WordPress en Espa\u00f1a. Como organizadores, nos esforzamos por ofrecer una experiencia inolvidable a todos los asistentes, y para lograrlo, contamos con el apoyo de patrocinadores comprometidos. Si quieres destacar tu marca, conectar con la comunidad de WordPress y mostrar tu apoyo a esta [&hellip;]<\/p>\n","protected":false},"author":21018711,"featured_media":1863,"parent":0,"menu_order":0,"comment_status":"closed","ping_status":"closed","template":"","meta":{"advanced_seo_description":"","jetpack_seo_html_title":"","jetpack_seo_noindex":false,"jetpack_post_was_ever_published":true,"footnotes":""},"class_list":["post-1062","page","type-page","status-publish","has-post-thumbnail","hentry"],"jetpack-related-posts":[{"id":546,"url":"https:\/\/madrid.wordcamp.org\/2025\/","url_meta":{"origin":1062,"position":0},"title":"Inicio","author":"Javier Salinas","date":"23\/06\/2024","format":false,"excerpt":"7 y 8 de Marzo Universidad CEU San Pablo | Campus Montepr\u00edncipe +30 PONENTES CHARLAS Y TALLERES CA\u00d1AS Y TAPAS ZONA DE SPONSORS KARAOKE Y SORTEOS ...Y MUCHO M\u00c1S Llamada a ponentes Comparte con la Comunidad. Env\u00edanos tu propuesta como Ponente de WordCamp Madrid 2025. Ganar\u00e1s visibilidad a la vez\u2026","rel":"","context":"Entrada similar","block_context":{"text":"Entrada similar","link":""},"img":{"alt_text":"","src":"https:\/\/i0.wp.com\/madrid.wordcamp.org\/2025\/files\/2024\/12\/foto-familia-wordcamp-madrid-2023.jpg?fit=799%2C533&ssl=1&resize=350%2C200","width":350,"height":200,"srcset":"https:\/\/i0.wp.com\/madrid.wordcamp.org\/2025\/files\/2024\/12\/foto-familia-wordcamp-madrid-2023.jpg?fit=799%2C533&ssl=1&resize=350%2C200 1x, https:\/\/i0.wp.com\/madrid.wordcamp.org\/2025\/files\/2024\/12\/foto-familia-wordcamp-madrid-2023.jpg?fit=799%2C533&ssl=1&resize=525%2C300 1.5x, https:\/\/i0.wp.com\/madrid.wordcamp.org\/2025\/files\/2024\/12\/foto-familia-wordcamp-madrid-2023.jpg?fit=799%2C533&ssl=1&resize=700%2C400 2x"},"classes":[]},{"id":994,"url":"https:\/\/madrid.wordcamp.org\/2025\/conoce-wordpress\/","url_meta":{"origin":1062,"position":1},"title":"Conoce WordPress","author":"Javier Salinas","date":"17\/09\/2024","format":false,"excerpt":"PROP\u00d3SITO WordCamp Madrid\u00a0cree en una\u00a0comunidad abierta\u00a0a todo el mundo. Como tal, estamos comprometidos a proporcionar un\u00a0ambiente amigable, seguro y acogedor\u00a0para todos independientemente de su sexo, orientaci\u00f3n sexual, discapacidad, etnia, religi\u00f3n, sistema operativo preferido, lenguaje de programaci\u00f3n o editor de texto. Este c\u00f3digo de conducta resume nuestras expectativas para el\u00a0comportamiento de\u2026","rel":"","context":"Entrada similar","block_context":{"text":"Entrada similar","link":""},"img":{"alt_text":"","src":"https:\/\/i0.wp.com\/madrid.wordcamp.org\/2025\/files\/2024\/12\/cropped-favicon.png?fit=512%2C512&resize=350%2C200#038;ssl=1","width":350,"height":200},"classes":[]},{"id":20,"url":"https:\/\/madrid.wordcamp.org\/2025\/codigo-de-conducta\/","url_meta":{"origin":1062,"position":2},"title":"C\u00f3digo de conducta","author":"Carlota Galv\u00e1n","date":"16\/04\/2024","format":false,"excerpt":"PROP\u00d3SITO WordCamp Madrid\u00a0cree en una\u00a0comunidad abierta\u00a0a todo el mundo. Como tal, estamos comprometidos a proporcionar un\u00a0ambiente amigable, seguro y acogedor\u00a0para todos independientemente de su sexo, orientaci\u00f3n sexual, discapacidad, etnia, religi\u00f3n, sistema operativo preferido, lenguaje de programaci\u00f3n o editor de texto. Este c\u00f3digo de conducta resume nuestras expectativas para el\u00a0comportamiento de\u2026","rel":"","context":"Entrada similar","block_context":{"text":"Entrada similar","link":""},"img":{"alt_text":"","src":"https:\/\/i0.wp.com\/madrid.wordcamp.org\/2025\/files\/2024\/12\/cropped-favicon.png?fit=512%2C512&resize=350%2C200#038;ssl=1","width":350,"height":200},"classes":[]},{"id":7,"url":"https:\/\/madrid.wordcamp.org\/2025\/programa\/","url_meta":{"origin":1062,"position":3},"title":"Programa","author":"Carlota Galv\u00e1n","date":"16\/04\/2024","format":false,"excerpt":"Este es el programa de ponencias y talleres que se impartir\u00e1n en WordCamp Madrid 2025, en tres salas, de manera simult\u00e1nea.","rel":"","context":"Entrada similar","block_context":{"text":"Entrada similar","link":""},"img":{"alt_text":"","src":"https:\/\/i0.wp.com\/madrid.wordcamp.org\/2025\/files\/2024\/12\/cropped-favicon.png?fit=512%2C512&resize=350%2C200#038;ssl=1","width":350,"height":200},"classes":[]},{"id":14,"url":"https:\/\/madrid.wordcamp.org\/2025\/asistentes-a-wcmad\/","url_meta":{"origin":1062,"position":4},"title":"Asistentes a #WCMAD","author":"Carlota Galv\u00e1n","date":"14\/09\/2024","format":false,"excerpt":"B\u00fascate o simplemente echa un vistazo a los fant\u00e1sticos asistentes a WordCamp Madrid 2025 \u00a1conocer\u00e1s a gente genial! Recuerda que, en este listado, \u00fanicamente aparecen los asistentes que han consentido hacer p\u00fablica su asistencia, por lo que NO aparecen todas las personas que han comprado su entrada. En muchos de\u2026","rel":"","context":"Entrada similar","block_context":{"text":"Entrada similar","link":""},"img":{"alt_text":"","src":"https:\/\/i0.wp.com\/madrid.wordcamp.org\/2025\/files\/2024\/12\/cropped-favicon.png?fit=512%2C512&resize=350%2C200#038;ssl=1","width":350,"height":200},"classes":[]},{"id":11,"url":"https:\/\/madrid.wordcamp.org\/2025\/ubicacion\/","url_meta":{"origin":1062,"position":5},"title":"Ubicaci\u00f3n de #WCMAD","author":"Carlota Galv\u00e1n","date":"16\/04\/2024","format":false,"excerpt":"Queremos que tu experiencia en WordCamp Madrid 2025 sea inolvidable y para ello hemos elegido uno de los mejores locales posibles para el evento. En esta ocasi\u00f3n lo celebraremos en la Universidad CEU San Pablo, una absoluta belleza y gozada de sitio. Es un sitio incre\u00edble, con ampl\u00edsimos espacios, un\u2026","rel":"","context":"Entrada similar","block_context":{"text":"Entrada similar","link":""},"img":{"alt_text":"","src":"https:\/\/i0.wp.com\/madrid.wordcamp.org\/2025\/files\/2024\/12\/image.png?resize=350%2C200","width":350,"height":200,"srcset":"https:\/\/i0.wp.com\/madrid.wordcamp.org\/2025\/files\/2024\/12\/image.png?resize=350%2C200 1x, https:\/\/i0.wp.com\/madrid.wordcamp.org\/2025\/files\/2024\/12\/image.png?resize=525%2C300 1.5x, https:\/\/i0.wp.com\/madrid.wordcamp.org\/2025\/files\/2024\/12\/image.png?resize=700%2C400 2x"},"classes":[]}],"jetpack_sharing_enabled":true,"_links":{"self":[{"href":"https:\/\/madrid.wordcamp.org\/2025\/wp-json\/wp\/v2\/pages\/1062","targetHints":{"allow":["GET"]}}],"collection":[{"href":"https:\/\/madrid.wordcamp.org\/2025\/wp-json\/wp\/v2\/pages"}],"about":[{"href":"https:\/\/madrid.wordcamp.org\/2025\/wp-json\/wp\/v2\/types\/page"}],"author":[{"embeddable":true,"href":"https:\/\/madrid.wordcamp.org\/2025\/wp-json\/wp\/v2\/users\/21018711"}],"replies":[{"embeddable":true,"href":"https:\/\/madrid.wordcamp.org\/2025\/wp-json\/wp\/v2\/comments?post=1062"}],"version-history":[{"count":36,"href":"https:\/\/madrid.wordcamp.org\/2025\/wp-json\/wp\/v2\/pages\/1062\/revisions"}],"predecessor-version":[{"id":3466,"href":"https:\/\/madrid.wordcamp.org\/2025\/wp-json\/wp\/v2\/pages\/1062\/revisions\/3466"}],"wp:featuredmedia":[{"embeddable":true,"href":"https:\/\/madrid.wordcamp.org\/2025\/wp-json\/wp\/v2\/media\/1863"}],"wp:attachment":[{"href":"https:\/\/madrid.wordcamp.org\/2025\/wp-json\/wp\/v2\/media?parent=1062"}],"curies":[{"name":"wp","href":"https:\/\/api.w.org\/{rel}","templated":true}]}}