{"id":11,"date":"2024-04-16T09:15:25","date_gmt":"2024-04-16T07:15:25","guid":{"rendered":"https:\/\/madrid.wordcamp.org\/2024\/location\/"},"modified":"2024-12-11T22:00:11","modified_gmt":"2024-12-11T21:00:11","slug":"ubicacion","status":"publish","type":"page","link":"https:\/\/madrid.wordcamp.org\/2025\/ubicacion\/","title":{"rendered":"Ubicaci\u00f3n de #WCMAD"},"content":{"rendered":"\n<p class=\"wp-block-paragraph\">Queremos que tu experiencia en WordCamp Madrid 2025 sea inolvidable y para ello hemos elegido uno de los mejores locales posibles para el evento.<\/p>\n\n\n\n<p class=\"wp-block-paragraph\">En esta ocasi\u00f3n lo celebraremos en la <a aria-label=\"CEU San Pablo (abre en una nueva pesta\u00f1a)\" href=\"http:\/\/www.uspceu.com\/\" target=\"_blank\" rel=\"noreferrer noopener\">Universidad CEU San Pablo<\/a>, una absoluta belleza y gozada de sitio.<\/p>\n\n\n\n<p class=\"wp-block-paragraph\">Es un sitio incre\u00edble, con ampl\u00edsimos espacios, un dise\u00f1o espectacular, f\u00e1ciles accesos, l\u00edneas 571, 573, 574 de autobuses y l\u00ednea 3 de Metro Ligero.<\/p>\n\n\n\n<figure class=\"wp-block-gallery has-nested-images columns-default is-cropped wp-block-gallery-1 is-layout-flex wp-block-gallery-is-layout-flex\">\n<figure class=\"wp-block-image size-full\"><img data-recalc-dims=\"1\" loading=\"lazy\" decoding=\"async\" width=\"580\" height=\"435\" data-attachment-id=\"1469\" data-permalink=\"https:\/\/madrid.wordcamp.org\/2025\/?attachment_id=1469\" data-orig-file=\"https:\/\/i0.wp.com\/madrid.wordcamp.org\/2025\/files\/2024\/12\/image.png?fit=1024%2C768&amp;ssl=1\" data-orig-size=\"1024,768\" data-comments-opened=\"1\" data-image-meta=\"{&quot;aperture&quot;:&quot;0&quot;,&quot;credit&quot;:&quot;&quot;,&quot;camera&quot;:&quot;&quot;,&quot;caption&quot;:&quot;&quot;,&quot;created_timestamp&quot;:&quot;0&quot;,&quot;copyright&quot;:&quot;&quot;,&quot;focal_length&quot;:&quot;0&quot;,&quot;iso&quot;:&quot;0&quot;,&quot;shutter_speed&quot;:&quot;0&quot;,&quot;title&quot;:&quot;&quot;,&quot;orientation&quot;:&quot;0&quot;}\" data-image-title=\"image\" data-image-description=\"\" data-image-caption=\"\" data-large-file=\"https:\/\/i0.wp.com\/madrid.wordcamp.org\/2025\/files\/2024\/12\/image.png?fit=580%2C435&amp;ssl=1\" data-id=\"1469\" src=\"https:\/\/i0.wp.com\/madrid.wordcamp.org\/2025\/files\/2024\/12\/image.png?resize=580%2C435&#038;ssl=1\" alt=\"\" class=\"wp-image-1469\" srcset=\"https:\/\/i0.wp.com\/madrid.wordcamp.org\/2025\/files\/2024\/12\/image.png?w=1024&amp;ssl=1 1024w, https:\/\/i0.wp.com\/madrid.wordcamp.org\/2025\/files\/2024\/12\/image.png?resize=300%2C225&amp;ssl=1 300w, https:\/\/i0.wp.com\/madrid.wordcamp.org\/2025\/files\/2024\/12\/image.png?resize=768%2C576&amp;ssl=1 768w, https:\/\/i0.wp.com\/madrid.wordcamp.org\/2025\/files\/2024\/12\/image.png?resize=400%2C300&amp;ssl=1 400w\" sizes=\"auto, (max-width: 580px) 100vw, 580px\" \/><\/figure>\n\n\n\n<figure class=\"wp-block-image size-full\"><img data-recalc-dims=\"1\" loading=\"lazy\" decoding=\"async\" width=\"580\" height=\"435\" data-attachment-id=\"1470\" data-permalink=\"https:\/\/madrid.wordcamp.org\/2025\/?attachment_id=1470\" data-orig-file=\"https:\/\/i0.wp.com\/madrid.wordcamp.org\/2025\/files\/2024\/12\/mostrar-una-sala-llena-de-espectadores-sentados-en-butacas-donde.png?fit=1024%2C768&amp;ssl=1\" data-orig-size=\"1024,768\" data-comments-opened=\"1\" data-image-meta=\"{&quot;aperture&quot;:&quot;0&quot;,&quot;credit&quot;:&quot;&quot;,&quot;camera&quot;:&quot;&quot;,&quot;caption&quot;:&quot;&quot;,&quot;created_timestamp&quot;:&quot;0&quot;,&quot;copyright&quot;:&quot;&quot;,&quot;focal_length&quot;:&quot;0&quot;,&quot;iso&quot;:&quot;0&quot;,&quot;shutter_speed&quot;:&quot;0&quot;,&quot;title&quot;:&quot;&quot;,&quot;orientation&quot;:&quot;0&quot;}\" data-image-title=\"mostrar-una-sala-llena-de-espectadores-sentados-en-butacas-donde\" data-image-description=\"\" data-image-caption=\"\" data-large-file=\"https:\/\/i0.wp.com\/madrid.wordcamp.org\/2025\/files\/2024\/12\/mostrar-una-sala-llena-de-espectadores-sentados-en-butacas-donde.png?fit=580%2C435&amp;ssl=1\" data-id=\"1470\" src=\"https:\/\/i0.wp.com\/madrid.wordcamp.org\/2025\/files\/2024\/12\/mostrar-una-sala-llena-de-espectadores-sentados-en-butacas-donde.png?resize=580%2C435&#038;ssl=1\" alt=\"\" class=\"wp-image-1470\" srcset=\"https:\/\/i0.wp.com\/madrid.wordcamp.org\/2025\/files\/2024\/12\/mostrar-una-sala-llena-de-espectadores-sentados-en-butacas-donde.png?w=1024&amp;ssl=1 1024w, https:\/\/i0.wp.com\/madrid.wordcamp.org\/2025\/files\/2024\/12\/mostrar-una-sala-llena-de-espectadores-sentados-en-butacas-donde.png?resize=300%2C225&amp;ssl=1 300w, https:\/\/i0.wp.com\/madrid.wordcamp.org\/2025\/files\/2024\/12\/mostrar-una-sala-llena-de-espectadores-sentados-en-butacas-donde.png?resize=768%2C576&amp;ssl=1 768w, https:\/\/i0.wp.com\/madrid.wordcamp.org\/2025\/files\/2024\/12\/mostrar-una-sala-llena-de-espectadores-sentados-en-butacas-donde.png?resize=400%2C300&amp;ssl=1 400w\" sizes=\"auto, (max-width: 580px) 100vw, 580px\" \/><\/figure>\n\n\n\n<figure class=\"wp-block-image size-full\"><img data-recalc-dims=\"1\" loading=\"lazy\" decoding=\"async\" width=\"580\" height=\"435\" data-attachment-id=\"1477\" data-permalink=\"https:\/\/madrid.wordcamp.org\/2025\/ubicacion\/attachment\/imagen-del-salon-de-actos-de-una-universidad-moderna-donde\/\" data-orig-file=\"https:\/\/i0.wp.com\/madrid.wordcamp.org\/2025\/files\/2024\/12\/imagen-del-salon-de-actos-de-una-universidad-moderna-donde.png?fit=1024%2C768&amp;ssl=1\" data-orig-size=\"1024,768\" data-comments-opened=\"1\" data-image-meta=\"{&quot;aperture&quot;:&quot;0&quot;,&quot;credit&quot;:&quot;&quot;,&quot;camera&quot;:&quot;&quot;,&quot;caption&quot;:&quot;&quot;,&quot;created_timestamp&quot;:&quot;0&quot;,&quot;copyright&quot;:&quot;&quot;,&quot;focal_length&quot;:&quot;0&quot;,&quot;iso&quot;:&quot;0&quot;,&quot;shutter_speed&quot;:&quot;0&quot;,&quot;title&quot;:&quot;&quot;,&quot;orientation&quot;:&quot;0&quot;}\" data-image-title=\"imagen-del-salon-de-actos-de-una-universidad-moderna-donde\" data-image-description=\"\" data-image-caption=\"\" data-large-file=\"https:\/\/i0.wp.com\/madrid.wordcamp.org\/2025\/files\/2024\/12\/imagen-del-salon-de-actos-de-una-universidad-moderna-donde.png?fit=580%2C435&amp;ssl=1\" data-id=\"1477\" src=\"https:\/\/i0.wp.com\/madrid.wordcamp.org\/2025\/files\/2024\/12\/imagen-del-salon-de-actos-de-una-universidad-moderna-donde.png?resize=580%2C435&#038;ssl=1\" alt=\"\" class=\"wp-image-1477\" srcset=\"https:\/\/i0.wp.com\/madrid.wordcamp.org\/2025\/files\/2024\/12\/imagen-del-salon-de-actos-de-una-universidad-moderna-donde.png?w=1024&amp;ssl=1 1024w, https:\/\/i0.wp.com\/madrid.wordcamp.org\/2025\/files\/2024\/12\/imagen-del-salon-de-actos-de-una-universidad-moderna-donde.png?resize=300%2C225&amp;ssl=1 300w, https:\/\/i0.wp.com\/madrid.wordcamp.org\/2025\/files\/2024\/12\/imagen-del-salon-de-actos-de-una-universidad-moderna-donde.png?resize=768%2C576&amp;ssl=1 768w, https:\/\/i0.wp.com\/madrid.wordcamp.org\/2025\/files\/2024\/12\/imagen-del-salon-de-actos-de-una-universidad-moderna-donde.png?resize=400%2C300&amp;ssl=1 400w\" sizes=\"auto, (max-width: 580px) 100vw, 580px\" \/><\/figure>\n\n\n\n<figure class=\"wp-block-image size-full\"><img data-recalc-dims=\"1\" loading=\"lazy\" decoding=\"async\" width=\"580\" height=\"387\" data-attachment-id=\"998\" data-permalink=\"https:\/\/madrid.wordcamp.org\/2025\/inicio\/attachment\/ceu_madrid\/\" data-orig-file=\"https:\/\/i0.wp.com\/madrid.wordcamp.org\/2025\/files\/2024\/09\/CEU_Madrid.jpg?fit=1417%2C945&amp;ssl=1\" data-orig-size=\"1417,945\" data-comments-opened=\"1\" data-image-meta=\"{&quot;aperture&quot;:&quot;0&quot;,&quot;credit&quot;:&quot;&quot;,&quot;camera&quot;:&quot;&quot;,&quot;caption&quot;:&quot;&quot;,&quot;created_timestamp&quot;:&quot;0&quot;,&quot;copyright&quot;:&quot;&quot;,&quot;focal_length&quot;:&quot;0&quot;,&quot;iso&quot;:&quot;0&quot;,&quot;shutter_speed&quot;:&quot;0&quot;,&quot;title&quot;:&quot;&quot;,&quot;orientation&quot;:&quot;0&quot;}\" data-image-title=\"CEU_Madrid\" data-image-description=\"\" data-image-caption=\"\" data-large-file=\"https:\/\/i0.wp.com\/madrid.wordcamp.org\/2025\/files\/2024\/09\/CEU_Madrid.jpg?fit=580%2C387&amp;ssl=1\" data-id=\"998\" src=\"https:\/\/i0.wp.com\/madrid.wordcamp.org\/2025\/files\/2024\/09\/CEU_Madrid.jpg?resize=580%2C387&#038;ssl=1\" alt=\"\" class=\"wp-image-998\" srcset=\"https:\/\/i0.wp.com\/madrid.wordcamp.org\/2025\/files\/2024\/09\/CEU_Madrid.jpg?w=1417&amp;ssl=1 1417w, https:\/\/i0.wp.com\/madrid.wordcamp.org\/2025\/files\/2024\/09\/CEU_Madrid.jpg?resize=300%2C200&amp;ssl=1 300w, https:\/\/i0.wp.com\/madrid.wordcamp.org\/2025\/files\/2024\/09\/CEU_Madrid.jpg?resize=1024%2C683&amp;ssl=1 1024w, https:\/\/i0.wp.com\/madrid.wordcamp.org\/2025\/files\/2024\/09\/CEU_Madrid.jpg?resize=768%2C512&amp;ssl=1 768w, https:\/\/i0.wp.com\/madrid.wordcamp.org\/2025\/files\/2024\/09\/CEU_Madrid.jpg?resize=450%2C300&amp;ssl=1 450w, https:\/\/i0.wp.com\/madrid.wordcamp.org\/2025\/files\/2024\/09\/CEU_Madrid.jpg?resize=1200%2C800&amp;ssl=1 1200w\" sizes=\"auto, (max-width: 580px) 100vw, 580px\" \/><\/figure>\n\n\n\n<figure class=\"wp-block-image size-large\"><img data-recalc-dims=\"1\" height=\"326\" width=\"580\" decoding=\"async\" data-id=\"898\" src=\"https:\/\/i0.wp.com\/madrid.wordcamp.org\/2023\/files\/2023\/03\/butacas-track-a-1024x576.jpg?resize=580%2C326&#038;ssl=1\" alt=\"La Nave de Madrid vista butacas.\" class=\"wp-image-898\" \/><\/figure>\n<\/figure>\n\n\n\n<h3 class=\"wp-block-heading\">Direcci\u00f3n:<\/h3>\n\n\n\n<p class=\"wp-block-paragraph\">Av. de Montepr\u00edncipe, s\/n, 28668 Boadilla del Monte, Madrid<\/p>\n\n\n\n<h3 class=\"wp-block-heading\">C\u00f3mo llegar:<\/h3>\n\n\n\n<ul class=\"wp-block-list\">\n<li>En autob\u00fas interurbano:\n<ul class=\"wp-block-list\">\n<li> <a href=\"https:\/\/www.crtm.es\/datos_lineas\/horarios\/8571H1.pdf\" target=\"_blank\" rel=\"noreferrer noopener\">L\u00ednea 571<\/a> y <a href=\"https:\/\/www.crtm.es\/datos_lineas\/horarios\/8574H1.pdf\" target=\"_blank\" rel=\"noreferrer noopener\">L\u00ednea 574<\/a> (Salida desde ALUCHE)<\/li>\n\n\n\n<li> <a href=\"https:\/\/www.crtm.es\/datos_lineas\/horarios\/8573H1.pdf\" target=\"_blank\" rel=\"noreferrer noopener\">L\u00ednea 573<\/a> (Salida desde MONCLOA)<\/li>\n<\/ul>\n<\/li>\n\n\n\n<li>En metro: Estaci\u00f3n de Montepr\u00edncipe (<a href=\"https:\/\/www.metromadrid.es\/es\/linea\/ml3\" target=\"_blank\" rel=\"noreferrer noopener\">L\u00ednea 3 de Metro Ligero<\/a>)<\/li>\n\n\n\n<li>En coche: Zona libre de estacionamiento regulado.<\/li>\n<\/ul>\n\n\n\n<figure class=\"wp-block-image size-full\"><img data-recalc-dims=\"1\" loading=\"lazy\" decoding=\"async\" width=\"580\" height=\"410\" data-attachment-id=\"1436\" data-permalink=\"https:\/\/madrid.wordcamp.org\/2025\/ubicacion\/attachment\/transporte-ceu-san-pablo-boadilla\/\" data-orig-file=\"https:\/\/i0.wp.com\/madrid.wordcamp.org\/2025\/files\/2024\/12\/Transporte-CEU-San-Pablo-Boadilla.png?fit=1149%2C813&amp;ssl=1\" data-orig-size=\"1149,813\" data-comments-opened=\"1\" data-image-meta=\"{&quot;aperture&quot;:&quot;0&quot;,&quot;credit&quot;:&quot;&quot;,&quot;camera&quot;:&quot;&quot;,&quot;caption&quot;:&quot;&quot;,&quot;created_timestamp&quot;:&quot;0&quot;,&quot;copyright&quot;:&quot;&quot;,&quot;focal_length&quot;:&quot;0&quot;,&quot;iso&quot;:&quot;0&quot;,&quot;shutter_speed&quot;:&quot;0&quot;,&quot;title&quot;:&quot;&quot;,&quot;orientation&quot;:&quot;0&quot;}\" data-image-title=\"Transporte CEU San Pablo Boadilla\" data-image-description=\"\" data-image-caption=\"\" data-large-file=\"https:\/\/i0.wp.com\/madrid.wordcamp.org\/2025\/files\/2024\/12\/Transporte-CEU-San-Pablo-Boadilla.png?fit=580%2C410&amp;ssl=1\" src=\"https:\/\/i0.wp.com\/madrid.wordcamp.org\/2025\/files\/2024\/12\/Transporte-CEU-San-Pablo-Boadilla.png?resize=580%2C410&#038;ssl=1\" alt=\"\" class=\"wp-image-1436\" srcset=\"https:\/\/i0.wp.com\/madrid.wordcamp.org\/2025\/files\/2024\/12\/Transporte-CEU-San-Pablo-Boadilla.png?w=1149&amp;ssl=1 1149w, https:\/\/i0.wp.com\/madrid.wordcamp.org\/2025\/files\/2024\/12\/Transporte-CEU-San-Pablo-Boadilla.png?resize=300%2C212&amp;ssl=1 300w, https:\/\/i0.wp.com\/madrid.wordcamp.org\/2025\/files\/2024\/12\/Transporte-CEU-San-Pablo-Boadilla.png?resize=768%2C543&amp;ssl=1 768w, https:\/\/i0.wp.com\/madrid.wordcamp.org\/2025\/files\/2024\/12\/Transporte-CEU-San-Pablo-Boadilla.png?resize=424%2C300&amp;ssl=1 424w\" sizes=\"auto, (max-width: 580px) 100vw, 580px\" \/><\/figure>\n\n\n<div class=\"googlemaps\">\n\t\t\t\t<iframe loading=\"lazy\" width=\"425\" height=\"350\" frameborder=\"0\" scrolling=\"no\" marginheight=\"0\" marginwidth=\"0\"  src=\"https:\/\/www.google.com\/maps\/embed?pb=!1m18!1m12!1m3!1d3048.0295102492037!2d-3.8374229239425524!3d40.39907362649941!2m3!1f0!2f0!3f0!3m2!1i1024!2i768!4f13.1!3m3!1m2!1s0xd418f455657b4b3:0xd843111cc0c8d048!2sCEU%20Universidad!5e0!3m2!1sen!2ses!4v1733950617556!5m2!1sen!2ses&quot;\"><\/iframe>\n\t\t\t<\/div>\n","protected":false},"excerpt":{"rendered":"<p>Queremos que tu experiencia en WordCamp Madrid 2025 sea inolvidable y para ello hemos elegido uno de los mejores locales posibles para el evento. En esta ocasi\u00f3n lo celebraremos en la Universidad CEU San Pablo, una absoluta belleza y gozada de sitio. Es un sitio incre\u00edble, con ampl\u00edsimos espacios, un dise\u00f1o espectacular, f\u00e1ciles accesos, l\u00edneas [&hellip;]<\/p>\n","protected":false},"author":17752614,"featured_media":0,"parent":0,"menu_order":0,"comment_status":"closed","ping_status":"closed","template":"","meta":{"_crdt_document":"","advanced_seo_description":"","jetpack_seo_html_title":"","jetpack_seo_noindex":false,"jetpack_post_was_ever_published":true,"footnotes":""},"class_list":["post-11","page","type-page","status-publish","hentry"],"jetpack-related-posts":[{"id":766,"url":"https:\/\/madrid.wordcamp.org\/2025\/voluntarios\/","url_meta":{"origin":11,"position":0},"title":"Voluntarios","author":"Maylen Garcia","date":"14\/09\/2024","format":false,"excerpt":"Estamos muy felices de presentaros al equipazo de voluntarios y voluntarias de WordCamp Madrid 2025. Ohia WordCamp Warrior and Expert Volunteer. \u00a0 Andr\u00e9s Moros \u00c9l es un entusiasta del desarrollo web y, recientemente, ha querido aprender m\u00e1s acerca de WordPress y el abanico de posibilidades que ofrece. Asimismo, asisti\u00f3 a\u2026","rel":"","context":"Entrada similar","block_context":{"text":"Entrada similar","link":""},"img":{"alt_text":"","src":"https:\/\/i0.wp.com\/madrid.wordcamp.org\/2025\/files\/2025\/03\/FotoSaraSaezWordCamp.jpg?resize=350%2C200&ssl=1","width":350,"height":200,"srcset":"https:\/\/i0.wp.com\/madrid.wordcamp.org\/2025\/files\/2025\/03\/FotoSaraSaezWordCamp.jpg?resize=350%2C200&ssl=1 1x, https:\/\/i0.wp.com\/madrid.wordcamp.org\/2025\/files\/2025\/03\/FotoSaraSaezWordCamp.jpg?resize=525%2C300&ssl=1 1.5x"},"classes":[]}],"jetpack_sharing_enabled":true,"_links":{"self":[{"href":"https:\/\/madrid.wordcamp.org\/2025\/wp-json\/wp\/v2\/pages\/11","targetHints":{"allow":["GET"]}}],"collection":[{"href":"https:\/\/madrid.wordcamp.org\/2025\/wp-json\/wp\/v2\/pages"}],"about":[{"href":"https:\/\/madrid.wordcamp.org\/2025\/wp-json\/wp\/v2\/types\/page"}],"author":[{"embeddable":true,"href":"https:\/\/madrid.wordcamp.org\/2025\/wp-json\/wp\/v2\/users\/17752614"}],"replies":[{"embeddable":true,"href":"https:\/\/madrid.wordcamp.org\/2025\/wp-json\/wp\/v2\/comments?post=11"}],"version-history":[{"count":7,"href":"https:\/\/madrid.wordcamp.org\/2025\/wp-json\/wp\/v2\/pages\/11\/revisions"}],"predecessor-version":[{"id":1666,"href":"https:\/\/madrid.wordcamp.org\/2025\/wp-json\/wp\/v2\/pages\/11\/revisions\/1666"}],"wp:attachment":[{"href":"https:\/\/madrid.wordcamp.org\/2025\/wp-json\/wp\/v2\/media?parent=11"}],"curies":[{"name":"wp","href":"https:\/\/api.w.org\/{rel}","templated":true}]}}