{"id":546,"date":"2024-06-23T11:22:04","date_gmt":"2024-06-23T09:22:04","guid":{"rendered":"https:\/\/madrid.wordcamp.org\/2024\/?page_id=546"},"modified":"2025-02-27T21:08:56","modified_gmt":"2025-02-27T20:08:56","slug":"inicio","status":"publish","type":"page","link":"https:\/\/madrid.wordcamp.org\/2025\/","title":{"rendered":"Inicio"},"content":{"rendered":"\n<div class=\"wp-block-cover alignfull is-light portada\" style=\"min-height:1120px;aspect-ratio:unset;\"><span aria-hidden=\"true\" class=\"wp-block-cover__background has-background-dim-0 has-background-dim\"><\/span><div class=\"wp-block-cover__inner-container is-layout-constrained wp-block-cover-is-layout-constrained\">\n<div style=\"height:130px\" aria-hidden=\"true\" class=\"wp-block-spacer\"><\/div>\n\n\n\n<h3 class=\"wp-block-heading has-text-align-center fecha-home has-text-color has-link-color wp-elements-bb6625f127aeb90bb6900af9bd7763dd\" style=\"color:#ffffff;text-transform:uppercase\">7 y 8 de Marzo<\/h3>\n\n\n\n<figure class=\"wp-block-image alignfull size-full titulo-logo-home wp-duotone-rgb255255255-rgb255255255-1\"><img data-recalc-dims=\"1\" loading=\"lazy\" decoding=\"async\" width=\"580\" height=\"291\" data-attachment-id=\"1479\" data-permalink=\"https:\/\/madrid.wordcamp.org\/2025\/inicio\/attachment\/logo-hero-white\/\" data-orig-file=\"https:\/\/i0.wp.com\/madrid.wordcamp.org\/2025\/files\/2024\/12\/logo-hero-white.png?fit=1220%2C612&amp;ssl=1\" data-orig-size=\"1220,612\" data-comments-opened=\"1\" data-image-meta=\"{&quot;aperture&quot;:&quot;0&quot;,&quot;credit&quot;:&quot;&quot;,&quot;camera&quot;:&quot;&quot;,&quot;caption&quot;:&quot;&quot;,&quot;created_timestamp&quot;:&quot;0&quot;,&quot;copyright&quot;:&quot;&quot;,&quot;focal_length&quot;:&quot;0&quot;,&quot;iso&quot;:&quot;0&quot;,&quot;shutter_speed&quot;:&quot;0&quot;,&quot;title&quot;:&quot;&quot;,&quot;orientation&quot;:&quot;0&quot;}\" data-image-title=\"logo-hero-white\" data-image-description=\"\" data-image-caption=\"\" data-large-file=\"https:\/\/i0.wp.com\/madrid.wordcamp.org\/2025\/files\/2024\/12\/logo-hero-white.png?fit=580%2C291&amp;ssl=1\" src=\"https:\/\/i0.wp.com\/madrid.wordcamp.org\/2025\/files\/2024\/12\/logo-hero-white.png?resize=580%2C291&#038;ssl=1\" alt=\"\" class=\"wp-image-1479\" srcset=\"https:\/\/i0.wp.com\/madrid.wordcamp.org\/2025\/files\/2024\/12\/logo-hero-white.png?w=1220&amp;ssl=1 1220w, https:\/\/i0.wp.com\/madrid.wordcamp.org\/2025\/files\/2024\/12\/logo-hero-white.png?resize=300%2C150&amp;ssl=1 300w, https:\/\/i0.wp.com\/madrid.wordcamp.org\/2025\/files\/2024\/12\/logo-hero-white.png?resize=768%2C385&amp;ssl=1 768w, https:\/\/i0.wp.com\/madrid.wordcamp.org\/2025\/files\/2024\/12\/logo-hero-white.png?resize=500%2C251&amp;ssl=1 500w, https:\/\/i0.wp.com\/madrid.wordcamp.org\/2025\/files\/2024\/12\/logo-hero-white.png?resize=1200%2C602&amp;ssl=1 1200w\" sizes=\"auto, (max-width: 580px) 100vw, 580px\" \/><\/figure>\n\n\n\n<p class=\"has-text-align-center fecha-home has-text-color has-link-color wp-elements-a23c2314222153a89804c745a45a9821 wp-block-paragraph\" style=\"color:#ffffff\"><strong>Universidad CEU San Pablo <\/strong>| Campus Montepr\u00edncipe<\/p>\n\n\n\n<div class=\"wp-block-columns is-layout-flex wp-container-core-columns-is-layout-8f761849 wp-block-columns-is-layout-flex\">\n<div class=\"wp-block-column is-layout-flow wp-block-column-is-layout-flow\" style=\"flex-basis:33.34%\">\n<p class=\"tri-naranja has-text-color has-link-color wp-elements-d5805b07f6964d7404e5f236044c905d wp-block-paragraph\" style=\"color:#ffffff;font-size:24px\"><strong>+30 PONENTES<\/strong><\/p>\n\n\n\n<p class=\"tri-turquesa has-text-color has-link-color wp-elements-3d63856c743f602bc8e9b3f00254fffc wp-block-paragraph\" style=\"color:#ffffff;font-size:24px\"><strong>CHARLAS Y TALLERES<\/strong><\/p>\n<\/div>\n\n\n\n<div class=\"wp-block-column is-layout-flow wp-block-column-is-layout-flow\" style=\"flex-basis:33.34%\">\n<p class=\"tri-amarillo has-text-color has-link-color wp-elements-a46ff72accf6bd09f96e7c998393edbd wp-block-paragraph\" style=\"color:#ffffff;font-size:24px\"><strong>CA\u00d1AS Y TAPAS<\/strong><\/p>\n\n\n\n<p class=\"tri-rosa has-text-color has-link-color wp-elements-b47ee8d9eacff6d0fbe6c28109d55725 wp-block-paragraph\" style=\"color:#ffffff;font-size:24px\"><strong>ZONA DE SPONSORS<\/strong><\/p>\n<\/div>\n\n\n\n<div class=\"wp-block-column is-layout-flow wp-block-column-is-layout-flow\" style=\"flex-basis:33.33%\">\n<p class=\"tri-verde has-text-color has-link-color wp-elements-3035f5d219a885f935e2b4a92855aaf8 wp-block-paragraph\" style=\"color:#ffffff;font-size:24px\"><strong>KARAOKE Y SORTEOS<\/strong><\/p>\n\n\n\n<p class=\"tri-azul has-text-color has-link-color wp-elements-5f139566c0fd70763e72a9e41fe0ab5f wp-block-paragraph\" style=\"color:#ffffff;font-size:24px\"><strong>&#8230;Y MUCHO M\u00c1S<\/strong><\/p>\n<\/div>\n<\/div>\n<\/div><\/div>\n\n\n\n<div class=\"wp-block-columns alignwide contenedor-llamadas is-layout-flex wp-container-core-columns-is-layout-92126d18 wp-block-columns-is-layout-flex\" style=\"margin-bottom:0\">\n<div class=\"wp-block-column columnas-llamadas ocultar has-text-color has-background has-link-color wp-elements-958db575abdf1b77ce6515523196beda is-layout-flow wp-block-column-is-layout-flow\" style=\"color:#000000;background-color:#dd7b4c;padding-top:2em;padding-right:2em;padding-bottom:2em;padding-left:2em\">\n<h2 class=\"wp-block-heading has-text-color has-link-color wp-elements-55ffb8d9f7b33a146b5211119629f5f9\" id=\"single\" style=\"color:#ffffff;font-size:1.8em\"><strong>Llamada a ponentes<\/strong><\/h2>\n\n\n\n<p class=\"has-text-color has-link-color has-normal-font-size wp-elements-8667e636d69362fe8937eaa32d8cd968 wp-block-paragraph\" style=\"color:#ffffff;line-height:1.5\"><strong>Comparte  con la Comunidad.<\/strong><\/p>\n\n\n\n<p class=\"has-text-color has-link-color wp-elements-df8de948e8b2d71112cbe33217371918 wp-block-paragraph\" style=\"color:#ffffff;line-height:1.5\">Env\u00edanos tu propuesta como Ponente de WordCamp Madrid 2025.<\/p>\n\n\n\n<p class=\"has-text-color has-link-color wp-elements-abb1a9e2dca6752425d3a4aa53c9e768 wp-block-paragraph\" style=\"color:#ffffff;line-height:1.5\">Ganar\u00e1s visibilidad a la vez que compartes tus conocimientos de WordPress con todos los asistentes.<\/p>\n\n\n\n<p class=\"has-text-color has-link-color wp-elements-cd38ee90087ca18e515392d2814d266f wp-block-paragraph\" style=\"color:#ffffff;line-height:1.5\">En esta edici\u00f3n aceptaremos propuestas de charlas de 45 minutos y talleres pr\u00e1cticos de 1 o 2 horas.<\/p>\n\n\n\n<p class=\"has-text-color has-link-color wp-elements-48f51ee0934decf37d66be62313d45e0 wp-block-paragraph\" style=\"color:#ffffff;line-height:1.5\">Presta atenci\u00f3n a requisitos y plazos y env\u00edanos tu propuesta.<\/p>\n\n\n\n<div class=\"wp-block-buttons alignfull is-horizontal is-content-justification-center is-layout-flex wp-container-core-buttons-is-layout-7d812b4c wp-block-buttons-is-layout-flex\">\n<div class=\"wp-block-button has-custom-width wp-block-button__width-100 btn-beige\"><a class=\"wp-block-button__link has-white-color has-text-color has-background no-border-radius wp-element-button\" href=\"https:\/\/madrid.wordcamp.org\/2025\/llamadas\/llamada-a-ponentes-wordcamp-madrid-2025\/\" style=\"background-color:#000000\">\u00a1CERRADA! \ud83d\ude41<\/a><\/div>\n<\/div>\n<\/div>\n\n\n\n<div class=\"wp-block-column columnas-llamadas ocultar has-text-color has-background has-link-color wp-elements-7ae6ad8e2dde9e5eec933bd7783e22d8 is-layout-flow wp-block-column-is-layout-flow\" style=\"color:#000000;background-color:#5666a2;padding-top:2em;padding-right:2em;padding-bottom:2em;padding-left:2em\">\n<h2 class=\"wp-block-heading has-text-color has-link-color wp-elements-49344be647b48f61615ef739edeba621\" id=\"family\" style=\"color:#ffffff;font-size:1.8em\"><strong>Llamada a voluntarios<\/strong><\/h2>\n\n\n\n<p class=\"has-text-color has-link-color has-normal-font-size wp-elements-fd06c0229dada0f1e732b84f4207feee wp-block-paragraph\" style=\"color:#ffffff;line-height:1.5\"><strong>Vive la WordCamp desde dentro.<\/strong><\/p>\n\n\n\n<p class=\"has-text-color has-link-color wp-elements-c879b281a0ac75d80610364ebbf4c1ff wp-block-paragraph\" style=\"color:#ffffff\">En WordCamp Madrid 2025 necesitamos a personas como t\u00fa, que quieran vivir una experiencia \u00fanica e inolvidable, participando como voluntarios el d\u00eda del evento.<\/p>\n\n\n\n<p class=\"has-text-color has-link-color wp-elements-047b103fc24c868686d85085a8e56668 wp-block-paragraph\" style=\"color:#ffffff\">Env\u00edanos tu solicitud y nuestro equipo de organizaci\u00f3n contactar\u00e1 contigo para asignarte la tarea que m\u00e1s encaje con tu perfil.<\/p>\n\n\n\n<div class=\"wp-block-buttons alignfull is-horizontal is-content-justification-center is-layout-flex wp-container-core-buttons-is-layout-7d812b4c wp-block-buttons-is-layout-flex\">\n<div class=\"wp-block-button has-custom-width wp-block-button__width-100 btn-beige\"><a class=\"wp-block-button__link has-white-color has-text-color has-background no-border-radius wp-element-button\" href=\"https:\/\/madrid.wordcamp.org\/2025\/llamadas\/llamada-a-voluntarios\" style=\"background-color:#000000\">\u00a1Participa!<\/a><\/div>\n<\/div>\n<\/div>\n\n\n\n<div class=\"wp-block-column columnas-llamadas ocultar has-text-color has-background has-link-color wp-elements-884265e3a960ceb4f5ca4aa842cb62eb is-layout-flow wp-block-column-is-layout-flow\" style=\"color:#000000;background-color:#cb589d;padding-top:2em;padding-right:2em;padding-bottom:2em;padding-left:2em\">\n<h2 class=\"wp-block-heading has-text-color has-link-color wp-elements-d3807de40eb59c8e53940290b0815aaa\" id=\"patron\" style=\"color:#ffffff;font-size:1.8em\"><strong>Llamada a patrocinadores<\/strong><\/h2>\n\n\n\n<p class=\"has-text-color has-link-color has-normal-font-size wp-elements-dfff0e9fb9fad4fcdcbcea9167d85dc3 wp-block-paragraph\" style=\"color:#ffffff\"><strong>Necesitamos tu apoyo<\/strong><\/p>\n\n\n\n<p class=\"has-text-color has-link-color wp-elements-6c507e5e62b36d0b7d8029614b07becf wp-block-paragraph\" style=\"color:#ffffff\">WordCamp Madrid 2025 no podr\u00eda celebrarse sin el apoyo de los Patrocinadores.<\/p>\n\n\n\n<p class=\"has-text-color has-link-color wp-elements-df7102f2b0bbada3127f1a3e2341c817 wp-block-paragraph\" style=\"color:#ffffff\">En esta edici\u00f3n ofrecemos distintos niveles de patrocinio\/colaboraci\u00f3n para que nadie se quede fuera.<\/p>\n\n\n\n<p class=\"has-text-color has-link-color wp-elements-982174929c4422d2876cf8db17486bf3 wp-block-paragraph\" style=\"color:#ffffff\">Si quieres dar visibilidad a tu marca, date prisa: los slots se asignar\u00e1n por riguroso orden de solicitud y pago.<\/p>\n\n\n\n<div class=\"wp-block-buttons alignfull is-horizontal is-content-justification-center is-layout-flex wp-container-core-buttons-is-layout-7d812b4c wp-block-buttons-is-layout-flex\">\n<div class=\"wp-block-button has-custom-width wp-block-button__width-100 btn-beige\"><a class=\"wp-block-button__link has-white-color has-text-color has-background no-border-radius wp-element-button\" href=\"https:\/\/madrid.wordcamp.org\/2025\/llamada-a-patrocinadores\" style=\"background-color:#000000\">\u00a1Participa!<\/a><\/div>\n<\/div>\n<\/div>\n<\/div>\n\n\n\n<div class=\"wp-block-columns is-layout-flex wp-container-core-columns-is-layout-8f761849 wp-block-columns-is-layout-flex\">\n<div class=\"wp-block-column is-layout-flow wp-block-column-is-layout-flow\">\n<h2 class=\"wp-block-heading wc-2025 has-text-color has-link-color wp-elements-0d799fc22472b837be017e58cfb4365b\" style=\"color:#333333;font-size:56px\">WordCamp Madrid 2025<\/h2>\n\n\n\n<p class=\"has-text-color has-link-color wp-elements-339f245e9cf41be9b3d98bace1c09ff6 wp-block-paragraph\" style=\"color:#333333;font-size:20px\"><strong>WordCamp Madrid <\/strong>fomenta la creaci\u00f3n de redes y la colaboraci\u00f3n entre los miembros de la comunidad.<\/p>\n\n\n\n<p class=\"has-text-color has-link-color wp-elements-fd097fd064834ee5e22534f79da4ae2a wp-block-paragraph\" style=\"color:#333333;font-size:20px\">Un espacio donde profesionales, desarrolladores, dise\u00f1adores, bloggers, emprendedores y aficionados se re\u00fanen para compartir ideas y encontrar soluciones a problemas comunes.<\/p>\n\n\n\n<div class=\"wp-block-group is-nowrap is-layout-flex wp-container-core-group-is-layout-8f761849 wp-block-group-is-layout-flex\">\n<div class=\"wp-block-buttons is-layout-flex wp-block-buttons-is-layout-flex\">\n<div class=\"wp-block-button btn-turquesa\"><a class=\"wp-block-button__link wp-element-button\" href=\"https:\/\/madrid.wordcamp.org\/2025\/blog\/vuelve-a-vivir-la-experiencia\/\">Conozco el evento<\/a><\/div>\n<\/div>\n\n\n\n<div class=\"wp-block-buttons is-layout-flex wp-block-buttons-is-layout-flex\">\n<div class=\"wp-block-button\"><a class=\"wp-block-button__link wp-element-button\" href=\"https:\/\/madrid.wordcamp.org\/2025\/blog\/tu-primer-wordcamp\/\">Soy principiante<\/a><\/div>\n<\/div>\n<\/div>\n<\/div>\n\n\n\n<div class=\"wp-block-column is-layout-flow wp-block-column-is-layout-flow\">\n<div class=\"wp-block-group\"><div class=\"wp-block-group__inner-container is-layout-constrained wp-block-group-is-layout-constrained\">\n<figure class=\"wp-block-image size-full foto-familia fondo-imagen-lila\"><img data-recalc-dims=\"1\" loading=\"lazy\" decoding=\"async\" width=\"580\" height=\"387\" data-attachment-id=\"1667\" data-permalink=\"https:\/\/madrid.wordcamp.org\/2025\/inicio\/attachment\/foto-familia-wordcamp-madrid-2023\/\" data-orig-file=\"https:\/\/i0.wp.com\/madrid.wordcamp.org\/2025\/files\/2024\/12\/foto-familia-wordcamp-madrid-2023.jpg?fit=799%2C533&amp;ssl=1\" data-orig-size=\"799,533\" data-comments-opened=\"1\" data-image-meta=\"{&quot;aperture&quot;:&quot;0&quot;,&quot;credit&quot;:&quot;&quot;,&quot;camera&quot;:&quot;&quot;,&quot;caption&quot;:&quot;&quot;,&quot;created_timestamp&quot;:&quot;0&quot;,&quot;copyright&quot;:&quot;&quot;,&quot;focal_length&quot;:&quot;0&quot;,&quot;iso&quot;:&quot;0&quot;,&quot;shutter_speed&quot;:&quot;0&quot;,&quot;title&quot;:&quot;&quot;,&quot;orientation&quot;:&quot;0&quot;}\" data-image-title=\"foto-familia-wordcamp-madrid-2023\" data-image-description=\"\" data-image-caption=\"\" data-large-file=\"https:\/\/i0.wp.com\/madrid.wordcamp.org\/2025\/files\/2024\/12\/foto-familia-wordcamp-madrid-2023.jpg?fit=580%2C387&amp;ssl=1\" src=\"https:\/\/i0.wp.com\/madrid.wordcamp.org\/2025\/files\/2024\/12\/foto-familia-wordcamp-madrid-2023.jpg?resize=580%2C387&#038;ssl=1\" alt=\"\" class=\"wp-image-1667\" srcset=\"https:\/\/i0.wp.com\/madrid.wordcamp.org\/2025\/files\/2024\/12\/foto-familia-wordcamp-madrid-2023.jpg?w=799&amp;ssl=1 799w, https:\/\/i0.wp.com\/madrid.wordcamp.org\/2025\/files\/2024\/12\/foto-familia-wordcamp-madrid-2023.jpg?resize=300%2C200&amp;ssl=1 300w, https:\/\/i0.wp.com\/madrid.wordcamp.org\/2025\/files\/2024\/12\/foto-familia-wordcamp-madrid-2023.jpg?resize=768%2C512&amp;ssl=1 768w, https:\/\/i0.wp.com\/madrid.wordcamp.org\/2025\/files\/2024\/12\/foto-familia-wordcamp-madrid-2023.jpg?resize=450%2C300&amp;ssl=1 450w\" sizes=\"auto, (max-width: 580px) 100vw, 580px\" \/><\/figure>\n<\/div><\/div>\n<\/div>\n<\/div>\n\n\n\n<div class=\"wp-block-columns container-venue is-layout-flex wp-container-core-columns-is-layout-8f761849 wp-block-columns-is-layout-flex\">\n<div class=\"wp-block-column is-layout-flow wp-block-column-is-layout-flow\">\n<figure class=\"wp-block-image size-full foto-venue fondo-imagen-verde\"><img data-recalc-dims=\"1\" loading=\"lazy\" decoding=\"async\" width=\"580\" height=\"387\" data-attachment-id=\"998\" data-permalink=\"https:\/\/madrid.wordcamp.org\/2025\/inicio\/attachment\/ceu_madrid\/\" data-orig-file=\"https:\/\/i0.wp.com\/madrid.wordcamp.org\/2025\/files\/2024\/09\/CEU_Madrid.jpg?fit=1417%2C945&amp;ssl=1\" data-orig-size=\"1417,945\" data-comments-opened=\"1\" data-image-meta=\"{&quot;aperture&quot;:&quot;0&quot;,&quot;credit&quot;:&quot;&quot;,&quot;camera&quot;:&quot;&quot;,&quot;caption&quot;:&quot;&quot;,&quot;created_timestamp&quot;:&quot;0&quot;,&quot;copyright&quot;:&quot;&quot;,&quot;focal_length&quot;:&quot;0&quot;,&quot;iso&quot;:&quot;0&quot;,&quot;shutter_speed&quot;:&quot;0&quot;,&quot;title&quot;:&quot;&quot;,&quot;orientation&quot;:&quot;0&quot;}\" data-image-title=\"CEU_Madrid\" data-image-description=\"\" data-image-caption=\"\" data-large-file=\"https:\/\/i0.wp.com\/madrid.wordcamp.org\/2025\/files\/2024\/09\/CEU_Madrid.jpg?fit=580%2C387&amp;ssl=1\" src=\"https:\/\/i0.wp.com\/madrid.wordcamp.org\/2025\/files\/2024\/09\/CEU_Madrid.jpg?resize=580%2C387&#038;ssl=1\" alt=\"\" class=\"wp-image-998\" style=\"object-fit:cover\" srcset=\"https:\/\/i0.wp.com\/madrid.wordcamp.org\/2025\/files\/2024\/09\/CEU_Madrid.jpg?w=1417&amp;ssl=1 1417w, https:\/\/i0.wp.com\/madrid.wordcamp.org\/2025\/files\/2024\/09\/CEU_Madrid.jpg?resize=300%2C200&amp;ssl=1 300w, https:\/\/i0.wp.com\/madrid.wordcamp.org\/2025\/files\/2024\/09\/CEU_Madrid.jpg?resize=1024%2C683&amp;ssl=1 1024w, https:\/\/i0.wp.com\/madrid.wordcamp.org\/2025\/files\/2024\/09\/CEU_Madrid.jpg?resize=768%2C512&amp;ssl=1 768w, https:\/\/i0.wp.com\/madrid.wordcamp.org\/2025\/files\/2024\/09\/CEU_Madrid.jpg?resize=450%2C300&amp;ssl=1 450w, https:\/\/i0.wp.com\/madrid.wordcamp.org\/2025\/files\/2024\/09\/CEU_Madrid.jpg?resize=1200%2C800&amp;ssl=1 1200w\" sizes=\"auto, (max-width: 580px) 100vw, 580px\" \/><\/figure>\n<\/div>\n\n\n\n<div class=\"wp-block-column is-layout-flow wp-block-column-is-layout-flow\">\n<div class=\"wp-block-group\"><div class=\"wp-block-group__inner-container is-layout-constrained wp-block-group-is-layout-constrained\">\n<h3 class=\"wp-block-heading titulo-fecha has-text-color has-link-color wp-elements-88bc806dc3eb99905f0fc00642f445fc\" style=\"color:#ffffff;font-size:32px\">FECHA<\/h3>\n\n\n\n<p class=\"has-text-color has-link-color wp-elements-d9827980bce68f600facba55cf60e67f wp-block-paragraph\" style=\"color:#333333;font-size:20px\"><strong>7 y 8<\/strong> de marzo de 2025<\/p>\n\n\n\n<h3 class=\"wp-block-heading titulo-ubicacion has-text-color has-link-color wp-elements-fcaa1e42d0f801f67a9ecabf543bf047\" style=\"color:#ffffff;font-size:32px\">UBICACI\u00d3N<\/h3>\n\n\n\n<p class=\"wp-block-paragraph\"><strong>CEU San Pablo<\/strong><\/p>\n\n\n\n<p class=\"wp-block-paragraph\">Av. de Montepr\u00edncipe, s\/n, 28668 Boadilla del Monte, Madrid<\/p>\n<\/div><\/div>\n<\/div>\n<\/div>\n","protected":false},"excerpt":{"rendered":"<p>Llamada a ponentes Comparte con la Comunidad. Env\u00edanos tu propuesta como Ponente de WordCamp Madrid 2025. Ganar\u00e1s visibilidad a la vez que compartes tus conocimientos de WordPress con todos los asistentes. En esta edici\u00f3n aceptaremos propuestas de charlas de 45 minutos y talleres pr\u00e1cticos de 1 o 2 horas. Presta atenci\u00f3n a requisitos y plazos [&hellip;]<\/p>\n","protected":false},"author":17029701,"featured_media":1667,"parent":0,"menu_order":0,"comment_status":"closed","ping_status":"closed","template":"","meta":{"_crdt_document":"","advanced_seo_description":"Nos vemos el 7 y 8 de Marzo de 2025 en la WordCamp m\u00e1s grande de todo Espa\u00f1a. \u00a1Te esperamos!","jetpack_seo_html_title":"WordCamp Madrid 2025","jetpack_seo_noindex":false,"jetpack_post_was_ever_published":false,"footnotes":""},"class_list":["post-546","page","type-page","status-publish","has-post-thumbnail","hentry"],"jetpack-related-posts":[{"id":7,"url":"https:\/\/madrid.wordcamp.org\/2025\/programa\/","url_meta":{"origin":546,"position":0},"title":"Programa","author":"Carlota Galv\u00e1n","date":"16\/04\/2024","format":false,"excerpt":"Este es el programa de ponencias y talleres que se impartir\u00e1n en WordCamp Madrid 2025, en tres salas, de manera simult\u00e1nea.","rel":"","context":"Entrada similar","block_context":{"text":"Entrada similar","link":""},"img":{"alt_text":"","src":"https:\/\/i0.wp.com\/madrid.wordcamp.org\/2025\/files\/2024\/12\/cropped-favicon.png?fit=512%2C512&resize=350%2C200#038;ssl=1","width":350,"height":200},"classes":[]},{"id":1062,"url":"https:\/\/madrid.wordcamp.org\/2025\/llamada-a-patrocinadores\/","url_meta":{"origin":546,"position":1},"title":"Llamada a Patrocinadores","author":"sacerro","date":"19\/12\/2024","format":false,"excerpt":"Estamos emocionados de presentar WordCamp Madrid 2025, el evento m\u00e1s multitudinario sobre WordPress en Espa\u00f1a. Como organizadores, nos esforzamos por ofrecer una experiencia inolvidable a todos los asistentes, y para lograrlo, contamos con el apoyo de patrocinadores comprometidos. Si quieres destacar tu marca, conectar con la comunidad de WordPress y\u2026","rel":"","context":"Entrada similar","block_context":{"text":"Entrada similar","link":""},"img":{"alt_text":"Llamada a patrocinadores","src":"https:\/\/i0.wp.com\/madrid.wordcamp.org\/2025\/files\/2024\/12\/llamada-a-patrocinadores-wordcamp-madrid-2025-scaled.jpg?fit=1200%2C675&ssl=1&resize=350%2C200","width":350,"height":200,"srcset":"https:\/\/i0.wp.com\/madrid.wordcamp.org\/2025\/files\/2024\/12\/llamada-a-patrocinadores-wordcamp-madrid-2025-scaled.jpg?fit=1200%2C675&ssl=1&resize=350%2C200 1x, https:\/\/i0.wp.com\/madrid.wordcamp.org\/2025\/files\/2024\/12\/llamada-a-patrocinadores-wordcamp-madrid-2025-scaled.jpg?fit=1200%2C675&ssl=1&resize=525%2C300 1.5x, https:\/\/i0.wp.com\/madrid.wordcamp.org\/2025\/files\/2024\/12\/llamada-a-patrocinadores-wordcamp-madrid-2025-scaled.jpg?fit=1200%2C675&ssl=1&resize=700%2C400 2x, https:\/\/i0.wp.com\/madrid.wordcamp.org\/2025\/files\/2024\/12\/llamada-a-patrocinadores-wordcamp-madrid-2025-scaled.jpg?fit=1200%2C675&ssl=1&resize=1050%2C600 3x"},"classes":[]}],"jetpack_sharing_enabled":true,"_links":{"self":[{"href":"https:\/\/madrid.wordcamp.org\/2025\/wp-json\/wp\/v2\/pages\/546","targetHints":{"allow":["GET"]}}],"collection":[{"href":"https:\/\/madrid.wordcamp.org\/2025\/wp-json\/wp\/v2\/pages"}],"about":[{"href":"https:\/\/madrid.wordcamp.org\/2025\/wp-json\/wp\/v2\/types\/page"}],"author":[{"embeddable":true,"href":"https:\/\/madrid.wordcamp.org\/2025\/wp-json\/wp\/v2\/users\/17029701"}],"replies":[{"embeddable":true,"href":"https:\/\/madrid.wordcamp.org\/2025\/wp-json\/wp\/v2\/comments?post=546"}],"version-history":[{"count":238,"href":"https:\/\/madrid.wordcamp.org\/2025\/wp-json\/wp\/v2\/pages\/546\/revisions"}],"predecessor-version":[{"id":3486,"href":"https:\/\/madrid.wordcamp.org\/2025\/wp-json\/wp\/v2\/pages\/546\/revisions\/3486"}],"wp:featuredmedia":[{"embeddable":true,"href":"https:\/\/madrid.wordcamp.org\/2025\/wp-json\/wp\/v2\/media\/1667"}],"wp:attachment":[{"href":"https:\/\/madrid.wordcamp.org\/2025\/wp-json\/wp\/v2\/media?parent=546"}],"curies":[{"name":"wp","href":"https:\/\/api.w.org\/{rel}","templated":true}]}}