{"id":12,"date":"2025-10-15T14:30:01","date_gmt":"2025-10-15T12:30:01","guid":{"rendered":"https:\/\/madrid.wordcamp.org\/2026\/location\/"},"modified":"2026-01-05T19:43:06","modified_gmt":"2026-01-05T18:43:06","slug":"ubicacion","status":"publish","type":"page","link":"https:\/\/madrid.wordcamp.org\/2026\/ubicacion\/","title":{"rendered":"Ubicaci\u00f3n de #WCMAD"},"content":{"rendered":"\r\n<p>Queremos que tu experiencia en WordCamp Madrid 2026 sea inolvidable y para ello hemos elegido uno de los mejores locales posibles para el evento.<\/p>\r\n\r\n\r\n\r\n<p>En esta ocasi\u00f3n lo celebraremos en la <a href=\"http:\/\/www.uspceu.com\/\" target=\"_blank\" rel=\"noreferrer noopener\" aria-label=\"CEU San Pablo (abre en una nueva pesta\u00f1a)\">Universidad CEU San Pablo<\/a>, una absoluta belleza y gozada de sitio.<\/p>\r\n\r\n\r\n\r\n<p>Es un sitio incre\u00edble, con ampl\u00edsimos espacios, un dise\u00f1o espectacular, f\u00e1ciles accesos, l\u00edneas 571, 573, 574 de autobuses y l\u00ednea 3 de Metro Ligero.<\/p>\r\n\r\n\r\n\r\n<figure class=\"wp-block-gallery has-nested-images columns-default is-cropped wp-block-gallery-1 is-layout-flex wp-block-gallery-is-layout-flex\">\r\n<figure class=\"wp-block-image size-full\"><img decoding=\"async\" data-id=\"1469\" class=\"wp-image-1469\" src=\"https:\/\/madrid.wordcamp.org\/2025\/files\/2024\/12\/image.png\" alt=\"\" \/><\/figure>\r\n\r\n\r\n\r\n<figure class=\"wp-block-image size-full\"><img decoding=\"async\" data-id=\"1470\" class=\"wp-image-1470\" src=\"https:\/\/madrid.wordcamp.org\/2025\/files\/2024\/12\/mostrar-una-sala-llena-de-espectadores-sentados-en-butacas-donde.png\" alt=\"\" \/><\/figure>\r\n\r\n\r\n\r\n<figure class=\"wp-block-image size-full\"><img decoding=\"async\" data-id=\"1477\" class=\"wp-image-1477\" src=\"https:\/\/madrid.wordcamp.org\/2025\/files\/2024\/12\/imagen-del-salon-de-actos-de-una-universidad-moderna-donde.png\" alt=\"\" \/><\/figure>\r\n\r\n\r\n\r\n<figure class=\"wp-block-image size-full\"><img decoding=\"async\" data-id=\"998\" class=\"wp-image-998\" src=\"https:\/\/madrid.wordcamp.org\/2025\/files\/2024\/09\/CEU_Madrid.jpg\" alt=\"\" \/><\/figure>\r\n\r\n\r\n\r\n<figure class=\"wp-block-image size-large\"><img decoding=\"async\" data-id=\"898\" class=\"wp-image-898\" src=\"https:\/\/madrid.wordcamp.org\/2023\/files\/2023\/03\/butacas-track-a-1024x576.jpg\" alt=\"La Nave de Madrid vista butacas.\" \/><\/figure>\r\n<\/figure>\r\n\r\n\r\n\r\n<h3 class=\"wp-block-heading\">Direcci\u00f3n:<\/h3>\r\n\r\n\r\n\r\n<p>Av. de Montepr\u00edncipe, s\/n, 28668 Boadilla del Monte, Madrid<\/p>\r\n\r\n\r\n\r\n<h3 class=\"wp-block-heading\">C\u00f3mo llegar:<\/h3>\r\n\r\n\r\n\r\n<ul class=\"wp-block-list\">\r\n<li>En autob\u00fas interurbano:\r\n<ul class=\"wp-block-list\">\r\n<li><a href=\"https:\/\/www.crtm.es\/datos_lineas\/horarios\/8571H1.pdf\" target=\"_blank\" rel=\"noreferrer noopener\">L\u00ednea 571<\/a> y <a href=\"https:\/\/www.crtm.es\/datos_lineas\/horarios\/8574H1.pdf\" target=\"_blank\" rel=\"noreferrer noopener\">L\u00ednea 574<\/a> (Salida desde ALUCHE)<\/li>\r\n\r\n\r\n\r\n<li><a href=\"https:\/\/www.crtm.es\/datos_lineas\/horarios\/8573H1.pdf\" target=\"_blank\" rel=\"noreferrer noopener\">L\u00ednea 573<\/a> (Salida desde MONCLOA)<\/li>\r\n<\/ul>\r\n<\/li>\r\n\r\n\r\n\r\n<li>En metro: Estaci\u00f3n de Montepr\u00edncipe (<a href=\"https:\/\/www.metromadrid.es\/es\/linea\/ml3\" target=\"_blank\" rel=\"noreferrer noopener\">L\u00ednea 3 de Metro Ligero<\/a>)<\/li>\r\n\r\n\r\n\r\n<li>En coche: Zona libre de estacionamiento regulado.<\/li>\r\n<\/ul>\r\n\r\n\r\n\r\n<figure class=\"wp-block-image size-full\"><img decoding=\"async\" class=\"wp-image-1436\" src=\"https:\/\/madrid.wordcamp.org\/2025\/files\/2024\/12\/Transporte-CEU-San-Pablo-Boadilla.png\" alt=\"\" \/><\/figure>\r\n\r\n\r\n<div class=\"googlemaps\">\n\t\t\t\t<iframe loading=\"lazy\" width=\"425\" height=\"350\" frameborder=\"0\" scrolling=\"no\" marginheight=\"0\" marginwidth=\"0\"  src=\"https:\/\/www.google.com\/maps\/embed?pb=!1m18!1m12!1m3!1d3048.0295102492037!2d-3.8374229239425524!3d40.39907362649941!2m3!1f0!2f0!3f0!3m2!1i1024!2i768!4f13.1!3m3!1m2!1s0xd418f455657b4b3:0xd843111cc0c8d048!2sCEU%20Universidad!5e0!3m2!1sen!2ses!4v1733950617556!5m2!1sen!2ses&quot;\"><\/iframe>\n\t\t\t<\/div>\n","protected":false},"excerpt":{"rendered":"<p>Queremos que tu experiencia en WordCamp Madrid 2026 sea inolvidable y para ello hemos elegido uno de los mejores locales posibles para el evento. En esta ocasi\u00f3n lo celebraremos en la Universidad CEU San Pablo, una absoluta belleza y gozada de sitio. Es un sitio incre\u00edble, con ampl\u00edsimos espacios, un dise\u00f1o espectacular, f\u00e1ciles accesos, l\u00edneas [&hellip;]<\/p>\n","protected":false},"author":17029701,"featured_media":0,"parent":0,"menu_order":0,"comment_status":"closed","ping_status":"closed","template":"","meta":{"jetpack_post_was_ever_published":false,"footnotes":""},"class_list":["post-12","page","type-page","status-publish","hentry"],"jetpack_sharing_enabled":true,"_links":{"self":[{"href":"https:\/\/madrid.wordcamp.org\/2026\/wp-json\/wp\/v2\/pages\/12","targetHints":{"allow":["GET"]}}],"collection":[{"href":"https:\/\/madrid.wordcamp.org\/2026\/wp-json\/wp\/v2\/pages"}],"about":[{"href":"https:\/\/madrid.wordcamp.org\/2026\/wp-json\/wp\/v2\/types\/page"}],"author":[{"embeddable":true,"href":"https:\/\/madrid.wordcamp.org\/2026\/wp-json\/wp\/v2\/users\/17029701"}],"replies":[{"embeddable":true,"href":"https:\/\/madrid.wordcamp.org\/2026\/wp-json\/wp\/v2\/comments?post=12"}],"version-history":[{"count":2,"href":"https:\/\/madrid.wordcamp.org\/2026\/wp-json\/wp\/v2\/pages\/12\/revisions"}],"predecessor-version":[{"id":353,"href":"https:\/\/madrid.wordcamp.org\/2026\/wp-json\/wp\/v2\/pages\/12\/revisions\/353"}],"wp:attachment":[{"href":"https:\/\/madrid.wordcamp.org\/2026\/wp-json\/wp\/v2\/media?parent=12"}],"curies":[{"name":"wp","href":"https:\/\/api.w.org\/{rel}","templated":true}]}}