{"id":13,"date":"2025-10-15T14:30:01","date_gmt":"2025-10-15T12:30:01","guid":{"rendered":"https:\/\/madrid.wordcamp.org\/2026\/organizers\/"},"modified":"2025-11-25T19:27:19","modified_gmt":"2025-11-25T18:27:19","slug":"organizadores","status":"publish","type":"page","link":"https:\/\/madrid.wordcamp.org\/2026\/organizadores\/","title":{"rendered":"Organizadores de #WCMAD"},"content":{"rendered":"<ul class=\"wordcamp-block wordcamp-post-list has-layout-list wordcamp-organizers\"><li class=\"wordcamp-post-list__post wordcamp-clearfix\">\n<div class=\"wordcamp-organizer wordcamp-organizers__post slug-javier-salinas\">\n\t<h3 class=\"wordcamp-block__item-title wordcamp-organizers__title\">Javier Salinas<\/h3>\n\t\t\t<div class=\"wordcamp-image__avatar-container align-none\">\n\t\t\t<img decoding=\"async\" src=\"https:\/\/secure.gravatar.com\/avatar\/e4714f835fd4e59af64563f285edccf34e9855af4eab3486d5a3fd3f8a750971?s=150&amp;d=mm&amp;r=g\" alt=\"Avatar de Javier Salinas\" \/>\t\t<\/div>\n\t\n\t\t\t<div class=\"wordcamp-block__item-content wordcamp-organizers__content is-full\"><p><em>Lead Organizer WordCamp Madrid 2026<\/em><\/p>\n<p>Dise\u00f1ador y realizador con m\u00e1s de veinte a\u00f1os de experiencia. Ha trabajado en casi todos los \u00e1mbitos relacionados con la creaci\u00f3n visual. Actualmente coordina el \u00e1rea de innovaci\u00f3n y producci\u00f3n audiovisual de la Universidad CEU San Pablo.<\/p>\n<p>Usuario de WordPress desde 2008, ha participado en multitud de WordCamps como organizador, ponente, t\u00e9cnico audiovisual y fot\u00f3grafo. Mantiene m\u00e1s de una decena de proyectos web, entre los que destaca su blog personal <a href=\"https:\/\/javiersalinas.es\/\">javiersalinas.es<\/a>, donde vuelca todos sus experimentos.<\/p>\n<\/div>\t<\/div>\n\n<\/li><li class=\"wordcamp-post-list__post wordcamp-clearfix\">\n<div class=\"wordcamp-organizer wordcamp-organizers__post slug-fernando-lopez\">\n\t<h3 class=\"wordcamp-block__item-title wordcamp-organizers__title\">Fernando L\u00f3pez<\/h3>\n\t\t\t<div class=\"wordcamp-image__avatar-container align-none\">\n\t\t\t<img loading=\"lazy\" decoding=\"async\" width=\"150\" height=\"150\" src=\"https:\/\/madrid.wordcamp.org\/2026\/files\/2026\/01\/fernando-lopez-copia-2-150x150.jpg\" class=\"attachment-150x150 size-150x150 wp-post-image\" alt=\"Avatar de Fernando L\u00f3pez\" srcset=\"https:\/\/madrid.wordcamp.org\/2026\/files\/2026\/01\/fernando-lopez-copia-2-150x150.jpg 150w, https:\/\/madrid.wordcamp.org\/2026\/files\/2026\/01\/fernando-lopez-copia-2-300x300.jpg 300w, https:\/\/madrid.wordcamp.org\/2026\/files\/2026\/01\/fernando-lopez-copia-2.jpg 512w\" sizes=\"auto, (max-width: 150px) 100vw, 150px\" \/>\t\t<\/div>\n\t\n\t\t\t<div class=\"wordcamp-block__item-content wordcamp-organizers__content is-full\"><p><em>Team Lead Equipo Sponsor en WordCamp Madrid 202<\/em>6<\/p>\n<p>Desarrollador web desde 1998 y Consultor SEO desde 2013. Gestor de Proyectos digitales. Le puedes encontrar en <a href=\"https:\/\/www.linkedin.com\/in\/fernando-lopez-seo\/\">linkedin<\/a> y en su p\u00e1gina <a href=\"https:\/\/ferlopez.net\/\">ferlopez.net<\/a> <\/p>\n<p>Program Supporter en la Comunidad WordPress<\/p>\n<p>Lead organizer en WordCamp Gri\u00f1\u00f3n 2022 y 2024<\/p>\n<p>Team Lead Equipo Sponsor WordCamp Madrid 2023<\/p>\n<p>Miembro del Equipo de Sponsors en la WordCamp Europe 2025<\/p>\n<p>Lead Organizer en WordCamp Madrid 2025<\/p>\n<p>Co organizador en la Meetup de WordPress Gri\u00f1\u00f3n<\/p>\n<\/div>\t<\/div>\n\n<\/li><li class=\"wordcamp-post-list__post wordcamp-clearfix\">\n<div class=\"wordcamp-organizer wordcamp-organizers__post slug-sofia-calle-prieto\">\n\t<h3 class=\"wordcamp-block__item-title wordcamp-organizers__title\">Sof\u00eda Calle Prieto<\/h3>\n\t\t\t<div class=\"wordcamp-image__avatar-container align-none\">\n\t\t\t<img decoding=\"async\" src=\"https:\/\/secure.gravatar.com\/avatar\/eed4904e7e80bbd3f7fc11749120f841eaa15d928a08cf87bbb687c550ee6b03?s=150&amp;d=mm&amp;r=g\" alt=\"Avatar de Sof\u00eda Calle Prieto\" \/>\t\t<\/div>\n\t\n\t\t\t<div class=\"wordcamp-block__item-content wordcamp-organizers__content is-full\"><p><em>Equipo Voluntarios en WordCamp Madrid 2026<\/em><\/p>\n<p>Consultora y formadora SEO en <a href=\"https:\/\/sofiacalle.es\/\">https:\/\/sofiacalle.es\/<\/a><\/p>\n<p>Soy Sof\u00eda Calle, consultora SEO y formadora especializada en ayudar a negocios a destacar en Google y atraer m\u00e1s clientes.<\/p>\n<p>Por un lado, trabajo con tiendas online optimiz\u00e1ndolas para que sean f\u00e1ciles de encontrar y para que las elijan antes que a la competencia. <\/p>\n<p>Por otro lado, imparto cursos de SEO. Ense\u00f1o de manera sencilla y pr\u00e1ctica c\u00f3mo posicionar su negocio en Google sin depender tanto de la publicidad pagada y con resultados sostenibles.<\/p><\/p>\n<\/div>\t<\/div>\n\n<\/li><li class=\"wordcamp-post-list__post wordcamp-clearfix\">\n<div class=\"wordcamp-organizer wordcamp-organizers__post slug-santiago-cerro-lopez\">\n\t<h3 class=\"wordcamp-block__item-title wordcamp-organizers__title\">Santiago Cerro L\u00f3pez<\/h3>\n\t\t\t<div class=\"wordcamp-image__avatar-container align-none\">\n\t\t\t<img decoding=\"async\" src=\"https:\/\/secure.gravatar.com\/avatar\/7b9f1007fcf6d7a0ccc36e6605606b77c19a5b152f769ec95169bf533d82d7c0?s=150&amp;d=mm&amp;r=g\" alt=\"Avatar de Santiago Cerro L\u00f3pez\" \/>\t\t<\/div>\n\t\n\t\t\t<div class=\"wordcamp-block__item-content wordcamp-organizers__content is-full\"><p><em>Equipo Web y Contributor Day en WordCamp Madrid 2026<\/em><\/p>\n<p>Desarrollador de aplicaciones multiplataforma especializado en web y en mi tiempo libre Co-Fundador y Presidente de la Asociaci\u00f3n Arcade Rebirth.<\/p>\n<p>Desde bien peque\u00f1o, supe que me gustaban \u00abestas cosas de ordenadores\u00bb. Ya m\u00e1s mayorcito, lenguajes como PHP, Java, JavaScript, TypeScript, Python, C#, Visual Basic, Go, C++\u2026 han ido acompa\u00f1\u00e1ndome durante mi trayectoria profesional (\u00a1y los que quedan por descubrir!).<\/p>\n<p>Fan\u00e1tico de las nuevas tecnolog\u00edas, las \u00e1rcades de ritmo japonesas, la m\u00fasica, la fotograf\u00eda, la reposter\u00eda, la rob\u00f3tica y, como no, de WordPress.<\/p>\n<p>Co-organizador del grupo de meetups local de WordPress Madrid y colaborador en WordCamp Madrid 2023-2026.<\/p>\n<\/div>\t<\/div>\n\n<\/li><li class=\"wordcamp-post-list__post wordcamp-clearfix\">\n<div class=\"wordcamp-organizer wordcamp-organizers__post slug-lidia-marban\">\n\t<h3 class=\"wordcamp-block__item-title wordcamp-organizers__title\">Lidia Marb\u00e1n<\/h3>\n\t\t\t<div class=\"wordcamp-image__avatar-container align-none\">\n\t\t\t<img loading=\"lazy\" decoding=\"async\" width=\"150\" height=\"150\" src=\"https:\/\/madrid.wordcamp.org\/2026\/files\/2026\/01\/Lidia-Marban-WordCamp-150x150.png\" class=\"attachment-150x150 size-150x150 wp-post-image\" alt=\"Avatar de Lidia Marb\u00e1n\" srcset=\"https:\/\/madrid.wordcamp.org\/2026\/files\/2026\/01\/Lidia-Marban-WordCamp-150x150.png 150w, https:\/\/madrid.wordcamp.org\/2026\/files\/2026\/01\/Lidia-Marban-WordCamp-300x300.png 300w, https:\/\/madrid.wordcamp.org\/2026\/files\/2026\/01\/Lidia-Marban-WordCamp-768x768.png 768w, https:\/\/madrid.wordcamp.org\/2026\/files\/2026\/01\/Lidia-Marban-WordCamp.png 1024w\" sizes=\"auto, (max-width: 150px) 100vw, 150px\" \/>\t\t<\/div>\n\t\n\t\t\t<div class=\"wordcamp-block__item-content wordcamp-organizers__content is-full\"><p>Equipo Patrocinios y Ludoteca<\/p>\n<p>\ud83d\udc9c Me chiflan las gominolas y la Coca-Cola Zero-Zero (\u00a1qu\u00e9 contradici\u00f3n!), conducir, las novelas de misterio, hacer submarinismo, la Arqueolog\u00eda, la crianza respetuosa, las pedagog\u00edas alternativas (todas ellas, no solo Montessori), viajar por Espa\u00f1a y aprender cosas nuevas y variadas. Adem\u00e1s tengo un hijo de 4 a\u00f1os. As\u00ed que, como todo eso cuesta <s>mucho<\/s> dinero, me toca trabajar.<\/p>\n<p>En el dise\u00f1o web con WordPress y en la consultor\u00eda eCommerce, encontr\u00e9 hace ya unos a\u00f1os una manera honrada de ganarme el jornal.<\/p>\n<p>Y en la Comunidad WordPress encontr\u00e9 una familia con quien disfrutar, compartir, aprender y en la que me aceptan&#8230; a pesar de ser yo. \ud83e\udd37\u200d\u2640\ufe0f<\/p>\n<\/div>\t<\/div>\n\n<\/li><li class=\"wordcamp-post-list__post wordcamp-clearfix\">\n<div class=\"wordcamp-organizer wordcamp-organizers__post slug-circe-serrano\">\n\t<h3 class=\"wordcamp-block__item-title wordcamp-organizers__title\">Circe Serrano<\/h3>\n\t\t\t<div class=\"wordcamp-image__avatar-container align-none\">\n\t\t\t<img loading=\"lazy\" decoding=\"async\" width=\"150\" height=\"150\" src=\"https:\/\/madrid.wordcamp.org\/2026\/files\/2026\/02\/125916219_821977715234128_4723422004678127876_n-150x150.jpg\" class=\"attachment-150x150 size-150x150 wp-post-image\" alt=\"Avatar de Circe Serrano\" srcset=\"https:\/\/madrid.wordcamp.org\/2026\/files\/2026\/02\/125916219_821977715234128_4723422004678127876_n-150x150.jpg 150w, https:\/\/madrid.wordcamp.org\/2026\/files\/2026\/02\/125916219_821977715234128_4723422004678127876_n-300x300.jpg 300w, https:\/\/madrid.wordcamp.org\/2026\/files\/2026\/02\/125916219_821977715234128_4723422004678127876_n.jpg 320w\" sizes=\"auto, (max-width: 150px) 100vw, 150px\" \/>\t\t<\/div>\n\t\n\t\t\t<div class=\"wordcamp-block__item-content wordcamp-organizers__content is-full\"><p><em>Equipo Dise\u00f1o<\/em><\/p>\n<p><strong>A veces dise\u00f1o cosas.<\/strong> Me apasionan las tipograf\u00edas casi tanto como la tortilla con cebolla. Para asomarte al circo de mi cabeza: <a href=\"https:\/\/www.instagram.com\/itscircehere\" rel=\"noreferrer noopener\" target=\"_blank\">@itscircehere<\/a><\/p>\n<p>Trabajo aportando un toque personal a cada proyecto, buscando que destaque y tenga su propia chispa. He trabajado desde retoques fotogr\u00e1ficos para Inditex hasta mi rol actual como <strong>Dise\u00f1adora Gr\u00e1fica en el CEU San Pablo<\/strong>, siempre intentando darle ese <em>little spice<\/em> que hace que todo cobre personalidad.<\/p>\n<p>Este a\u00f1o tengo la suerte de formar parte del equipo de WordCamp Madrid 2026 y estoyfeliz de aportar dise\u00f1o, creatividad y un punto de locura visual a la comunidad. \u2728<\/p>\n<\/div>\t<\/div>\n\n<\/li><li class=\"wordcamp-post-list__post wordcamp-clearfix\">\n<div class=\"wordcamp-organizer wordcamp-organizers__post slug-san-castiza\">\n\t<h3 class=\"wordcamp-block__item-title wordcamp-organizers__title\">San Castiza<\/h3>\n\t\t\t<div class=\"wordcamp-image__avatar-container align-none\">\n\t\t\t<img decoding=\"async\" src=\"https:\/\/secure.gravatar.com\/avatar\/5e955a450181dddab21a3ceb3fe2469e9908a0c8c888686ec935c1c536d784bf?s=150&amp;d=mm&amp;r=g\" alt=\"Avatar de San Castiza\" \/>\t\t<\/div>\n\t\n\t\t\t<div class=\"wordcamp-block__item-content wordcamp-organizers__content is-full\"><p><em>Equipo Dise\u00f1o y SWAG<\/em><\/p>\n<p>Quiero dedicarme al dise\u00f1o porque creo que el dise\u00f1o no es solo forma, sino una manera de conectar a las personas, el contenido y la tecnolog\u00eda. Inspirado por el esp\u00edritu comunitario de WordCamp, deseo desarrollar mis habilidades para crear experiencias significativas y con valor duradero.<\/p>\n<\/div>\t<\/div>\n\n<\/li><li class=\"wordcamp-post-list__post wordcamp-clearfix\">\n<div class=\"wordcamp-organizer wordcamp-organizers__post slug-anastasia-garmendia\">\n\t<h3 class=\"wordcamp-block__item-title wordcamp-organizers__title\">Anastasia Garmendia<\/h3>\n\t\t\t<div class=\"wordcamp-image__avatar-container align-none\">\n\t\t\t<img decoding=\"async\" src=\"https:\/\/secure.gravatar.com\/avatar\/cd733379b8deaca20daa8f422a342397becdf271962c0db68c31679c61374a55?s=150&amp;d=mm&amp;r=g\" alt=\"Avatar de Anastasia Garmendia\" \/>\t\t<\/div>\n\t\n\t\t\t<div class=\"wordcamp-block__item-content wordcamp-organizers__content is-full\"><p><em>Equipo Dise\u00f1o y audiovisuales<\/em><\/p>\n<p>Soy Anastasia Garmendia, bilba\u00edna en Madrid, t\u00e9cnico audiovisual y bastante \u201cmulti-herramienta\u201d: streaming, corporativo, motion\u2026 lo que haga falta. Fuera del curro mezclo arte cl\u00e1sico + audiovisual en cortos, fotograf\u00eda y proyectos creativos. Si no estoy editando, estoy escuchando m\u00fasica o cazando la peli de terror m\u00e1s heavy.<\/p><\/p>\n<\/div>\t<\/div>\n\n<\/li><li class=\"wordcamp-post-list__post wordcamp-clearfix\">\n<div class=\"wordcamp-organizer wordcamp-organizers__post slug-arantxa-saenz\">\n\t<h3 class=\"wordcamp-block__item-title wordcamp-organizers__title\">Arantxa S\u00e1enz<\/h3>\n\t\t\t<div class=\"wordcamp-image__avatar-container align-none\">\n\t\t\t<img decoding=\"async\" src=\"https:\/\/secure.gravatar.com\/avatar\/15a264c320cfa7a679b805d7b238f49e8645e3c465a72667c1e3153a2b8f6bfe?s=150&amp;d=mm&amp;r=g\" alt=\"Avatar de Arantxa S\u00e1enz\" \/>\t\t<\/div>\n\t\n\t\t\t<div class=\"wordcamp-block__item-content wordcamp-organizers__content is-full\"><p>Equipo de redes sociales en WordCamp Madrid 2026<\/p>\n<p>Social media y community manager freelance especializada en soporte y atenci\u00f3n al cliente.<\/p>\n<p>Ha participado como social media en diversos eventos en los \u00faltimos a\u00f1os como WordCamp Torrelodones 23 y copresentado Marketinada22 en Torrelodones que tuvo como objetivo visibilizar ponentes femeninas.<br \/>Coorganizadora de la meetup de Logro\u00f1o.<\/p>\n<\/div>\t<\/div>\n\n<\/li><\/ul>","protected":false},"excerpt":{"rendered":"","protected":false},"author":17029701,"featured_media":0,"parent":0,"menu_order":0,"comment_status":"closed","ping_status":"closed","template":"","meta":{"jetpack_post_was_ever_published":false,"footnotes":""},"class_list":["post-13","page","type-page","status-publish","hentry"],"jetpack_sharing_enabled":true,"_links":{"self":[{"href":"https:\/\/madrid.wordcamp.org\/2026\/wp-json\/wp\/v2\/pages\/13","targetHints":{"allow":["GET"]}}],"collection":[{"href":"https:\/\/madrid.wordcamp.org\/2026\/wp-json\/wp\/v2\/pages"}],"about":[{"href":"https:\/\/madrid.wordcamp.org\/2026\/wp-json\/wp\/v2\/types\/page"}],"author":[{"embeddable":true,"href":"https:\/\/madrid.wordcamp.org\/2026\/wp-json\/wp\/v2\/users\/17029701"}],"replies":[{"embeddable":true,"href":"https:\/\/madrid.wordcamp.org\/2026\/wp-json\/wp\/v2\/comments?post=13"}],"version-history":[{"count":1,"href":"https:\/\/madrid.wordcamp.org\/2026\/wp-json\/wp\/v2\/pages\/13\/revisions"}],"predecessor-version":[{"id":170,"href":"https:\/\/madrid.wordcamp.org\/2026\/wp-json\/wp\/v2\/pages\/13\/revisions\/170"}],"wp:attachment":[{"href":"https:\/\/madrid.wordcamp.org\/2026\/wp-json\/wp\/v2\/media?parent=13"}],"curies":[{"name":"wp","href":"https:\/\/api.w.org\/{rel}","templated":true}]}}