{"id":161,"date":"2025-11-25T19:25:01","date_gmt":"2025-11-25T18:25:01","guid":{"rendered":"https:\/\/madrid.wordcamp.org\/2026\/?page_id=161"},"modified":"2026-03-24T20:47:57","modified_gmt":"2026-03-24T19:47:57","slug":"entradas-wcmad","status":"publish","type":"page","link":"https:\/\/madrid.wordcamp.org\/2026\/entradas-wcmad\/","title":{"rendered":"Entradas #WCMAD"},"content":{"rendered":"\n<p class=\"has-text-color has-background has-link-color wp-elements-fb30c27ba2b225326237e23f32216d0d wp-block-paragraph\" style=\"color:#ffffff;background-color:#dd7b4c\"><em>Las entradas <strong>NO son reembolsables<\/strong>, salvo que posteriormente a tu compra hayas sido seleccionado como organizador, voluntario, ponente o patrocinador con derecho a una entrada gratuita.<\/em><\/p>\n\n\n\n<p class=\"has-text-color has-background has-link-color wp-elements-1a6893f6ff23fcd127bda9c11e7300f5 wp-block-paragraph\" style=\"color:#ffffff;background-color:#5666a2\">\u00bfNecesitas una factura? Aseg\u00farate de seleccionar la casilla \u2018Necesito una factura\u2019 al final del formulario de registro. Ten en cuenta que&nbsp;<strong>la factura no incluir\u00e1 IVA<\/strong>. Haz <a href=\"https:\/\/madrid.wordcamp.org\/2026\/como-recibir-tu-factura\/\" data-type=\"post\" data-id=\"2188\" target=\"_blank\" rel=\"noreferrer noopener\">clic aqu\u00ed para m\u00e1s informaci\u00f3n<\/a>.<\/p>\n\n\n<a href=\"https:\/\/madrid.wordcamp.org\/2026\/entradas-wcmad\/\">Por favor, ve esta p\u00e1gina en un navegador para hacer una compra o gestionar entradas.<\/a>\n\n\n\n<p class=\"wp-block-paragraph\">Todas las entradas incluyen:<\/p>\n\n\n\n<ul class=\"wp-block-list\">\n<li>Acceso a todas las conferencias y talleres de WordCamp Madrid 2026 (7 de marzo).<\/li>\n\n\n\n<li>Acceso a Ludoteca, previa reserva de plaza, el s\u00e1bado 7 de marzo.<\/li>\n\n\n\n<li>Desayunos, comidas, caf\u00e9 y aperitivos.<\/li>\n\n\n\n<li>Invitaci\u00f3n a la Party del 7 de marzo.<\/li>\n<\/ul>\n","protected":false},"excerpt":{"rendered":"<p>Las entradas NO son reembolsables, salvo que posteriormente a tu compra hayas sido seleccionado como organizador, voluntario, ponente o patrocinador con derecho a una entrada gratuita. \u00bfNecesitas una factura? Aseg\u00farate de seleccionar la casilla \u2018Necesito una factura\u2019 al final del formulario de registro. Ten en cuenta que&nbsp;la factura no incluir\u00e1 IVA. Haz clic aqu\u00ed para [&hellip;]<\/p>\n","protected":false},"author":21018711,"featured_media":0,"parent":0,"menu_order":0,"comment_status":"closed","ping_status":"closed","template":"","meta":{"_crdt_document":"","jetpack_post_was_ever_published":true,"footnotes":""},"class_list":["post-161","page","type-page","status-publish","hentry"],"jetpack_sharing_enabled":true,"_links":{"self":[{"href":"https:\/\/madrid.wordcamp.org\/2026\/wp-json\/wp\/v2\/pages\/161","targetHints":{"allow":["GET"]}}],"collection":[{"href":"https:\/\/madrid.wordcamp.org\/2026\/wp-json\/wp\/v2\/pages"}],"about":[{"href":"https:\/\/madrid.wordcamp.org\/2026\/wp-json\/wp\/v2\/types\/page"}],"author":[{"embeddable":true,"href":"https:\/\/madrid.wordcamp.org\/2026\/wp-json\/wp\/v2\/users\/21018711"}],"replies":[{"embeddable":true,"href":"https:\/\/madrid.wordcamp.org\/2026\/wp-json\/wp\/v2\/comments?post=161"}],"version-history":[{"count":7,"href":"https:\/\/madrid.wordcamp.org\/2026\/wp-json\/wp\/v2\/pages\/161\/revisions"}],"predecessor-version":[{"id":1507,"href":"https:\/\/madrid.wordcamp.org\/2026\/wp-json\/wp\/v2\/pages\/161\/revisions\/1507"}],"wp:attachment":[{"href":"https:\/\/madrid.wordcamp.org\/2026\/wp-json\/wp\/v2\/media?parent=161"}],"curies":[{"name":"wp","href":"https:\/\/api.w.org\/{rel}","templated":true}]}}