{"id":167,"date":"2025-11-25T19:26:34","date_gmt":"2025-11-25T18:26:34","guid":{"rendered":"https:\/\/madrid.wordcamp.org\/2026\/?page_id=167"},"modified":"2026-02-27T12:27:02","modified_gmt":"2026-02-27T11:27:02","slug":"llamada-a-patrocinadores","status":"publish","type":"page","link":"https:\/\/madrid.wordcamp.org\/2026\/llamada-a-patrocinadores\/","title":{"rendered":"Llamada a Patrocinadores"},"content":{"rendered":"\n<p>WordCamp Madrid es el punto de encuentro de la comunidad WordPress: profesionales, agencias, empresas de producto, hosting, herramientas, formaci\u00f3n y gente que est\u00e1 empezando. Es un evento perfecto para ganar visibilidad real, generar <em>leads <\/em>cualificados, atraer talento y reforzar marca con un p\u00fablico que viene a aprender y a conocer soluciones.<\/p>\n\n\n\n<p>En la edici\u00f3n anterior, m\u00e1s del 43% de las personas asistentes era gente nueva. Eso significa alcance fresco: nuevas empresas, nuevos perfiles y nuevas oportunidades de conexi\u00f3n.<\/p>\n\n\n\n<p>Adem\u00e1s, el evento contar\u00e1 con <em>streaming <\/em>en directo, as\u00ed que la exposici\u00f3n de marca no se queda solo en la sala: tambi\u00e9n llega a la audiencia <em>online<\/em>.<\/p>\n\n\n\n<p>Y s\u00ed, seguimos siendo la WordCamp m\u00e1s grande de Espa\u00f1a.<\/p>\n\n\n\n<h2 class=\"wp-block-heading\"><strong>Por qu\u00e9 patrocinar una WordCamp<\/strong><\/h2>\n\n\n\n<p>Visibilidad de marca ante un p\u00fablico hipersegmentado (WordPress, marketing digital, desarrollo, eCommerce, contenido, negocio).<br>Networking de calidad: conversaciones cara a cara con decisi\u00f3n de compra y con prescriptores.<br>Demostraci\u00f3n de producto: puedes ense\u00f1ar tu herramienta\/servicio en el espacio de patrocinadores y convertir curiosidad en oportunidades.<br>Employer branding: ideal para atraer perfiles <em>tech <\/em>y de marketing.<br>Impacto positivo: apoyas un evento de comunidad y formaci\u00f3n con retorno reputacional.<\/p>\n\n\n\n<h2 class=\"wp-block-heading\">Niveles de Patrocinio<\/h2>\n\n\n\n<div class=\"sponsors\">\n<div class=\"content section-inner\">\n<div class=\"sponsor platinum\">\n<p class=\"title entry-content\">Platino &#8211; 3.000\u20ac (Solo 3 slots disponibles)<\/p>\n<div class=\"ventajas\">\n<h4>Ventajas<\/h4>\n<ul>\n<li>La opci\u00f3n con m\u00e1xima visibilidad y mejor ubicaci\u00f3n.\nEspacio f\u00edsico premium: zona Aula Magna, con set de 8 mesas para que montes tu espacio (decoraci\u00f3n propia y hasta 3 expositores\/rollups).<\/li>\n<li>Branding destacado: logotipo grande en la web, proyecci\u00f3n de logo entre ponencias y presencia destacada en elementos clave del evento.<\/li>\n<li>Escenario: menci\u00f3n y agradecimiento en apertura y cierre, y 5 minutos en el escenario principal al final para realizar un sorteo.<\/li>\n<li>Swag: hasta 3 \u00edtems en la bolsa\/pack de bienvenida.\n<\/li>\n<li>Entradas y networking: 3 entradas intransferibles (para personal de stand) y 3 invitaciones a la cena de ponentes.<\/li>\n<li>Difusi\u00f3n: 1 art\u00edculo de agradecimiento en blog, menciones en redes y 3 tweets el d\u00eda del evento.\n<\/li>\n<\/ul>\n<\/div>\n<\/div>\n<\/div>\n<\/div>\n\n\n\n<div class=\"sponsors\">\n<div class=\"content section-inner\">\n<div class=\"sponsor gold\">\n<p class=\"title entry-content\">Oro &#8211; 2.000 \u20ac (4 slots disponible)<\/p>\n<div class=\"ventajas\">\n<h4>Ventajas<\/h4>\n<ul>\n<li>Gran visibilidad con presencia f\u00edsica destacada.\nEspacio f\u00edsico: zona Aula Magna, set de 5 mesas (alta visibilidad). Puedes poner hasta 2 rolllups propios. \n<\/li>\n<li>Branding: logotipo grande en web, presencia destacada en comunicaciones y proyecci\u00f3n entre ponencias.\n<\/li>\n<li>Newsletter: incluye newsletter personalizada previa al evento.<\/li>\n<li>Swag: 2 \u00edtems en pack de bienvenida.\n<\/li>\n<li>Entradas y cena: 2 entradas intransferibles y 2 invitaciones a la cena de ponentes.\n<\/li>\n<li>Difusi\u00f3n: 1 art\u00edculo en blog, menciones en redes y 2 tweets el d\u00eda del evento.\n<\/li>\n<\/ul>\n<\/div>\n<\/div>\n<\/div>\n<\/div>\n\n\n\n<div class=\"sponsors\">\n<div class=\"content section-inner\">\n<div class=\"sponsor silver\">\n<p class=\"title entry-content\">Plata \u2014 1.000 \u20ac (4 slots disponible)\n<\/p>\n<div class=\"ventajas\">\n<h4>Ventajas<\/h4>\n<ul>\n<li>Equilibrio perfecto si quieres estar presente y generar conversaci\u00f3n.\nEspacio f\u00edsico: zona Hall, set de 3 mesas. Puedes poner 1 rollup de tu marca<\/li>\n<li>Branding: logotipo de tama\u00f1o medio en web y en menciones de apertura\/cierre (seg\u00fan nivel).\n<\/li>\n<li>Swag: 1 \u00edtem en pack de bienvenida.<\/li>\n<li>Entradas: 1 entrada intransferible (personal stand).\n<\/li>\n<li>Difusi\u00f3n: 1 art\u00edculo en blog, menci\u00f3n en redes y 1 tweet el d\u00eda del evento (compartido).\n<\/li>\n<\/ul>\n<\/div>\n<\/div>\n<\/div>\n<\/div>\n\n\n\n<div class=\"sponsors\">\n<div class=\"content section-inner\">\n<div class=\"sponsor bronce\">\n<p class=\"title entry-content\">Bronce \u2014 750 \u20ac (2 slots disponible)\n<\/p>\n<div class=\"ventajas\">\n<h4>Ventajas<\/h4>\n<ul>\n<li>Una gran puerta de entrada para mostrar tu producto y hablar con asistentes.\nEspacio f\u00edsico: zona Hall, 2 mesas (modalidad de presencia m\u00e1s contenida). Puedes poner 1 rollup no m\u00e1s de 80&#215;1650\n<\/li>\n<li>Branding: logo peque\u00f1o en web.\n<\/li>\n<li>Swag: 1 \u00edtem en pack de bienvenida.\n<\/li>\n<li>Difusi\u00f3n: art\u00edculo de agradecimiento compartido.\nEntradas: 1 entrada intransferible (personal stand).<\/li>\n<\/ul>\n<\/div>\n<\/div>\n<\/div>\n<\/div>\n\n\n\n<div class=\"sponsors\">\n<div class=\"content section-inner\">\n<div class=\"sponsor colaborador\">\n<p class=\"title entry-content\">Colaborador \u2014 300 \u20ac (4 slots disponible)<\/p>\n<div class=\"ventajas\">\n<h4>Ventajas<\/h4>\n<ul>\n<li>Ideal si quieres estar, aportar y tener presencia b\u00e1sica.\nEspacio f\u00edsico: zona Hall, 1 mesa (formato bajo seg\u00fan planificaci\u00f3n). No puedes poner rollup pero te puedes llevar un cartel propio que est\u00e9 encima de la Mesa el cual te identifique. \nBranding: logo peque\u00f1o en web. \n<\/li>\n<li>Entradas: 1 entrada intransferible (personal stand).\n<\/li>\n<\/ul>\n<\/div>\n<\/div>\n<\/div>\n<\/div>\n\n\n\n<h2 class=\"wp-block-heading\"><strong><strong>Patrocinios especiales sin \u201cstand\u201d tradicional<\/strong><\/strong><\/h2>\n\n\n\n<p>Son opciones de alto valor por visibilidad, recuerdo de marca y repercusi\u00f3n (incluido streaming).<\/p>\n\n\n\n<div class=\"sponsors\">\n<div class=\"content section-inner\">\n<div class=\"sponsor party\">\n<p class=\"title entry-content\">Afterparty \u2014 1.500 \u20ac (1 slots disponible)\n<\/p>\n<div class=\"ventajas\">\n<h4>Ventajas<\/h4>\n<ul>\n<li>Tu marca asociada al momento social del evento.<\/li>\n<li>Branding especial con pancarta grande + logo en la zona de la afterparty.<\/li>\n<li>Logo en la web (tama\u00f1o grande).<\/li>\n<li>Menci\u00f3n en apertura\/cierre.<\/li>\n<li>1 \u00edtem en pack de bienvenida.<\/li>\n<li>Incluye 1 entrada intransferible.<\/li>\n<\/ul>\n<\/div>\n<\/div>\n<\/div>\n<\/div>\n\n\n\n<div class=\"sponsors\">\r\n<div class=\"content section-inner\">\r\n<div class=\"sponsor conecta\">\r\n<p class=\"title entry-content\">Conecta (2000\u20ac) 1 Plaza<\/p>\r\n<div class=\"ventajas\">\r\n<h4>Branding Online<\/h4>\r\n<ul>\r\n<li>Presencia global del logotipo de tu empresa en la web de WordCamp Madrid (<a href=\"https:\/\/madrid.wordcamp.org\/2025\">madrid.wordcamp.org<\/a>) con logo tama\u00f1o mediano, enlazando a la web de tu empresa.<\/li>\r\n<li>Newsletter personalizada poco antes del d\u00eda del evento.<\/li>\r\n<\/ul>\r\n<h4>Branding en el evento<\/h4>\r\n<ul>\r\n<li>Menci\u00f3n y agradecimiento en las intervenciones de apertura y cierre del evento. Tama\u00f1o mediano.<\/li>\r\n<li><b>Pancarta o t\u00f3tem con logotipo como patrocinador de este espacio.<\/b><\/li>\r\n<\/ul>\r\n<h4>Swag<\/h4>\r\n<ul>\r\n<li>Incluir material en pack de bienvenida (1 item).<\/li>\r\n<\/ul>\r\n<h4>Invitaciones<\/h4>\r\n<ul>\r\n<li>2 Entradas a la WordCamp Madrid (intransferibles).<\/li>\r\n<li>1 Invitaci\u00f3n para la cena de ponentes, patrocinadores, organizadores y voluntarios.<\/li>\r\n<\/ul>\r\n<\/div>\r\n<\/div>\r\n<\/div>\r\n<\/div>\n\n\n\n<div class=\"sponsors\">\r\n<div class=\"content section-inner\">\r\n<div class=\"sponsor chocochurros\">\r\n<p class=\"title entry-content\">Chocochurros (1000\u20ac) 1 Plaza<\/p>\r\n<div class=\"ventajas\">\r\n<h4>Branding Online<\/h4>\r\n<ul>\r\n<li>Presencia global del logotipo de tu empresa en la web de WordCamp Madrid (<a href=\"https:\/\/madrid.wordcamp.org\/2025\">madrid.wordcamp.org<\/a>) con logo tama\u00f1o mediano, enlazando a la web de tu empresa.<\/li>\r\n<\/ul>\r\n<h4>Branding en el evento<\/h4>\r\n<ul>\r\n<li>Menci\u00f3n y agradecimiento en las intervenciones de apertura y cierre del evento. Tama\u00f1o mediano.<\/li>\r\n<li><b>Lona con logotipo durante todo el tiempo que dure el desayuno (40 minutos aproximadamente), como patrocinador de este espacio.<\/b><\/li>\r\n<\/ul>\r\n<h4>Invitaciones<\/h4>\r\n<ul>\r\n<li>1 Entradas a la WordCamp Madrid (intransferibles).<\/li>\r\n<\/ul>\r\n<\/div>\r\n<\/div>\r\n<\/div>\r\n<\/div>\r\n<p><del>\n\n\n\n<p><\/p>\n<div class=\"sponsors\">\n<div class=\"content section-inner\">\n<div class=\"sponsor ludoteca\">\n<p class=\"title entry-content\">Ludoteca (1.000\u20ac)<\/p>\n<div class=\"ventajas\">\n<h4>Branding Online<\/h4>\n<ul>\n<li>Presencia global del logotipo de tu empresa en la web de WordCamp Madrid (<a href=\"https:\/\/madrid.wordcamp.org\/2025\">madrid.wordcamp.org<\/a>) con logo tama\u00f1o mediano, enlazando a la web de tu empresa.<\/li>\n<\/ul>\n<h4>Branding en el evento<\/h4>\n<ul>\n<li>Roller como patrocinador del espacio.<\/li>\n<\/ul>\n<\/div>\n<\/div>\n<\/div>\n<\/div>\n\n\n\n<ul class=\"wp-block-list\">\n<li>Los slots de cada espacio&nbsp;<strong>se reservar\u00e1n por orden de petici\u00f3n<\/strong>.<\/li>\n\n\n\n<li>Una vez realizada la reserva, contactaremos contigo por email y te remitiremos la factura, la cual deber\u00e1s&nbsp;<strong>abonar en los siguientes 7 d\u00edas<\/strong>.<\/li>\n\n\n\n<li>En el caso de no hacerlo, la plaza quedar\u00e1 libre y&nbsp;<strong>pasar\u00e1 al siguiente<\/strong>&nbsp;interesado de la lista.<\/li>\n\n\n\n<li>Una vez que la factura haya sido abonada, cerraremos el formulario para ese espacio y no se admitir\u00e1n m\u00e1s solicitudes.<\/li>\n\n\n\n<li>Todos los solicitantes ser\u00e1n informados por el equipo de sponsors, mediante email y&nbsp;<strong>con total transparencia<\/strong>, del estado de su solicitud.<\/li>\n<\/ul>\n\n\n\n<iframe loading=\"lazy\" src=\"https:\/\/docs.google.com\/forms\/d\/e\/1FAIpQLSd5S69kiYmk5Y63RjfJ7MFBl-PbKxAU_-OqwS37qISsS3AnOw\/viewform?embedded=true\" frameborder=\"0\" width=\"580\" height=\"2459\" marginheight=\"0\" marginwidth=\"0\" allowfullscreen=\"true\" mozallowfullscreen=\"true\" webkitallowfullscreen=\"true\"><\/iframe>\n","protected":false},"excerpt":{"rendered":"<p>WordCamp Madrid es el punto de encuentro de la comunidad WordPress: profesionales, agencias, empresas de producto, hosting, herramientas, formaci\u00f3n y gente que est\u00e1 empezando. Es un evento perfecto para ganar visibilidad real, generar leads cualificados, atraer talento y reforzar marca con un p\u00fablico que viene a aprender y a conocer soluciones. En la edici\u00f3n anterior, [&hellip;]<\/p>\n","protected":false},"author":21018711,"featured_media":0,"parent":0,"menu_order":0,"comment_status":"closed","ping_status":"closed","template":"","meta":{"jetpack_post_was_ever_published":false,"footnotes":""},"class_list":["post-167","page","type-page","status-publish","hentry"],"jetpack_sharing_enabled":true,"_links":{"self":[{"href":"https:\/\/madrid.wordcamp.org\/2026\/wp-json\/wp\/v2\/pages\/167","targetHints":{"allow":["GET"]}}],"collection":[{"href":"https:\/\/madrid.wordcamp.org\/2026\/wp-json\/wp\/v2\/pages"}],"about":[{"href":"https:\/\/madrid.wordcamp.org\/2026\/wp-json\/wp\/v2\/types\/page"}],"author":[{"embeddable":true,"href":"https:\/\/madrid.wordcamp.org\/2026\/wp-json\/wp\/v2\/users\/21018711"}],"replies":[{"embeddable":true,"href":"https:\/\/madrid.wordcamp.org\/2026\/wp-json\/wp\/v2\/comments?post=167"}],"version-history":[{"count":9,"href":"https:\/\/madrid.wordcamp.org\/2026\/wp-json\/wp\/v2\/pages\/167\/revisions"}],"predecessor-version":[{"id":1436,"href":"https:\/\/madrid.wordcamp.org\/2026\/wp-json\/wp\/v2\/pages\/167\/revisions\/1436"}],"wp:attachment":[{"href":"https:\/\/madrid.wordcamp.org\/2026\/wp-json\/wp\/v2\/media?parent=167"}],"curies":[{"name":"wp","href":"https:\/\/api.w.org\/{rel}","templated":true}]}}