{"id":241,"date":"2025-12-21T12:34:53","date_gmt":"2025-12-21T11:34:53","guid":{"rendered":"https:\/\/madrid.wordcamp.org\/2026\/?page_id=241"},"modified":"2026-02-12T12:58:43","modified_gmt":"2026-02-12T11:58:43","slug":"en-construccion","status":"publish","type":"page","link":"https:\/\/madrid.wordcamp.org\/2026\/","title":{"rendered":"WordCamp Madrid 2026"},"content":{"rendered":"\n<div class=\"wp-block-cover alignfull is-light portada\" style=\"min-height: 1120px;aspect-ratio:unset;\"><img loading=\"lazy\" decoding=\"async\" width=\"1024\" height=\"574\" class=\"wp-block-cover__image-background wp-image-230 size-large\" src=\"https:\/\/madrid.wordcamp.org\/2026\/files\/2025\/12\/madrid-skyline-2026-1024x574.jpg\" alt=\"\" data-object-fit=\"cover\" srcset=\"https:\/\/madrid.wordcamp.org\/2026\/files\/2025\/12\/madrid-skyline-2026-1024x574.jpg 1024w, https:\/\/madrid.wordcamp.org\/2026\/files\/2025\/12\/madrid-skyline-2026-300x168.jpg 300w, https:\/\/madrid.wordcamp.org\/2026\/files\/2025\/12\/madrid-skyline-2026-768x431.jpg 768w, https:\/\/madrid.wordcamp.org\/2026\/files\/2025\/12\/madrid-skyline-2026-500x280.jpg 500w, https:\/\/madrid.wordcamp.org\/2026\/files\/2025\/12\/madrid-skyline-2026-1536x861.jpg 1536w, https:\/\/madrid.wordcamp.org\/2026\/files\/2025\/12\/madrid-skyline-2026-2048x1148.jpg 2048w, https:\/\/madrid.wordcamp.org\/2026\/files\/2025\/12\/madrid-skyline-2026-1200x673.jpg 1200w, https:\/\/madrid.wordcamp.org\/2026\/files\/2025\/12\/madrid-skyline-2026-1980x1110.jpg 1980w\" sizes=\"auto, (max-width: 1024px) 100vw, 1024px\" \/>\r\n<div class=\"wp-block-cover__inner-container is-layout-flow wp-block-cover-is-layout-flow\">\n\n<div class=\"wp-block-spacer\" style=\"height: 130px\" aria-hidden=\"true\">\u00a0<\/div>\n\n\r\n\r\n\n<h3 class=\"wp-block-heading has-text-align-center fecha-home has-text-color has-link-color wp-elements-a1c4bc42aec02533e3a29e14192c8a81\" style=\"color: #ffffff;text-transform: uppercase\">6 y 7 de Marzo<\/h3>\n\n\r\n\r\n\n<figure class=\"wp-block-image alignfull size-full titulo-logo-home wp-duotone-rgb255255255-rgb255255255-1\"><img loading=\"lazy\" decoding=\"async\" width=\"1220\" height=\"612\" class=\"wp-image-217\" src=\"https:\/\/madrid.wordcamp.org\/2026\/files\/2025\/12\/logo-hero-white.png\" alt=\"\" srcset=\"https:\/\/madrid.wordcamp.org\/2026\/files\/2025\/12\/logo-hero-white.png 1220w, https:\/\/madrid.wordcamp.org\/2026\/files\/2025\/12\/logo-hero-white-300x150.png 300w, https:\/\/madrid.wordcamp.org\/2026\/files\/2025\/12\/logo-hero-white-1024x514.png 1024w, https:\/\/madrid.wordcamp.org\/2026\/files\/2025\/12\/logo-hero-white-768x385.png 768w, https:\/\/madrid.wordcamp.org\/2026\/files\/2025\/12\/logo-hero-white-500x251.png 500w, https:\/\/madrid.wordcamp.org\/2026\/files\/2025\/12\/logo-hero-white-1200x602.png 1200w\" sizes=\"auto, (max-width: 1220px) 100vw, 1220px\" \/><\/figure>\n\n\r\n\r\n\n<p class=\"has-text-align-center fecha-home has-text-color has-link-color wp-elements-0b0196aeb4b323f4ee4f13aef058a83c wp-block-paragraph\" style=\"color: #ffffff\"><strong>Universidad CEU San Pablo <\/strong>| Campus Montepr\u00edncipe<\/p>\n\n\r\n\r\n\n<div class=\"wp-block-columns is-layout-flex wp-container-core-columns-is-layout-8f761849 wp-block-columns-is-layout-flex\">\n\n<div class=\"wp-block-column is-layout-flow wp-block-column-is-layout-flow\" style=\"flex-basis: 33.34%\">\n\n<p class=\"tri-naranja has-text-color has-link-color wp-elements-a476ae7f4f54a946a5a51f41bd6b702b wp-block-paragraph\" style=\"color: #ffffff;font-size: 24px\"><strong>+20 PONENTES<\/strong><\/p>\n\n\r\n\r\n\n<p class=\"tri-turquesa has-text-color has-link-color wp-elements-9d9286ce4636f5a023b422c6ac4e63c7 wp-block-paragraph\" style=\"color: #ffffff;font-size: 24px\"><strong>CHARLAS Y TALLERES<\/strong><\/p>\n\n<\/div>\n\n\r\n\r\n\n<div class=\"wp-block-column is-layout-flow wp-block-column-is-layout-flow\" style=\"flex-basis: 33.34%\">\n\n<p class=\"tri-amarillo has-text-color has-link-color wp-elements-b3ec392a3b9c9662b2fc47b2fc296673 wp-block-paragraph\" style=\"color: #ffffff;font-size: 24px\"><strong>CA\u00d1AS Y TAPAS<\/strong><\/p>\n\n\r\n\r\n\n<p class=\"tri-rosa has-text-color has-link-color wp-elements-317cf0d56b581b2537d5b4b6d3a7f22c wp-block-paragraph\" style=\"color: #ffffff;font-size: 24px\"><strong>ZONA DE SPONSORS<\/strong><\/p>\n\n<\/div>\n\n\r\n\r\n\n<div class=\"wp-block-column is-layout-flow wp-block-column-is-layout-flow\" style=\"flex-basis: 33.33%\">\n\n<p class=\"tri-verde has-text-color has-link-color wp-elements-639611c4a2974a2f9a98dd19e59664b6 wp-block-paragraph\" style=\"color: #ffffff;font-size: 24px\"><strong>KARAOKE Y SORTEOS<\/strong><\/p>\n\n\r\n\r\n\n<p class=\"tri-azul has-text-color has-link-color wp-elements-a6efc2543bfad1c96ce2badb5f2347d8 wp-block-paragraph\" style=\"color: #ffffff;font-size: 24px\"><strong>&#8230;Y MUCHO M\u00c1S<\/strong><\/p>\n\n<\/div>\n\n<\/div>\n\n<\/div>\r\n<\/div>\n\n\n<p><!-- Anuncio venta de entradas --><\/p>\n<p>&nbsp;<\/p>\n\n\n<figure class=\"wp-block-image size-full foto-familia fondo-imagen-lila\"><img loading=\"lazy\" decoding=\"async\" width=\"1200\" height=\"673\" src=\"https:\/\/madrid.wordcamp.org\/2026\/files\/2025\/12\/54375620171_a667f0ef3f_baja.jpg\" alt=\"\" class=\"wp-image-242\" srcset=\"https:\/\/madrid.wordcamp.org\/2026\/files\/2025\/12\/54375620171_a667f0ef3f_baja.jpg 1200w, https:\/\/madrid.wordcamp.org\/2026\/files\/2025\/12\/54375620171_a667f0ef3f_baja-300x168.jpg 300w, https:\/\/madrid.wordcamp.org\/2026\/files\/2025\/12\/54375620171_a667f0ef3f_baja-1024x574.jpg 1024w, https:\/\/madrid.wordcamp.org\/2026\/files\/2025\/12\/54375620171_a667f0ef3f_baja-768x431.jpg 768w, https:\/\/madrid.wordcamp.org\/2026\/files\/2025\/12\/54375620171_a667f0ef3f_baja-500x280.jpg 500w\" sizes=\"auto, (max-width: 1200px) 100vw, 1200px\" \/><\/figure>\n\n\n\n<h2 class=\"wp-block-heading wc-2025 has-text-color has-link-color wp-elements-48908888cc9d1f5929163205b7c79b35\" style=\"color:#333333;font-size:56px\">WordCamp Madrid 2026<\/h2>\n\n\n\n<p class=\"wp-block-paragraph\"><strong>\u00a1Bienvenid@s a WordCamp Madrid 2026!<\/strong><\/p>\n\n\n\n<p class=\"wp-block-paragraph\">Estamos encantados de daros la bienvenida a <strong>WordCamp Madrid 2026<\/strong>, un punto de encuentro para la comunidad WordPress y todos los apasionados por el desarrollo web, el dise\u00f1o, el marketing digital y la innovaci\u00f3n tecnol\u00f3gica. Este evento se celebra los d\u00edas <strong>6 y 7 de marzo de 2026<\/strong>. <\/p>\n\n\n\n<p class=\"wp-block-paragraph\">Nuestro objetivo con esta edici\u00f3n es ofrecer una experiencia <strong>din\u00e1mica, pr\u00e1ctica y enriquecedora<\/strong>, donde cada participante pueda elegir las sesiones que mejor se adapten a sus intereses y necesidades:<\/p>\n\n\n\n<p class=\"wp-block-paragraph\">\ud83d\udd39 <strong>Track 1 \u2013 Sala General:<\/strong><br>Contenido variado para todos los p\u00fablicos, con sesiones sobre marca personal, accesibilidad, negocios digitales, e-commerce, legalidad web y mucho m\u00e1s.<\/p>\n\n\n\n<p class=\"wp-block-paragraph\">\ud83d\udd39 <strong>Track 2 \u2013 Avanzado:<\/strong><br>Charlas enfocadas a perfiles con m\u00e1s experiencia t\u00e9cnica en SEO, rendimiento, WooCommerce, seguridad o desarrollo de plugins con IA, entre otros temas punteros.<\/p>\n\n\n\n<p class=\"wp-block-paragraph\">\ud83d\udd39 <strong>Track 3 \u2013 Talleres:<\/strong><br>Sesiones pr\u00e1cticas donde podr\u00e1s traer tu ordenador y aprender nuevas herramientas, estrategias y metodolog\u00edas que podr\u00e1s aplicar de inmediato en tus proyectos.<\/p>\n\n\n\n<p class=\"wp-block-paragraph\">Adem\u00e1s, el viernes 6 de marzo dedicamos la tarde al <strong>Contributor Day<\/strong> \u2014un espacio colaborativo para contribuir al proyecto WordPress compartiendo conocimientos, haciendo networking y apoyando distintas \u00e1reas de la comunidad.<\/p>\n\n\n\n<p class=\"wp-block-paragraph\">WordCamp Madrid 2026 es mucho m\u00e1s que un evento de conferencias: es una oportunidad para <strong>aprender de ponentes expertos<\/strong>, <strong>participar en talleres interactivos<\/strong>, <strong>compartir experiencias<\/strong>, <strong>crear conexiones valiosas<\/strong> y formar parte de una comunidad que impulsa la tecnolog\u00eda abierta y la innovaci\u00f3n.<\/p>\n\n\n\n<p class=\"has-text-color has-link-color wp-elements-fb125c5907be874c106f47f8a70a96d3 wp-block-paragraph\" style=\"color:#333333;font-size:20px\">Gracias por acompa\u00f1arnos en esta aventura. \u00a1Prep\u00e1rate para dos d\u00edas llenos de conocimiento, inspiraci\u00f3n y networking! \ud83d\ude80<\/p>\n\n\n\n<div class=\"wp-block-columns alignwide is-layout-flex wp-container-core-columns-is-layout-92126d18 wp-block-columns-is-layout-flex\" style=\"margin-bottom:0\">\n<div class=\"wp-block-column has-text-color has-background has-link-color wp-elements-2db897019eeac5238e96268c9248261a is-layout-flow wp-block-column-is-layout-flow\" style=\"color:#000000;background-color:#dd7b4c;padding-top:2em;padding-right:2em;padding-bottom:2em;padding-left:2em\">\n<h2 class=\"wp-block-heading has-text-color has-link-color wp-elements-1bd1a52ada5d5a3dfa4c95226f60eb35\" id=\"single\" style=\"color:#ffffff;font-size:40px\"><strong>Consulta el programa<\/strong><\/h2>\n\n\n\n<p class=\"has-text-color has-link-color has-normal-font-size wp-elements-c2b56842d6c048d7873f3aec534b3737 wp-block-paragraph\" style=\"color:#ffffff;line-height:1.5\">Un programa completo de ponencias y talleres simult\u00e1neos en tres salas que te permitir\u00e1n aprender, inspirarte y conectar con profesionales de todos los niveles.<\/p>\n\n\n\n<div class=\"wp-block-buttons alignfull is-horizontal is-content-justification-center is-layout-flex wp-container-core-buttons-is-layout-7d812b4c wp-block-buttons-is-layout-flex\">\n<div class=\"wp-block-button has-custom-width wp-block-button__width-100\"><a class=\"wp-block-button__link has-white-color has-text-color has-background no-border-radius wp-element-button\" href=\"https:\/\/madrid.wordcamp.org\/2026\/programa\/\" style=\"background-color:#000000\">\u00a1quiero ver el programa!<\/a><\/div>\n<\/div>\n<\/div>\n\n\n\n<div class=\"wp-block-column has-text-color has-background has-link-color wp-elements-4681c781b562f5189f716520e51e209f is-layout-flow wp-block-column-is-layout-flow\" style=\"color:#000000;background-color:#cb589d;padding-top:2em;padding-right:2em;padding-bottom:2em;padding-left:2em\">\n<h2 class=\"wp-block-heading has-text-color has-link-color wp-elements-499a4e8f1d0b65ed603b28adb06dbe55\" id=\"patron\" style=\"color:#ffffff;font-size:40px\"><strong>Compra tu entrada<\/strong><\/h2>\n\n\n\n<p class=\"has-text-color has-link-color has-normal-font-size wp-elements-6f9884759e7d03c99fae06a78fbdee78 wp-block-paragraph\" style=\"color:#ffffff\"><strong>Una entrada que te da acceso a todas la charlas, zona de expositores, comidas, afterparty y lo m\u00e1s importante, caf\u00e9 para todo el d\u00eda.<\/strong><\/p>\n\n\n\n<div class=\"wp-block-buttons alignfull is-horizontal is-content-justification-center is-layout-flex wp-container-core-buttons-is-layout-7d812b4c wp-block-buttons-is-layout-flex\">\n<div class=\"wp-block-button has-custom-width wp-block-button__width-100\"><a class=\"wp-block-button__link has-white-color has-text-color has-background no-border-radius wp-element-button\" href=\"https:\/\/madrid.wordcamp.org\/2026\/entradas-wcmad\/\" style=\"background-color:#000000\">\u00a1Quiero mi entrada ya!<\/a><\/div>\n<\/div>\n<\/div>\n<\/div>\n\n\n\n<div class=\"wp-block-columns is-layout-flex wp-container-core-columns-is-layout-8f761849 wp-block-columns-is-layout-flex\">\n<div class=\"wp-block-column is-layout-flow wp-block-column-is-layout-flow\"><\/div>\n\n\n\n<div class=\"wp-block-column is-layout-flow wp-block-column-is-layout-flow\">\n<div class=\"wp-block-group\"><div class=\"wp-block-group__inner-container is-layout-constrained wp-block-group-is-layout-constrained\"><\/div><\/div>\n<\/div>\n<\/div>\n\n\n\n<div class=\"wp-block-columns container-venue is-layout-flex wp-container-core-columns-is-layout-8f761849 wp-block-columns-is-layout-flex\">\r\n<div class=\"wp-block-column\">\r\n<figure class=\"wp-block-image size-full foto-venue fondo-imagen-verde\"><img decoding=\"async\" class=\"wp-image-998\" style=\"object-fit: cover\" src=\"https:\/\/madrid.wordcamp.org\/2025\/files\/2024\/09\/CEU_Madrid.jpg\" alt=\"\" \/><\/figure>\r\n<\/div>\r\n<div class=\"wp-block-column\">\r\n<div class=\"wp-block-group\">\r\n<h3 class=\"wp-block-heading titulo-fecha has-text-color has-link-color\" style=\"color: #ffffff;font-size: 32px\">FECHA<\/h3>\r\n<p class=\"has-text-color has-link-color\" style=\"color: #333333;font-size: 20px\"><strong>6 y 7<\/strong> de marzo de 2026<\/p>\r\n<h3 class=\"wp-block-heading titulo-ubicacion has-text-color has-link-color\" style=\"color: #ffffff;font-size: 32px\">UBICACI\u00d3N<\/h3>\r\n<p><strong>Universidad CEU San Pablo<\/strong><\/p>\r\n<p>Av. de Montepr\u00edncipe, s\/n, 28668 Boadilla del Monte, Madrid<\/p>\r\n<p>&nbsp;<\/p>\r\n<div class=\"wp-block-buttons alignwide\">\r\n<div class=\"wp-block-button\"><a class=\"wp-block-button__link wp-element-button\" href=\"https:\/\/madrid.wordcamp.org\/2026\/entradas-wcmad\/\">COMPRAR ENTRADA GENERAL<\/a><\/div>\r\n<\/div>\r\n<\/div>\r\n<\/div>\r\n<\/div>\n","protected":false},"excerpt":{"rendered":"<p>&nbsp; WordCamp Madrid 2026 \u00a1Bienvenid@s a WordCamp Madrid 2026! Estamos encantados de daros la bienvenida a WordCamp Madrid 2026, un punto de encuentro para la comunidad WordPress y todos los apasionados por el desarrollo web, el dise\u00f1o, el marketing digital y la innovaci\u00f3n tecnol\u00f3gica. Este evento se celebra los d\u00edas 6 y 7 de marzo [&hellip;]<\/p>\n","protected":false},"author":17029701,"featured_media":0,"parent":0,"menu_order":0,"comment_status":"closed","ping_status":"closed","template":"templates\/template-full-width.php","meta":{"_crdt_document":"","jetpack_post_was_ever_published":false,"footnotes":""},"class_list":["post-241","page","type-page","status-publish","hentry"],"jetpack_sharing_enabled":true,"_links":{"self":[{"href":"https:\/\/madrid.wordcamp.org\/2026\/wp-json\/wp\/v2\/pages\/241","targetHints":{"allow":["GET"]}}],"collection":[{"href":"https:\/\/madrid.wordcamp.org\/2026\/wp-json\/wp\/v2\/pages"}],"about":[{"href":"https:\/\/madrid.wordcamp.org\/2026\/wp-json\/wp\/v2\/types\/page"}],"author":[{"embeddable":true,"href":"https:\/\/madrid.wordcamp.org\/2026\/wp-json\/wp\/v2\/users\/17029701"}],"replies":[{"embeddable":true,"href":"https:\/\/madrid.wordcamp.org\/2026\/wp-json\/wp\/v2\/comments?post=241"}],"version-history":[{"count":24,"href":"https:\/\/madrid.wordcamp.org\/2026\/wp-json\/wp\/v2\/pages\/241\/revisions"}],"predecessor-version":[{"id":1047,"href":"https:\/\/madrid.wordcamp.org\/2026\/wp-json\/wp\/v2\/pages\/241\/revisions\/1047"}],"wp:attachment":[{"href":"https:\/\/madrid.wordcamp.org\/2026\/wp-json\/wp\/v2\/media?parent=241"}],"curies":[{"name":"wp","href":"https:\/\/api.w.org\/{rel}","templated":true}]}}