{"id":730,"date":"2026-02-03T16:41:35","date_gmt":"2026-02-03T15:41:35","guid":{"rendered":"https:\/\/madrid.wordcamp.org\/2026\/?page_id=730"},"modified":"2026-02-03T16:41:35","modified_gmt":"2026-02-03T15:41:35","slug":"descuento-renfe-wcmad","status":"publish","type":"page","link":"https:\/\/madrid.wordcamp.org\/2026\/descuento-renfe-wcmad\/","title":{"rendered":"Descuento Renfe WCMAD"},"content":{"rendered":"\n<p>Viendo el ritmo de venta que llevan las entradas para WordCamp Madrid 2026, damos por hecho que te gusta\u00a0<strong>preparar tu viaje con antelaci\u00f3n<\/strong>, no solo para poder organizarte mejor, sino para obtener los\u00a0<strong>mejores precios<\/strong>\u00a0a la hora de reservar tu medio de transporte y alojamiento en Madrid.<\/p>\n\n\n\n<h2 class=\"wp-block-heading\">Descuento para tu viaje en Renfe<\/h2>\n\n\n\n<p>En esta ocasi\u00f3n, nuestro equipo de organizaci\u00f3n se ha puesto en contacto con Renfe para negociar un\u00a0<strong>descuento<\/strong>\u00a0del que pudieran disfrutar los asistentes a WordCamp Madrid 2026.<\/p>\n\n\n\n<p>Si bien, en otras ediciones de WordCamp el descuento fue de un 30%, Renfe nos informa que desde el 1 de Junio de 2021, entr\u00f3 en vigor su nueva estructura comercial y, desde entonces, los descuentos para la asistencia a ferias y congresos&nbsp;<strong>se redujeron al 5%<\/strong>.<\/p>\n\n\n\n<p>Sin embargo, este nuevo descuento tiene una ventaja que antes no exist\u00eda.<\/p>\n\n\n\n<p>El antiguo descuento pod\u00eda hacerse efectivo \u00fanicamente sobre la tarifa m\u00e1s cara que ten\u00eda Renfe (flexible). Pero este nuevo descuento, es&nbsp;<strong>aplicable sobre cualquier tarifa<\/strong>&nbsp;de venta al p\u00fablico que tenga Renfe ofertada en su web (B\u00e1sico, Elige, Elige Confort y Pr\u00e9mium), por lo que ser\u00e1 aprovechada por muchos m\u00e1s asistentes.<\/p>\n\n\n\n<h2 class=\"wp-block-heading\">\u00bfC\u00f3mo canjear el descuento de Renfe?<\/h2>\n\n\n\n<p>Beneficiarte del&nbsp;<strong>5% de descuento<\/strong>&nbsp;es muy sencillo, y \u00fanicamente deber\u00e1s seguir estos pasos a la hora de comprar tu billete en la&nbsp;<a rel=\"noreferrer noopener\" href=\"https:\/\/renfe.es\/\" target=\"_blank\">web de renfe<\/a>.<\/p>\n\n\n\n<ol class=\"wp-block-list\">\n<li>Selecciona el tren que desees, marcando\u00a0<strong>en cualquiera de las opciones disponibles (B\u00e1sico, Elige, Elige Confort y Pr\u00e9miun)<\/strong>.<\/li>\n\n\n\n<li>En el desplegable de tarifas selecciona la tarifa de Congresos\/Eventos.<\/li>\n\n\n\n<li>Introduce el n\u00famero de autorizaci\u00f3n (te lo hemos enviado\u00a0<strong>en el email de confirmaci\u00f3n de compra<\/strong>\u00a0de tu entrada) en la casilla que indica\u00a0<strong>n\u00famero de autorizaci\u00f3n<\/strong>. (Este c\u00f3digo no es v\u00e1lido para la casilla \u00abc\u00f3digo descuento\u00bb).<\/li>\n<\/ol>\n\n\n\n<p>Al introducir el c\u00f3digo de autorizaci\u00f3n&nbsp;<strong>el precio del billete se reducir\u00e1<\/strong>&nbsp;en un 5% en la p\u00e1gina de compra, aunque no lo veas detallado espec\u00edficamente.<\/p>\n\n\n\n<p>Si tienes cualquier dificultad para canjear el cup\u00f3n,&nbsp;<a href=\"https:\/\/www.renfe.com\/es\/es\/viajar\/prepara-tu-viaje\/descuentos\/congresos-y-eventos\/tutorial.html\" target=\"_blank\" rel=\"noreferrer noopener\">puedes seguir los pasos de este tutorial.<\/a><\/p>\n\n\n\n<h2 class=\"wp-block-heading\">Condiciones del descuento<\/h2>\n\n\n\n<ul class=\"wp-block-list\">\n<li>V\u00e1lido para compra de billetes por internet o mediante la presentaci\u00f3n de este documento impreso en cualquier punto de venta Renfe (estaciones con venta presencial y agencias de viaje).<\/li>\n\n\n\n<li>Podr\u00e1s obtener billetes en recorridos nacionales de ida y\/o iegreso con origen y destino en las estaciones Madrid Atocha, Madrid-Chamart\u00edn-Clara Campoamor, Madrid-Puerta de Atocha-Almudena Grandes.\u00a0<strong>Solo AVE-Larga distancia<\/strong>.<\/li>\n\n\n\n<li>Las fechas del viaje tienen que estar comprendidas entre el 4 y el 9 de Marzo de 2026.<\/li>\n\n\n\n<li>No est\u00e1n autorizadas las paradas en ruta, salvo en los casos obligados por cambio de tren.<\/li>\n\n\n\n<li>La autorizaci\u00f3n, impresa o PDF en el m\u00f3vil, ser\u00e1 mostrada tanto en control de acceso como al Interventor\/Supervisor del tren junto al billete, siendo obligatorio llevarlo durante todo el recorrido.<\/li>\n\n\n\n<li>No acumulable a ninguna otra oferta comercial, como la tarifa ida\/vuelta.<\/li>\n<\/ul>\n\n\n\n<h2 class=\"wp-block-heading\">Guarda tu Autorizaci\u00f3n<\/h2>\n\n\n\n<p>En el email de confirmaci\u00f3n de compra de tu entrada, te hemos proporcionado el enlace para descargar el PDF con la autorizaci\u00f3n de Renfe, que&nbsp;<strong>deber\u00e1s llevar contigo<\/strong>&nbsp;durante todo el recorrido.<\/p>\n\n\n\n<p>Si la compra de tus billetes la realizas personalmente en una estaci\u00f3n o en una agencia de viajes, deber\u00e1s mostrarles el documento con la autorizaci\u00f3n para que puedan aplicarte el descuento.<\/p>\n\n\n\n<p>Adem\u00e1s, esta autorizaci\u00f3n deber\u00e1 ser mostrada, junto con tu billete, al personal de Renfe siempre que te lo soliciten (control de acceso, interventor o supervisor).<\/p>\n","protected":false},"excerpt":{"rendered":"<p>Viendo el ritmo de venta que llevan las entradas para WordCamp Madrid 2026, damos por hecho que te gusta\u00a0preparar tu viaje con antelaci\u00f3n, no solo para poder organizarte mejor, sino para obtener los\u00a0mejores precios\u00a0a la hora de reservar tu medio de transporte y alojamiento en Madrid. Descuento para tu viaje en Renfe En esta ocasi\u00f3n, [&hellip;]<\/p>\n","protected":false},"author":21018711,"featured_media":0,"parent":0,"menu_order":0,"comment_status":"closed","ping_status":"closed","template":"","meta":{"jetpack_post_was_ever_published":false,"footnotes":""},"class_list":["post-730","page","type-page","status-publish","hentry"],"jetpack_sharing_enabled":true,"_links":{"self":[{"href":"https:\/\/madrid.wordcamp.org\/2026\/wp-json\/wp\/v2\/pages\/730","targetHints":{"allow":["GET"]}}],"collection":[{"href":"https:\/\/madrid.wordcamp.org\/2026\/wp-json\/wp\/v2\/pages"}],"about":[{"href":"https:\/\/madrid.wordcamp.org\/2026\/wp-json\/wp\/v2\/types\/page"}],"author":[{"embeddable":true,"href":"https:\/\/madrid.wordcamp.org\/2026\/wp-json\/wp\/v2\/users\/21018711"}],"replies":[{"embeddable":true,"href":"https:\/\/madrid.wordcamp.org\/2026\/wp-json\/wp\/v2\/comments?post=730"}],"version-history":[{"count":1,"href":"https:\/\/madrid.wordcamp.org\/2026\/wp-json\/wp\/v2\/pages\/730\/revisions"}],"predecessor-version":[{"id":731,"href":"https:\/\/madrid.wordcamp.org\/2026\/wp-json\/wp\/v2\/pages\/730\/revisions\/731"}],"wp:attachment":[{"href":"https:\/\/madrid.wordcamp.org\/2026\/wp-json\/wp\/v2\/media?parent=730"}],"curies":[{"name":"wp","href":"https:\/\/api.w.org\/{rel}","templated":true}]}}