{"id":770,"date":"2026-02-04T21:58:24","date_gmt":"2026-02-04T20:58:24","guid":{"rendered":"https:\/\/madrid.wordcamp.org\/2026\/?page_id=770"},"modified":"2026-02-04T21:58:24","modified_gmt":"2026-02-04T20:58:24","slug":"fototeca","status":"publish","type":"page","link":"https:\/\/madrid.wordcamp.org\/2026\/fototeca\/","title":{"rendered":"Fototeca"},"content":{"rendered":"\n<p>Un peque\u00f1o resumen de la pasada WordCamp Madrid 2025 de un vistazo. Si a\u00fan o no has vivido la experiencia WordCamp (o si ya eres de los que repiten), esta galer\u00eda de fotos te adentrar\u00e1 en WordCamp Madrid.<\/p>\n\n\n\n<p>Gracias a todas las personas que lo hicieron posible \u2014organizadores, ponentes, voluntariado, patrocinadores y asistentes\u2014 por convertir WordCamp Madrid 2025 en una experiencia que se recuerda, no solo por lo que se aprendi\u00f3, sino por lo que se sinti\u00f3. \ud83d\udc9c<\/p>\n\n\n\n<div class=\"wp-block-jetpack-tiled-gallery aligncenter is-style-rectangular\"><div class=\"\"><div class=\"tiled-gallery__gallery\"><div class=\"tiled-gallery__row\"><div class=\"tiled-gallery__col\" style=\"flex-basis:34.95264%\"><figure class=\"tiled-gallery__item\"><img decoding=\"async\" srcset=\"https:\/\/i0.wp.com\/madrid.wordcamp.org\/2026\/files\/2026\/02\/WhatsApp-Image-2026-02-04-at-21.04.29-1024x576.jpeg?strip=info&#038;w=600&#038;ssl=1 600w,https:\/\/i0.wp.com\/madrid.wordcamp.org\/2026\/files\/2026\/02\/WhatsApp-Image-2026-02-04-at-21.04.29-1024x576.jpeg?strip=info&#038;w=900&#038;ssl=1 900w,https:\/\/i0.wp.com\/madrid.wordcamp.org\/2026\/files\/2026\/02\/WhatsApp-Image-2026-02-04-at-21.04.29-1024x576.jpeg?strip=info&#038;w=1200&#038;ssl=1 1200w,https:\/\/i0.wp.com\/madrid.wordcamp.org\/2026\/files\/2026\/02\/WhatsApp-Image-2026-02-04-at-21.04.29-1024x576.jpeg?strip=info&#038;w=1500&#038;ssl=1 1500w,https:\/\/i0.wp.com\/madrid.wordcamp.org\/2026\/files\/2026\/02\/WhatsApp-Image-2026-02-04-at-21.04.29-1024x576.jpeg?strip=info&#038;w=1600&#038;ssl=1 1600w\" alt=\"\" data-height=\"900\" data-id=\"769\" data-link=\"https:\/\/madrid.wordcamp.org\/2026\/whatsapp-image-2026-02-04-at-21-04-29\/\" data-url=\"https:\/\/madrid.wordcamp.org\/2026\/files\/2026\/02\/WhatsApp-Image-2026-02-04-at-21.04.29-1024x576.jpeg\" data-width=\"1600\" src=\"https:\/\/i0.wp.com\/madrid.wordcamp.org\/2026\/files\/2026\/02\/WhatsApp-Image-2026-02-04-at-21.04.29-1024x576.jpeg?ssl=1\" data-amp-layout=\"responsive\" \/><\/figure><figure class=\"tiled-gallery__item\"><img decoding=\"async\" srcset=\"https:\/\/i0.wp.com\/madrid.wordcamp.org\/2026\/files\/2026\/02\/WhatsApp-Image-2026-02-04-at-21.03.31-1024x682.jpeg?strip=info&#038;w=600&#038;ssl=1 600w,https:\/\/i0.wp.com\/madrid.wordcamp.org\/2026\/files\/2026\/02\/WhatsApp-Image-2026-02-04-at-21.03.31-1024x682.jpeg?strip=info&#038;w=900&#038;ssl=1 900w,https:\/\/i0.wp.com\/madrid.wordcamp.org\/2026\/files\/2026\/02\/WhatsApp-Image-2026-02-04-at-21.03.31-1024x682.jpeg?strip=info&#038;w=1200&#038;ssl=1 1200w,https:\/\/i0.wp.com\/madrid.wordcamp.org\/2026\/files\/2026\/02\/WhatsApp-Image-2026-02-04-at-21.03.31-1024x682.jpeg?strip=info&#038;w=1500&#038;ssl=1 1500w,https:\/\/i0.wp.com\/madrid.wordcamp.org\/2026\/files\/2026\/02\/WhatsApp-Image-2026-02-04-at-21.03.31-1024x682.jpeg?strip=info&#038;w=1600&#038;ssl=1 1600w\" alt=\"\" data-height=\"1065\" data-id=\"768\" data-link=\"https:\/\/madrid.wordcamp.org\/2026\/whatsapp-image-2026-02-04-at-21-03-31\/\" data-url=\"https:\/\/madrid.wordcamp.org\/2026\/files\/2026\/02\/WhatsApp-Image-2026-02-04-at-21.03.31-1024x682.jpeg\" data-width=\"1600\" src=\"https:\/\/i0.wp.com\/madrid.wordcamp.org\/2026\/files\/2026\/02\/WhatsApp-Image-2026-02-04-at-21.03.31-1024x682.jpeg?ssl=1\" data-amp-layout=\"responsive\" \/><\/figure><\/div><div class=\"tiled-gallery__col\" style=\"flex-basis:65.04736%\"><figure class=\"tiled-gallery__item\"><img decoding=\"async\" srcset=\"https:\/\/i0.wp.com\/madrid.wordcamp.org\/2026\/files\/2026\/02\/WhatsApp-Image-2026-02-04-at-21.02.44-1024x682.jpeg?strip=info&#038;w=600&#038;ssl=1 600w,https:\/\/i0.wp.com\/madrid.wordcamp.org\/2026\/files\/2026\/02\/WhatsApp-Image-2026-02-04-at-21.02.44-1024x682.jpeg?strip=info&#038;w=900&#038;ssl=1 900w,https:\/\/i0.wp.com\/madrid.wordcamp.org\/2026\/files\/2026\/02\/WhatsApp-Image-2026-02-04-at-21.02.44-1024x682.jpeg?strip=info&#038;w=1200&#038;ssl=1 1200w,https:\/\/i0.wp.com\/madrid.wordcamp.org\/2026\/files\/2026\/02\/WhatsApp-Image-2026-02-04-at-21.02.44-1024x682.jpeg?strip=info&#038;w=1500&#038;ssl=1 1500w,https:\/\/i0.wp.com\/madrid.wordcamp.org\/2026\/files\/2026\/02\/WhatsApp-Image-2026-02-04-at-21.02.44-1024x682.jpeg?strip=info&#038;w=1600&#038;ssl=1 1600w\" alt=\"\" data-height=\"1065\" data-id=\"767\" data-link=\"https:\/\/madrid.wordcamp.org\/2026\/whatsapp-image-2026-02-04-at-21-02-44\/\" data-url=\"https:\/\/madrid.wordcamp.org\/2026\/files\/2026\/02\/WhatsApp-Image-2026-02-04-at-21.02.44-1024x682.jpeg\" data-width=\"1600\" src=\"https:\/\/i0.wp.com\/madrid.wordcamp.org\/2026\/files\/2026\/02\/WhatsApp-Image-2026-02-04-at-21.02.44-1024x682.jpeg?ssl=1\" data-amp-layout=\"responsive\" \/><\/figure><\/div><\/div><div class=\"tiled-gallery__row\"><div class=\"tiled-gallery__col\" style=\"flex-basis:64.94715%\"><figure class=\"tiled-gallery__item\"><img decoding=\"async\" srcset=\"https:\/\/i0.wp.com\/madrid.wordcamp.org\/2026\/files\/2026\/02\/WhatsApp-Image-2026-02-04-at-20.58.52-1024x682.jpeg?strip=info&#038;w=600&#038;ssl=1 600w,https:\/\/i0.wp.com\/madrid.wordcamp.org\/2026\/files\/2026\/02\/WhatsApp-Image-2026-02-04-at-20.58.52-1024x682.jpeg?strip=info&#038;w=900&#038;ssl=1 900w,https:\/\/i0.wp.com\/madrid.wordcamp.org\/2026\/files\/2026\/02\/WhatsApp-Image-2026-02-04-at-20.58.52-1024x682.jpeg?strip=info&#038;w=1200&#038;ssl=1 1200w,https:\/\/i0.wp.com\/madrid.wordcamp.org\/2026\/files\/2026\/02\/WhatsApp-Image-2026-02-04-at-20.58.52-1024x682.jpeg?strip=info&#038;w=1500&#038;ssl=1 1500w,https:\/\/i0.wp.com\/madrid.wordcamp.org\/2026\/files\/2026\/02\/WhatsApp-Image-2026-02-04-at-20.58.52-1024x682.jpeg?strip=info&#038;w=1600&#038;ssl=1 1600w\" alt=\"\" data-height=\"1065\" data-id=\"766\" data-link=\"https:\/\/madrid.wordcamp.org\/2026\/whatsapp-image-2026-02-04-at-20-58-52\/\" data-url=\"https:\/\/madrid.wordcamp.org\/2026\/files\/2026\/02\/WhatsApp-Image-2026-02-04-at-20.58.52-1024x682.jpeg\" data-width=\"1600\" src=\"https:\/\/i0.wp.com\/madrid.wordcamp.org\/2026\/files\/2026\/02\/WhatsApp-Image-2026-02-04-at-20.58.52-1024x682.jpeg?ssl=1\" data-amp-layout=\"responsive\" \/><\/figure><\/div><div class=\"tiled-gallery__col\" style=\"flex-basis:35.05285%\"><figure class=\"tiled-gallery__item\"><img decoding=\"async\" srcset=\"https:\/\/i0.wp.com\/madrid.wordcamp.org\/2026\/files\/2026\/02\/WhatsApp-Image-2026-02-04-at-20.54.25-1024x678.jpeg?strip=info&#038;w=600&#038;ssl=1 600w,https:\/\/i0.wp.com\/madrid.wordcamp.org\/2026\/files\/2026\/02\/WhatsApp-Image-2026-02-04-at-20.54.25-1024x678.jpeg?strip=info&#038;w=900&#038;ssl=1 900w,https:\/\/i0.wp.com\/madrid.wordcamp.org\/2026\/files\/2026\/02\/WhatsApp-Image-2026-02-04-at-20.54.25-1024x678.jpeg?strip=info&#038;w=1200&#038;ssl=1 1200w,https:\/\/i0.wp.com\/madrid.wordcamp.org\/2026\/files\/2026\/02\/WhatsApp-Image-2026-02-04-at-20.54.25-1024x678.jpeg?strip=info&#038;w=1500&#038;ssl=1 1500w,https:\/\/i0.wp.com\/madrid.wordcamp.org\/2026\/files\/2026\/02\/WhatsApp-Image-2026-02-04-at-20.54.25-1024x678.jpeg?strip=info&#038;w=1600&#038;ssl=1 1600w\" alt=\"\" data-height=\"1060\" data-id=\"765\" data-link=\"https:\/\/madrid.wordcamp.org\/2026\/whatsapp-image-2026-02-04-at-20-54-25\/\" data-url=\"https:\/\/madrid.wordcamp.org\/2026\/files\/2026\/02\/WhatsApp-Image-2026-02-04-at-20.54.25-1024x678.jpeg\" data-width=\"1600\" src=\"https:\/\/i0.wp.com\/madrid.wordcamp.org\/2026\/files\/2026\/02\/WhatsApp-Image-2026-02-04-at-20.54.25-1024x678.jpeg?ssl=1\" data-amp-layout=\"responsive\" \/><\/figure><figure class=\"tiled-gallery__item\"><img decoding=\"async\" srcset=\"https:\/\/i0.wp.com\/madrid.wordcamp.org\/2026\/files\/2026\/02\/WhatsApp-Image-2026-02-04-at-20.56.37-1024x574.jpeg?strip=info&#038;w=600&#038;ssl=1 600w,https:\/\/i0.wp.com\/madrid.wordcamp.org\/2026\/files\/2026\/02\/WhatsApp-Image-2026-02-04-at-20.56.37-1024x574.jpeg?strip=info&#038;w=900&#038;ssl=1 900w,https:\/\/i0.wp.com\/madrid.wordcamp.org\/2026\/files\/2026\/02\/WhatsApp-Image-2026-02-04-at-20.56.37-1024x574.jpeg?strip=info&#038;w=1200&#038;ssl=1 1200w,https:\/\/i0.wp.com\/madrid.wordcamp.org\/2026\/files\/2026\/02\/WhatsApp-Image-2026-02-04-at-20.56.37-1024x574.jpeg?strip=info&#038;w=1500&#038;ssl=1 1500w,https:\/\/i0.wp.com\/madrid.wordcamp.org\/2026\/files\/2026\/02\/WhatsApp-Image-2026-02-04-at-20.56.37-1024x574.jpeg?strip=info&#038;w=1800&#038;ssl=1 1800w,https:\/\/i0.wp.com\/madrid.wordcamp.org\/2026\/files\/2026\/02\/WhatsApp-Image-2026-02-04-at-20.56.37-1024x574.jpeg?strip=info&#038;w=2000&#038;ssl=1 2000w\" alt=\"\" data-height=\"1434\" data-id=\"764\" data-link=\"https:\/\/madrid.wordcamp.org\/2026\/whatsapp-image-2026-02-04-at-20-56-37\/\" data-url=\"https:\/\/madrid.wordcamp.org\/2026\/files\/2026\/02\/WhatsApp-Image-2026-02-04-at-20.56.37-1024x574.jpeg\" data-width=\"2560\" src=\"https:\/\/i0.wp.com\/madrid.wordcamp.org\/2026\/files\/2026\/02\/WhatsApp-Image-2026-02-04-at-20.56.37-1024x574.jpeg?ssl=1\" data-amp-layout=\"responsive\" \/><\/figure><\/div><\/div><div class=\"tiled-gallery__row\"><div class=\"tiled-gallery__col\" style=\"flex-basis:49.41033%\"><figure class=\"tiled-gallery__item\"><img decoding=\"async\" srcset=\"https:\/\/i0.wp.com\/madrid.wordcamp.org\/2026\/files\/2026\/02\/WhatsApp-Image-2026-02-04-at-20.52.52-1024x683.jpeg?strip=info&#038;w=600&#038;ssl=1 600w,https:\/\/i0.wp.com\/madrid.wordcamp.org\/2026\/files\/2026\/02\/WhatsApp-Image-2026-02-04-at-20.52.52-1024x683.jpeg?strip=info&#038;w=900&#038;ssl=1 900w,https:\/\/i0.wp.com\/madrid.wordcamp.org\/2026\/files\/2026\/02\/WhatsApp-Image-2026-02-04-at-20.52.52-1024x683.jpeg?strip=info&#038;w=1200&#038;ssl=1 1200w,https:\/\/i0.wp.com\/madrid.wordcamp.org\/2026\/files\/2026\/02\/WhatsApp-Image-2026-02-04-at-20.52.52-1024x683.jpeg?strip=info&#038;w=1500&#038;ssl=1 1500w,https:\/\/i0.wp.com\/madrid.wordcamp.org\/2026\/files\/2026\/02\/WhatsApp-Image-2026-02-04-at-20.52.52-1024x683.jpeg?strip=info&#038;w=1600&#038;ssl=1 1600w\" alt=\"\" data-height=\"1067\" data-id=\"763\" data-link=\"https:\/\/madrid.wordcamp.org\/2026\/whatsapp-image-2026-02-04-at-20-52-52\/\" data-url=\"https:\/\/madrid.wordcamp.org\/2026\/files\/2026\/02\/WhatsApp-Image-2026-02-04-at-20.52.52-1024x683.jpeg\" data-width=\"1600\" src=\"https:\/\/i0.wp.com\/madrid.wordcamp.org\/2026\/files\/2026\/02\/WhatsApp-Image-2026-02-04-at-20.52.52-1024x683.jpeg?ssl=1\" data-amp-layout=\"responsive\" \/><\/figure><\/div><div class=\"tiled-gallery__col\" style=\"flex-basis:50.58967%\"><figure class=\"tiled-gallery__item\"><img decoding=\"async\" srcset=\"https:\/\/i0.wp.com\/madrid.wordcamp.org\/2026\/files\/2026\/02\/WhatsApp-Image-2026-02-04-at-20.52.14-1024x667.jpeg?strip=info&#038;w=600&#038;ssl=1 600w,https:\/\/i0.wp.com\/madrid.wordcamp.org\/2026\/files\/2026\/02\/WhatsApp-Image-2026-02-04-at-20.52.14-1024x667.jpeg?strip=info&#038;w=900&#038;ssl=1 900w,https:\/\/i0.wp.com\/madrid.wordcamp.org\/2026\/files\/2026\/02\/WhatsApp-Image-2026-02-04-at-20.52.14-1024x667.jpeg?strip=info&#038;w=1200&#038;ssl=1 1200w,https:\/\/i0.wp.com\/madrid.wordcamp.org\/2026\/files\/2026\/02\/WhatsApp-Image-2026-02-04-at-20.52.14-1024x667.jpeg?strip=info&#038;w=1500&#038;ssl=1 1500w,https:\/\/i0.wp.com\/madrid.wordcamp.org\/2026\/files\/2026\/02\/WhatsApp-Image-2026-02-04-at-20.52.14-1024x667.jpeg?strip=info&#038;w=1600&#038;ssl=1 1600w\" alt=\"\" data-height=\"1042\" data-id=\"762\" data-link=\"https:\/\/madrid.wordcamp.org\/2026\/whatsapp-image-2026-02-04-at-20-52-14\/\" data-url=\"https:\/\/madrid.wordcamp.org\/2026\/files\/2026\/02\/WhatsApp-Image-2026-02-04-at-20.52.14-1024x667.jpeg\" data-width=\"1600\" src=\"https:\/\/i0.wp.com\/madrid.wordcamp.org\/2026\/files\/2026\/02\/WhatsApp-Image-2026-02-04-at-20.52.14-1024x667.jpeg?ssl=1\" data-amp-layout=\"responsive\" \/><\/figure><\/div><\/div><\/div><\/div><\/div>\n\n\n\n<div class=\"wp-block-buttons is-content-justification-center is-layout-flex wp-container-core-buttons-is-layout-16018d1d wp-block-buttons-is-layout-flex\">\n<div class=\"wp-block-button\"><a class=\"wp-block-button__link wp-element-button\" href=\"https:\/\/www.flickr.com\/photos\/wordpressphotos\/albums\/72177720324308362\/\">galer\u00eda completa<\/a><\/div>\n<\/div>\n","protected":false},"excerpt":{"rendered":"<p>Un peque\u00f1o resumen de la pasada WordCamp Madrid 2025 de un vistazo. Si a\u00fan o no has vivido la experiencia WordCamp (o si ya eres de los que repiten), esta galer\u00eda de fotos te adentrar\u00e1 en WordCamp Madrid. Gracias a todas las personas que lo hicieron posible \u2014organizadores, ponentes, voluntariado, patrocinadores y asistentes\u2014 por convertir [&hellip;]<\/p>\n","protected":false},"author":21018711,"featured_media":0,"parent":0,"menu_order":0,"comment_status":"closed","ping_status":"closed","template":"","meta":{"jetpack_post_was_ever_published":false,"footnotes":""},"class_list":["post-770","page","type-page","status-publish","hentry"],"jetpack_sharing_enabled":true,"_links":{"self":[{"href":"https:\/\/madrid.wordcamp.org\/2026\/wp-json\/wp\/v2\/pages\/770","targetHints":{"allow":["GET"]}}],"collection":[{"href":"https:\/\/madrid.wordcamp.org\/2026\/wp-json\/wp\/v2\/pages"}],"about":[{"href":"https:\/\/madrid.wordcamp.org\/2026\/wp-json\/wp\/v2\/types\/page"}],"author":[{"embeddable":true,"href":"https:\/\/madrid.wordcamp.org\/2026\/wp-json\/wp\/v2\/users\/21018711"}],"replies":[{"embeddable":true,"href":"https:\/\/madrid.wordcamp.org\/2026\/wp-json\/wp\/v2\/comments?post=770"}],"version-history":[{"count":1,"href":"https:\/\/madrid.wordcamp.org\/2026\/wp-json\/wp\/v2\/pages\/770\/revisions"}],"predecessor-version":[{"id":771,"href":"https:\/\/madrid.wordcamp.org\/2026\/wp-json\/wp\/v2\/pages\/770\/revisions\/771"}],"wp:attachment":[{"href":"https:\/\/madrid.wordcamp.org\/2026\/wp-json\/wp\/v2\/media?parent=770"}],"curies":[{"name":"wp","href":"https:\/\/api.w.org\/{rel}","templated":true}]}}